{"id":132,"date":"2024-08-06T20:01:01","date_gmt":"2024-08-06T20:01:01","guid":{"rendered":"https:\/\/www.enturtravel.com\/?page_id=132"},"modified":"2024-09-06T19:59:38","modified_gmt":"2024-09-06T19:59:38","slug":"uludag-turu","status":"publish","type":"page","link":"http:\/\/www.enturtravel.com\/index.php\/uludag-turu\/","title":{"rendered":"Uluda\u011f Turu"},"content":{"rendered":"\n<p>K\u0131\u015f\u0131n b\u00fcy\u00fcl\u00fc atmosferinde hem tarih hem de do\u011fa dolu bir macera ya\u015famak ister misiniz? Entur ile d\u00fczenledi\u011fimiz Bursa Uluda\u011f turunda, tarihi Cumal\u0131k\u0131z\u0131k k\u00f6y\u00fcnde zamanda yolculuk yapacak, Osman Gazi ve Orhan Gazi t\u00fcrbeleriyle Osmanl\u0131\u2019n\u0131n k\u00f6klerine ineceksiniz. Ulucami\u2019nin b\u00fcy\u00fcleyici mimarisine hayran kal\u0131rken, Tophane\u2019den Bursa manzaras\u0131na kar\u015f\u0131 huzur bulacaks\u0131n\u0131z. Uluda\u011f\u2019da kayak keyfi ise size unutulmaz bir k\u0131\u015f tatili sunacak.<\/p>\n\n\n\n<p>T\u00fcm bu ayr\u0131cal\u0131kl\u0131 deneyimleri g\u00fcven ve konforla ya\u015famak i\u00e7in turumuza kat\u0131l\u0131n, an\u0131lar\u0131n\u0131z\u0131 zenginle\u015ftirin!<\/p>\n\n\n\n<figure class=\"wp-block-gallery has-nested-images columns-default is-cropped wp-block-gallery-1 is-layout-flex wp-block-gallery-is-layout-flex\">\n<figure class=\"wp-block-image size-large\"><img loading=\"lazy\" decoding=\"async\" width=\"724\" height=\"1024\" data-id=\"548\" src=\"https:\/\/www.enturtravel.com\/wp-content\/uploads\/2024\/09\/57-1-724x1024.png\" alt=\"\" class=\"wp-image-548\" srcset=\"http:\/\/www.enturtravel.com\/wp-content\/uploads\/2024\/09\/57-1-724x1024.png 724w, http:\/\/www.enturtravel.com\/wp-content\/uploads\/2024\/09\/57-1-212x300.png 212w, http:\/\/www.enturtravel.com\/wp-content\/uploads\/2024\/09\/57-1-768x1086.png 768w, http:\/\/www.enturtravel.com\/wp-content\/uploads\/2024\/09\/57-1-1086x1536.png 1086w, http:\/\/www.enturtravel.com\/wp-content\/uploads\/2024\/09\/57-1.png 1414w\" sizes=\"(max-width: 724px) 100vw, 724px\" \/><\/figure>\n<\/figure>\n\n\n\n<figure class=\"wp-block-gallery has-nested-images columns-default is-cropped wp-block-gallery-2 is-layout-flex wp-block-gallery-is-layout-flex\">\n<figure class=\"wp-block-image size-large\"><img loading=\"lazy\" decoding=\"async\" width=\"724\" height=\"1024\" data-id=\"549\" src=\"https:\/\/www.enturtravel.com\/wp-content\/uploads\/2024\/09\/58-724x1024.png\" alt=\"\" class=\"wp-image-549\" srcset=\"http:\/\/www.enturtravel.com\/wp-content\/uploads\/2024\/09\/58-724x1024.png 724w, http:\/\/www.enturtravel.com\/wp-content\/uploads\/2024\/09\/58-212x300.png 212w, http:\/\/www.enturtravel.com\/wp-content\/uploads\/2024\/09\/58-768x1086.png 768w, http:\/\/www.enturtravel.com\/wp-content\/uploads\/2024\/09\/58-1086x1536.png 1086w, http:\/\/www.enturtravel.com\/wp-content\/uploads\/2024\/09\/58.png 1414w\" sizes=\"(max-width: 724px) 100vw, 724px\" \/><\/figure>\n<\/figure>\n","protected":false},"excerpt":{"rendered":"<p>K\u0131\u015f\u0131n b\u00fcy\u00fcl\u00fc atmosferinde hem tarih hem de do\u011fa dolu bir macera ya\u015famak ister misiniz? Entur ile d\u00fczenledi\u011fimiz Bursa Uluda\u011f turunda, tarihi Cumal\u0131k\u0131z\u0131k k\u00f6y\u00fcnde zamanda yolculuk [&#8230;]<\/p>\n","protected":false},"author":1,"featured_media":0,"parent":0,"menu_order":0,"comment_status":"closed","ping_status":"closed","template":"","meta":{"footnotes":""},"class_list":["post-132","page","type-page","status-publish","hentry"],"_links":{"self":[{"href":"http:\/\/www.enturtravel.com\/index.php\/wp-json\/wp\/v2\/pages\/132"}],"collection":[{"href":"http:\/\/www.enturtravel.com\/index.php\/wp-json\/wp\/v2\/pages"}],"about":[{"href":"http:\/\/www.enturtravel.com\/index.php\/wp-json\/wp\/v2\/types\/page"}],"author":[{"embeddable":true,"href":"http:\/\/www.enturtravel.com\/index.php\/wp-json\/wp\/v2\/users\/1"}],"replies":[{"embeddable":true,"href":"http:\/\/www.enturtravel.com\/index.php\/wp-json\/wp\/v2\/comments?post=132"}],"version-history":[{"count":2,"href":"http:\/\/www.enturtravel.com\/index.php\/wp-json\/wp\/v2\/pages\/132\/revisions"}],"predecessor-version":[{"id":550,"href":"http:\/\/www.enturtravel.com\/index.php\/wp-json\/wp\/v2\/pages\/132\/revisions\/550"}],"wp:attachment":[{"href":"http:\/\/www.enturtravel.com\/index.php\/wp-json\/wp\/v2\/media?parent=132"}],"curies":[{"name":"wp","href":"https:\/\/api.w.org\/{rel}","templated":true}]}}