{"id":176,"date":"2024-08-06T20:58:56","date_gmt":"2024-08-06T20:58:56","guid":{"rendered":"https:\/\/www.enturtravel.com\/?page_id=176"},"modified":"2024-09-06T20:40:11","modified_gmt":"2024-09-06T20:40:11","slug":"kartepe-turu","status":"publish","type":"page","link":"http:\/\/www.enturtravel.com\/index.php\/kartepe-turu\/","title":{"rendered":"Kartepe Turu"},"content":{"rendered":"\n<p>K\u0131\u015f\u0131n ve do\u011fan\u0131n en g\u00fczel bulu\u015ftu\u011fu yerde, unutulmaz bir tatile haz\u0131r olun! Entur\u2019un d\u00fczenledi\u011fi Kartepe turunda, Ma\u015fukiye\u2019nin huzur dolu do\u011fas\u0131nda keyifli y\u00fcr\u00fcy\u00fc\u015fler yapacak, Kartepe\u2019de kayak yaparak adrenalin dolu anlar ya\u015fayacaks\u0131n\u0131z. Ormanya\u2019n\u0131n e\u015fsiz do\u011fal g\u00fczellikleri aras\u0131nda huzur bulurken, Abant G\u00f6l\u00fc\u2019n\u00fcn b\u00fcy\u00fcleyici manzaras\u0131nda foto\u011fraf \u00e7ekme f\u0131rsat\u0131n\u0131 ka\u00e7\u0131rmay\u0131n.<\/p>\n\n\n\n<p>Do\u011fa ve macerayla i\u00e7 i\u00e7e bu benzersiz deneyimi g\u00fcvenle ya\u015famak i\u00e7in bize kat\u0131l\u0131n, unutulmaz an\u0131lar biriktirin!<\/p>\n\n\n\n<figure class=\"wp-block-gallery has-nested-images columns-default is-cropped wp-block-gallery-1 is-layout-flex wp-block-gallery-is-layout-flex\">\n<figure class=\"wp-block-image size-large\"><img loading=\"lazy\" decoding=\"async\" width=\"724\" height=\"1024\" data-id=\"552\" src=\"https:\/\/www.enturtravel.com\/wp-content\/uploads\/2024\/09\/61-724x1024.png\" alt=\"\" class=\"wp-image-552\" srcset=\"http:\/\/www.enturtravel.com\/wp-content\/uploads\/2024\/09\/61-724x1024.png 724w, http:\/\/www.enturtravel.com\/wp-content\/uploads\/2024\/09\/61-212x300.png 212w, http:\/\/www.enturtravel.com\/wp-content\/uploads\/2024\/09\/61-768x1086.png 768w, http:\/\/www.enturtravel.com\/wp-content\/uploads\/2024\/09\/61-1086x1536.png 1086w, http:\/\/www.enturtravel.com\/wp-content\/uploads\/2024\/09\/61.png 1414w\" sizes=\"(max-width: 724px) 100vw, 724px\" \/><\/figure>\n<\/figure>\n\n\n\n<figure class=\"wp-block-gallery has-nested-images columns-default is-cropped wp-block-gallery-2 is-layout-flex wp-block-gallery-is-layout-flex\">\n<figure class=\"wp-block-image size-large\"><img loading=\"lazy\" decoding=\"async\" width=\"724\" height=\"1024\" data-id=\"553\" src=\"https:\/\/www.enturtravel.com\/wp-content\/uploads\/2024\/09\/62-724x1024.png\" alt=\"\" class=\"wp-image-553\" srcset=\"http:\/\/www.enturtravel.com\/wp-content\/uploads\/2024\/09\/62-724x1024.png 724w, http:\/\/www.enturtravel.com\/wp-content\/uploads\/2024\/09\/62-212x300.png 212w, http:\/\/www.enturtravel.com\/wp-content\/uploads\/2024\/09\/62-768x1086.png 768w, http:\/\/www.enturtravel.com\/wp-content\/uploads\/2024\/09\/62-1086x1536.png 1086w, http:\/\/www.enturtravel.com\/wp-content\/uploads\/2024\/09\/62.png 1414w\" sizes=\"(max-width: 724px) 100vw, 724px\" \/><\/figure>\n<\/figure>\n","protected":false},"excerpt":{"rendered":"<p>K\u0131\u015f\u0131n ve do\u011fan\u0131n en g\u00fczel bulu\u015ftu\u011fu yerde, unutulmaz bir tatile haz\u0131r olun! Entur\u2019un d\u00fczenledi\u011fi Kartepe turunda, Ma\u015fukiye\u2019nin huzur dolu do\u011fas\u0131nda keyifli y\u00fcr\u00fcy\u00fc\u015fler yapacak, Kartepe\u2019de kayak [&#8230;]<\/p>\n","protected":false},"author":1,"featured_media":0,"parent":0,"menu_order":0,"comment_status":"closed","ping_status":"closed","template":"","meta":{"footnotes":""},"class_list":["post-176","page","type-page","status-publish","hentry"],"_links":{"self":[{"href":"http:\/\/www.enturtravel.com\/index.php\/wp-json\/wp\/v2\/pages\/176"}],"collection":[{"href":"http:\/\/www.enturtravel.com\/index.php\/wp-json\/wp\/v2\/pages"}],"about":[{"href":"http:\/\/www.enturtravel.com\/index.php\/wp-json\/wp\/v2\/types\/page"}],"author":[{"embeddable":true,"href":"http:\/\/www.enturtravel.com\/index.php\/wp-json\/wp\/v2\/users\/1"}],"replies":[{"embeddable":true,"href":"http:\/\/www.enturtravel.com\/index.php\/wp-json\/wp\/v2\/comments?post=176"}],"version-history":[{"count":3,"href":"http:\/\/www.enturtravel.com\/index.php\/wp-json\/wp\/v2\/pages\/176\/revisions"}],"predecessor-version":[{"id":554,"href":"http:\/\/www.enturtravel.com\/index.php\/wp-json\/wp\/v2\/pages\/176\/revisions\/554"}],"wp:attachment":[{"href":"http:\/\/www.enturtravel.com\/index.php\/wp-json\/wp\/v2\/media?parent=176"}],"curies":[{"name":"wp","href":"https:\/\/api.w.org\/{rel}","templated":true}]}}