{"id":185,"date":"2024-08-06T21:02:42","date_gmt":"2024-08-06T21:02:42","guid":{"rendered":"https:\/\/www.enturtravel.com\/?page_id=185"},"modified":"2024-09-03T21:24:21","modified_gmt":"2024-09-03T21:24:21","slug":"fethiye-turu","status":"publish","type":"page","link":"http:\/\/www.enturtravel.com\/index.php\/fethiye-turu\/","title":{"rendered":"Fethiye Turu"},"content":{"rendered":"\n<p>Fethiye&#8217;nin B\u00fcy\u00fcs\u00fcn\u00fc Ke\u015ffedin!<\/p>\n\n\n\n<p>Sizleri, do\u011fan\u0131n kalbinde unutulmaz bir yolculu\u011fa \u00e7\u0131karmak i\u00e7in Fethiye&#8217;ye davet ediyoruz! En Turizm ile Fethiye&#8217;nin benzersiz g\u00fczelliklerini ke\u015ffetmeye haz\u0131r m\u0131s\u0131n\u0131z?<\/p>\n\n\n\n<p>Mavi ve ye\u015filin en saf tonlar\u0131n\u0131 bir arada bulabilece\u011finiz Fethiye&#8217;de, \u00d6l\u00fcdeniz&#8217;in e\u015fsiz manzaras\u0131nda huzuru, tarihi Likya Yolu&#8217;nda ge\u00e7mi\u015fin izlerini ve Babada\u011f&#8217;dan yapaca\u011f\u0131n\u0131z yama\u00e7 para\u015f\u00fct\u00fc ile adrenalini ya\u015fayacaks\u0131n\u0131z. Kristal berrakl\u0131\u011f\u0131ndaki denizinde serinlerken, kumsallar\u0131nda g\u00fcne\u015fin tad\u0131n\u0131 \u00e7\u0131karacak, do\u011fa y\u00fcr\u00fcy\u00fc\u015fleri ve tekne turlar\u0131yla ke\u015ffedilmemi\u015f koylara ula\u015facaks\u0131n\u0131z.<\/p>\n\n\n\n<p>En Turizm olarak sizlere kaliteli, g\u00fcvenli ve keyif dolu bir seyahat deneyimi sunmay\u0131 hedefliyoruz. Profesyonel rehberlerimiz e\u015fli\u011finde b\u00f6lgenin tarihi, k\u00fclt\u00fcrel ve do\u011fal zenginliklerini ke\u015ffederken, l\u00fcks otel konaklamalar\u0131 ve lezzetli yerel tatlarla kendinizi \u015f\u0131martacaks\u0131n\u0131z.<\/p>\n\n\n\n<figure class=\"wp-block-gallery has-nested-images columns-default is-cropped wp-block-gallery-1 is-layout-flex wp-block-gallery-is-layout-flex\">\n<figure class=\"wp-block-image size-large\"><img loading=\"lazy\" decoding=\"async\" width=\"724\" height=\"1024\" data-id=\"508\" src=\"https:\/\/www.enturtravel.com\/wp-content\/uploads\/2024\/09\/48-724x1024.png\" alt=\"\" class=\"wp-image-508\" srcset=\"http:\/\/www.enturtravel.com\/wp-content\/uploads\/2024\/09\/48-724x1024.png 724w, http:\/\/www.enturtravel.com\/wp-content\/uploads\/2024\/09\/48-212x300.png 212w, http:\/\/www.enturtravel.com\/wp-content\/uploads\/2024\/09\/48-768x1086.png 768w, http:\/\/www.enturtravel.com\/wp-content\/uploads\/2024\/09\/48-1086x1536.png 1086w, http:\/\/www.enturtravel.com\/wp-content\/uploads\/2024\/09\/48.png 1414w\" sizes=\"(max-width: 724px) 100vw, 724px\" \/><\/figure>\n<\/figure>\n\n\n\n<figure class=\"wp-block-gallery has-nested-images columns-default is-cropped wp-block-gallery-2 is-layout-flex wp-block-gallery-is-layout-flex\">\n<figure class=\"wp-block-image size-large\"><img loading=\"lazy\" decoding=\"async\" width=\"724\" height=\"1024\" data-id=\"509\" src=\"https:\/\/www.enturtravel.com\/wp-content\/uploads\/2024\/09\/49-724x1024.png\" alt=\"\" class=\"wp-image-509\" srcset=\"http:\/\/www.enturtravel.com\/wp-content\/uploads\/2024\/09\/49-724x1024.png 724w, http:\/\/www.enturtravel.com\/wp-content\/uploads\/2024\/09\/49-212x300.png 212w, http:\/\/www.enturtravel.com\/wp-content\/uploads\/2024\/09\/49-768x1086.png 768w, http:\/\/www.enturtravel.com\/wp-content\/uploads\/2024\/09\/49-1086x1536.png 1086w, http:\/\/www.enturtravel.com\/wp-content\/uploads\/2024\/09\/49.png 1414w\" sizes=\"(max-width: 724px) 100vw, 724px\" \/><\/figure>\n<\/figure>\n","protected":false},"excerpt":{"rendered":"<p>Fethiye&#8217;nin B\u00fcy\u00fcs\u00fcn\u00fc Ke\u015ffedin! Sizleri, do\u011fan\u0131n kalbinde unutulmaz bir yolculu\u011fa \u00e7\u0131karmak i\u00e7in Fethiye&#8217;ye davet ediyoruz! En Turizm ile Fethiye&#8217;nin benzersiz g\u00fczelliklerini ke\u015ffetmeye haz\u0131r m\u0131s\u0131n\u0131z? Mavi ve [&#8230;]<\/p>\n","protected":false},"author":1,"featured_media":0,"parent":0,"menu_order":0,"comment_status":"closed","ping_status":"closed","template":"","meta":{"footnotes":""},"class_list":["post-185","page","type-page","status-publish","hentry"],"_links":{"self":[{"href":"http:\/\/www.enturtravel.com\/index.php\/wp-json\/wp\/v2\/pages\/185"}],"collection":[{"href":"http:\/\/www.enturtravel.com\/index.php\/wp-json\/wp\/v2\/pages"}],"about":[{"href":"http:\/\/www.enturtravel.com\/index.php\/wp-json\/wp\/v2\/types\/page"}],"author":[{"embeddable":true,"href":"http:\/\/www.enturtravel.com\/index.php\/wp-json\/wp\/v2\/users\/1"}],"replies":[{"embeddable":true,"href":"http:\/\/www.enturtravel.com\/index.php\/wp-json\/wp\/v2\/comments?post=185"}],"version-history":[{"count":3,"href":"http:\/\/www.enturtravel.com\/index.php\/wp-json\/wp\/v2\/pages\/185\/revisions"}],"predecessor-version":[{"id":510,"href":"http:\/\/www.enturtravel.com\/index.php\/wp-json\/wp\/v2\/pages\/185\/revisions\/510"}],"wp:attachment":[{"href":"http:\/\/www.enturtravel.com\/index.php\/wp-json\/wp\/v2\/media?parent=185"}],"curies":[{"name":"wp","href":"https:\/\/api.w.org\/{rel}","templated":true}]}}