{"id":190,"date":"2024-08-06T21:07:05","date_gmt":"2024-08-06T21:07:05","guid":{"rendered":"https:\/\/www.enturtravel.com\/?page_id=190"},"modified":"2024-08-27T20:54:34","modified_gmt":"2024-08-27T20:54:34","slug":"canakkale-turu","status":"publish","type":"page","link":"http:\/\/www.enturtravel.com\/index.php\/canakkale-turu\/","title":{"rendered":"\u00c7anakkale Turu"},"content":{"rendered":"\n<p><em>Entur ile \u00c7anakkale: \u015eanl\u0131 Tarihin \u0130zinde Unutulmaz Bir Yolculuk<\/em><\/p>\n\n\n\n<p>\u00c7anakkale, T\u00fcrk milletinin kahramanl\u0131k destan\u0131n\u0131n yaz\u0131ld\u0131\u011f\u0131, vatan u\u011fruna canlar\u0131n\u0131 feda eden \u015fehitlerimizin aziz hat\u0131ras\u0131n\u0131 ya\u015fatan bir yerdir. Entur g\u00fcvencesiyle d\u00fczenledi\u011fimiz \u00c7anakkale \u015eehitlik Turu\u2019nda, bu kutsal topraklarda tarihin izinde derin bir yolculu\u011fa \u00e7\u0131kacak, ecdad\u0131m\u0131z\u0131n kahramanl\u0131klar\u0131n\u0131 yerinde hissedeceksiniz.<\/p>\n\n\n\n<h3 class=\"wp-block-heading\"><em>Gelibolu Yar\u0131madas\u0131: Destan\u0131n Yaz\u0131ld\u0131\u011f\u0131 Topraklar<\/em><\/h3>\n\n\n\n<p>Turumuza, \u00c7anakkale Sava\u015f\u0131\u2019n\u0131n en \u015fiddetli \u00e7arp\u0131\u015fmalar\u0131n\u0131n ya\u015fand\u0131\u011f\u0131 Gelibolu Yar\u0131madas\u0131\u2019ndan ba\u015fl\u0131yoruz. Bu topraklar, T\u00fcrk milletinin var olma m\u00fccadelesinin verildi\u011fi, her kar\u0131\u015f\u0131nda bir kahramanl\u0131k \u00f6yk\u00fcs\u00fcn\u00fcn yatt\u0131\u011f\u0131 kutsal bir mekand\u0131r. \u015eehitlikleri ziyaret ederken, tarihin derinliklerinde bir yolculuk yapacak ve atalar\u0131m\u0131z\u0131n g\u00f6sterdi\u011fi b\u00fcy\u00fck fedakarl\u0131\u011f\u0131 yerinde hissedeceksiniz.<\/p>\n\n\n\n<h3 class=\"wp-block-heading\"><em>\u015eehitler Abidesi: Vatan Sevgisinin Abidesi<\/em><\/h3>\n\n\n\n<p>\u00c7anakkale Bo\u011faz\u0131\u2019na h\u00e2kim bir tepede yer alan \u015eehitler Abidesi, bu destans\u0131 m\u00fccadelenin simgesi olarak y\u00fckseliyor. Bu g\u00f6rkemli an\u0131t\u0131 ziyaret ederek, vatan u\u011fruna canlar\u0131n\u0131 feda eden binlerce \u015fehidimize minnet ve \u015f\u00fckranlar\u0131m\u0131z\u0131 sunaca\u011f\u0131z. Abide, sadece bir an\u0131t de\u011fil, ayn\u0131 zamanda T\u00fcrk milletinin vatan sevgisinin ve ba\u011f\u0131ms\u0131zl\u0131k ruhunun \u00f6l\u00fcms\u00fczle\u015fti\u011fi bir mekand\u0131r.<\/p>\n\n\n\n<h3 class=\"wp-block-heading\"><em>Conkbay\u0131r\u0131 ve Anafartalar: Mustafa Kemal\u2019in \u0130zinde<\/em><\/h3>\n\n\n\n<p>\u00c7anakkale Sava\u015f\u0131\u2019n\u0131n d\u00f6n\u00fcm noktalar\u0131ndan biri olan Conkbay\u0131r\u0131, Mustafa Kemal Atat\u00fcrk\u2019\u00fcn b\u00fcy\u00fck liderlik yetene\u011fini sergiledi\u011fi ve T\u00fcrk milletinin kaderini de\u011fi\u015ftirdi\u011fi bir yerdir. Anafartalar\u2019da ise Atat\u00fcrk\u2019\u00fcn &#8220;Ben size taarruzu de\u011fil, \u00f6lmeyi emrediyorum&#8221; s\u00f6zlerinin yank\u0131land\u0131\u011f\u0131 o tarihi anlar\u0131 ad\u0131m ad\u0131m ya\u015fayacak, ecdad\u0131m\u0131z\u0131n cesaretini ve kararl\u0131l\u0131\u011f\u0131n\u0131 yerinde hissedeceksiniz.<\/p>\n\n\n\n<h3 class=\"wp-block-heading\"><em>57. Alay \u015eehitli\u011fi: Kahramanlar\u0131n Hik\u00e2yesi<\/em><\/h3>\n\n\n\n<p>\u00c7anakkale Sava\u015f\u0131\u2019n\u0131n en \u00f6nemli kahramanlar\u0131ndan biri olan 57. Alay\u2019\u0131n \u015fehitlik alan\u0131n\u0131 ziyaret ediyoruz. Tamam\u0131 \u015fehit olan bu kahraman alay\u0131n fedakarl\u0131\u011f\u0131n\u0131 ve cesaretini anarak, bu topraklar i\u00e7in verilen b\u00fcy\u00fck m\u00fccadeleyi bir kez daha hat\u0131rlayaca\u011f\u0131z. 57. Alay \u015eehitli\u011fi, T\u00fcrk milletinin ba\u011f\u0131ms\u0131zl\u0131k ve \u00f6zg\u00fcrl\u00fck u\u011fruna g\u00f6sterdi\u011fi e\u015fsiz direni\u015fin simgesidir.<\/p>\n\n\n\n<h3 class=\"wp-block-heading\"><em>Kilitbahir Kalesi: Tarihin Sessiz Tan\u0131\u011f\u0131<\/em><\/h3>\n\n\n\n<p>Bo\u011faz\u0131n k\u0131y\u0131s\u0131nda yer alan Kilitbahir Kalesi, \u00c7anakkale Bo\u011faz\u0131\u2019n\u0131n savunmas\u0131nda b\u00fcy\u00fck rol oynam\u0131\u015f bir yap\u0131 olarak tarihimize tan\u0131kl\u0131k ediyor. Bu tarihi kaleyi ziyaret ederek, bo\u011faz savunmas\u0131n\u0131n \u00f6nemini ve stratejik de\u011ferini yerinde g\u00f6recek, ge\u00e7mi\u015fin izlerini s\u00fcreceksiniz.<\/p>\n\n\n\n<p><em>Entur ile \u00c7anakkale \u015eehitlik Turu, size \u015fanl\u0131 tarihimizin izinde, vatan u\u011fruna canlar\u0131n\u0131 feda eden kahramanlar\u0131m\u0131z\u0131 anma ve tarihin derinliklerinde bir yolculuk yapma f\u0131rsat\u0131 sunuyor. Bu \u00f6zel turda, \u00c7anakkale Destan\u0131\u2019n\u0131 yerinde hissedecek ve ecdad\u0131m\u0131z\u0131n fedakarl\u0131klar\u0131n\u0131 onurland\u0131racaks\u0131n\u0131z.<\/em><\/p>\n\n\n\n<figure class=\"wp-block-gallery has-nested-images columns-default is-cropped wp-block-gallery-1 is-layout-flex wp-block-gallery-is-layout-flex\">\n<figure class=\"wp-block-image size-large\"><img loading=\"lazy\" decoding=\"async\" width=\"724\" height=\"1024\" data-id=\"491\" src=\"https:\/\/www.enturtravel.com\/wp-content\/uploads\/2024\/08\/42-724x1024.png\" alt=\"\" class=\"wp-image-491\" srcset=\"http:\/\/www.enturtravel.com\/wp-content\/uploads\/2024\/08\/42-724x1024.png 724w, http:\/\/www.enturtravel.com\/wp-content\/uploads\/2024\/08\/42-212x300.png 212w, http:\/\/www.enturtravel.com\/wp-content\/uploads\/2024\/08\/42-768x1086.png 768w, http:\/\/www.enturtravel.com\/wp-content\/uploads\/2024\/08\/42-1086x1536.png 1086w, http:\/\/www.enturtravel.com\/wp-content\/uploads\/2024\/08\/42.png 1414w\" sizes=\"(max-width: 724px) 100vw, 724px\" \/><\/figure>\n<\/figure>\n\n\n\n<figure class=\"wp-block-gallery has-nested-images columns-default is-cropped wp-block-gallery-2 is-layout-flex wp-block-gallery-is-layout-flex\">\n<figure class=\"wp-block-image size-large\"><img loading=\"lazy\" decoding=\"async\" width=\"724\" height=\"1024\" data-id=\"492\" src=\"https:\/\/www.enturtravel.com\/wp-content\/uploads\/2024\/08\/43-724x1024.png\" alt=\"\" class=\"wp-image-492\" srcset=\"http:\/\/www.enturtravel.com\/wp-content\/uploads\/2024\/08\/43-724x1024.png 724w, http:\/\/www.enturtravel.com\/wp-content\/uploads\/2024\/08\/43-212x300.png 212w, http:\/\/www.enturtravel.com\/wp-content\/uploads\/2024\/08\/43-768x1086.png 768w, http:\/\/www.enturtravel.com\/wp-content\/uploads\/2024\/08\/43-1086x1536.png 1086w, http:\/\/www.enturtravel.com\/wp-content\/uploads\/2024\/08\/43.png 1414w\" sizes=\"(max-width: 724px) 100vw, 724px\" \/><\/figure>\n<\/figure>\n","protected":false},"excerpt":{"rendered":"<p>Entur ile \u00c7anakkale: \u015eanl\u0131 Tarihin \u0130zinde Unutulmaz Bir Yolculuk \u00c7anakkale, T\u00fcrk milletinin kahramanl\u0131k destan\u0131n\u0131n yaz\u0131ld\u0131\u011f\u0131, vatan u\u011fruna canlar\u0131n\u0131 feda eden \u015fehitlerimizin aziz hat\u0131ras\u0131n\u0131 ya\u015fatan bir [&#8230;]<\/p>\n","protected":false},"author":1,"featured_media":0,"parent":0,"menu_order":0,"comment_status":"closed","ping_status":"closed","template":"","meta":{"footnotes":""},"class_list":["post-190","page","type-page","status-publish","hentry"],"_links":{"self":[{"href":"http:\/\/www.enturtravel.com\/index.php\/wp-json\/wp\/v2\/pages\/190"}],"collection":[{"href":"http:\/\/www.enturtravel.com\/index.php\/wp-json\/wp\/v2\/pages"}],"about":[{"href":"http:\/\/www.enturtravel.com\/index.php\/wp-json\/wp\/v2\/types\/page"}],"author":[{"embeddable":true,"href":"http:\/\/www.enturtravel.com\/index.php\/wp-json\/wp\/v2\/users\/1"}],"replies":[{"embeddable":true,"href":"http:\/\/www.enturtravel.com\/index.php\/wp-json\/wp\/v2\/comments?post=190"}],"version-history":[{"count":3,"href":"http:\/\/www.enturtravel.com\/index.php\/wp-json\/wp\/v2\/pages\/190\/revisions"}],"predecessor-version":[{"id":493,"href":"http:\/\/www.enturtravel.com\/index.php\/wp-json\/wp\/v2\/pages\/190\/revisions\/493"}],"wp:attachment":[{"href":"http:\/\/www.enturtravel.com\/index.php\/wp-json\/wp\/v2\/media?parent=190"}],"curies":[{"name":"wp","href":"https:\/\/api.w.org\/{rel}","templated":true}]}}