{"id":193,"date":"2024-08-06T21:07:30","date_gmt":"2024-08-06T21:07:30","guid":{"rendered":"https:\/\/www.enturtravel.com\/?page_id=193"},"modified":"2024-08-27T21:47:00","modified_gmt":"2024-08-27T21:47:00","slug":"eskisehir-turu","status":"publish","type":"page","link":"http:\/\/www.enturtravel.com\/index.php\/eskisehir-turu\/","title":{"rendered":"Eski\u015fehir Turu"},"content":{"rendered":"\n<p>Entur ile Eski\u015fehir: Modernli\u011fin ve Tarihin Bulu\u015ftu\u011fu \u015eehir<\/p>\n\n\n\n<p>Eski\u015fehir, T\u00fcrkiye\u2019nin en modern ve dinamik \u015fehirlerinden biri olmas\u0131n\u0131n yan\u0131 s\u0131ra, tarihi dokusuyla da sizi b\u00fcy\u00fcleyecek bir destinasyon. Entur g\u00fcvencesiyle d\u00fczenledi\u011fimiz bu \u00f6zel turda, Eski\u015fehir\u2019in e\u015fsiz g\u00fczelliklerini ke\u015ffedecek, modernli\u011fin ve tarihin i\u00e7 i\u00e7e ge\u00e7ti\u011fi bu \u015fehri doyas\u0131ya gezeceksiniz.<\/p>\n\n\n\n<h3 class=\"wp-block-heading\"><em>Odunpazar\u0131: Tarihi Konaklar\u0131n B\u00fcy\u00fcs\u00fc<\/em><\/h3>\n\n\n\n<p>Turumuza, Eski\u015fehir\u2019in en eski ve tarihi semti olan Odunpazar\u0131\u2019ndan ba\u015fl\u0131yoruz. Osmanl\u0131 d\u00f6nemine ait geleneksel evlerin s\u0131raland\u0131\u011f\u0131 bu b\u00fcy\u00fcleyici semtte, tarihin izlerini ad\u0131m ad\u0131m takip edeceksiniz. Rengarenk cumbal\u0131 evlerin aras\u0131ndan ge\u00e7erken, Eski\u015fehir\u2019in ge\u00e7mi\u015fine do\u011fru nostaljik bir yolculu\u011fa \u00e7\u0131kacaks\u0131n\u0131z.<\/p>\n\n\n\n<h3 class=\"wp-block-heading\"><em>Porsuk \u00c7ay\u0131: \u015eehrin Kalbindeki Huzur<\/em><\/h3>\n\n\n\n<p>Eski\u015fehir\u2019in simgelerinden biri haline gelen Porsuk \u00c7ay\u0131, \u015fehir merkezinden ge\u00e7en sakin ve huzurlu bir su yoludur. Porsuk \u00c7ay\u0131 boyunca yapaca\u011f\u0131n\u0131z tekne turunda, \u015fehrin modern y\u00fcz\u00fcn\u00fc ve \u00e7evresindeki g\u00fczellikleri keyifle izleyebilirsiniz. Bu e\u015fsiz atmosferde, Eski\u015fehir\u2019in dinginli\u011fini ve huzurunu iliklerinize kadar hissedeceksiniz.<\/p>\n\n\n\n<h3 class=\"wp-block-heading\"><em>Sazova Bilim, Sanat ve K\u00fclt\u00fcr Park\u0131: Masals\u0131 Bir D\u00fcnyaya Yolculuk<\/em><\/h3>\n\n\n\n<p>Eski\u015fehir\u2019in en pop\u00fcler cazibe merkezlerinden biri olan Sazova Park\u0131, masals\u0131 atmosferiyle hem \u00e7ocuklar\u0131 hem de yeti\u015fkinleri b\u00fcy\u00fcl\u00fcyor. Park\u0131n i\u00e7inde yer alan Masal \u015eatosu, sizi adeta bir peri masal\u0131n\u0131n i\u00e7ine \u00e7ekecek. Bilim deney merkezleri, korsan gemisi ve mini hayvanat bah\u00e7esi gibi bir\u00e7ok farkl\u0131 aktivite alan\u0131, bu parkta keyifli bir g\u00fcn ge\u00e7irmenizi sa\u011flayacak.<\/p>\n\n\n\n<h3 class=\"wp-block-heading\"><em>Eski\u015fehir Balmumu Heykeller M\u00fczesi: Sanat\u0131n Yans\u0131mas\u0131<\/em><\/h3>\n\n\n\n<p>Odunpazar\u0131\u2019ndaki tarihi bir konakta yer alan Balmumu Heykeller M\u00fczesi, Eski\u015fehir\u2019in sanat dolu y\u00fcz\u00fcn\u00fc g\u00f6zler \u00f6n\u00fcne seriyor. Yerli ve yabanc\u0131 bir\u00e7ok \u00fcnl\u00fc ismin balmumu heykellerini yak\u0131ndan inceleyebilece\u011finiz bu m\u00fcze, sanat ve tarihe ilgi duyanlar i\u00e7in ka\u00e7\u0131r\u0131lmayacak bir durak.<\/p>\n\n\n\n<h3 class=\"wp-block-heading\"><em>\u00c7a\u011fda\u015f Cam Sanatlar\u0131 M\u00fczesi: Cam\u0131n B\u00fcy\u00fcl\u00fc D\u00fcnyas\u0131<\/em><\/h3>\n\n\n\n<p>Eski\u015fehir\u2019in modern sanat\u0131n\u0131 ke\u015ffetmek i\u00e7in \u00c7a\u011fda\u015f Cam Sanatlar\u0131 M\u00fczesi\u2019ni ziyaret edece\u011fiz. T\u00fcrkiye\u2019nin ilk cam sanatlar\u0131 m\u00fczesi olan bu benzersiz mekanda, yerli ve yabanc\u0131 sanat\u00e7\u0131lar\u0131n elinden \u00e7\u0131km\u0131\u015f birbirinden etkileyici eserleri g\u00f6rme \u015fans\u0131 bulacaks\u0131n\u0131z. Cam\u0131n b\u00fcy\u00fcl\u00fc d\u00fcnyas\u0131nda sanatla dolu bir yolculu\u011fa \u00e7\u0131kmaya haz\u0131r olun.<\/p>\n\n\n\n<p><em>Entur ile Eski\u015fehir turu, sizi modernli\u011fi ve tarihi bir arada sunan bu \u00f6zel \u015fehri ke\u015ffetmeye davet ediyor. Eski\u015fehir\u2019in k\u00fclt\u00fcrel zenginliklerini, do\u011fal g\u00fczelliklerini ve dinamik ya\u015fam\u0131n\u0131 yak\u0131ndan tan\u0131mak i\u00e7in bu e\u015fsiz tura kat\u0131l\u0131n!<\/em><\/p>\n\n\n\n<figure class=\"wp-block-gallery has-nested-images columns-default is-cropped wp-block-gallery-1 is-layout-flex wp-block-gallery-is-layout-flex\">\n<figure class=\"wp-block-image size-large\"><img loading=\"lazy\" decoding=\"async\" width=\"724\" height=\"1024\" data-id=\"500\" src=\"https:\/\/www.enturtravel.com\/wp-content\/uploads\/2024\/08\/44-2-724x1024.png\" alt=\"\" class=\"wp-image-500\" srcset=\"http:\/\/www.enturtravel.com\/wp-content\/uploads\/2024\/08\/44-2-724x1024.png 724w, http:\/\/www.enturtravel.com\/wp-content\/uploads\/2024\/08\/44-2-212x300.png 212w, http:\/\/www.enturtravel.com\/wp-content\/uploads\/2024\/08\/44-2-768x1086.png 768w, http:\/\/www.enturtravel.com\/wp-content\/uploads\/2024\/08\/44-2-1086x1536.png 1086w, http:\/\/www.enturtravel.com\/wp-content\/uploads\/2024\/08\/44-2.png 1414w\" sizes=\"(max-width: 724px) 100vw, 724px\" \/><\/figure>\n<\/figure>\n\n\n\n<figure class=\"wp-block-gallery has-nested-images columns-default is-cropped wp-block-gallery-2 is-layout-flex wp-block-gallery-is-layout-flex\">\n<figure class=\"wp-block-image size-large\"><img loading=\"lazy\" decoding=\"async\" width=\"724\" height=\"1024\" data-id=\"501\" src=\"https:\/\/www.enturtravel.com\/wp-content\/uploads\/2024\/08\/45-1-724x1024.png\" alt=\"\" class=\"wp-image-501\" srcset=\"http:\/\/www.enturtravel.com\/wp-content\/uploads\/2024\/08\/45-1-724x1024.png 724w, http:\/\/www.enturtravel.com\/wp-content\/uploads\/2024\/08\/45-1-212x300.png 212w, http:\/\/www.enturtravel.com\/wp-content\/uploads\/2024\/08\/45-1-768x1086.png 768w, http:\/\/www.enturtravel.com\/wp-content\/uploads\/2024\/08\/45-1-1086x1536.png 1086w, http:\/\/www.enturtravel.com\/wp-content\/uploads\/2024\/08\/45-1.png 1414w\" sizes=\"(max-width: 724px) 100vw, 724px\" \/><\/figure>\n<\/figure>\n","protected":false},"excerpt":{"rendered":"<p>Entur ile Eski\u015fehir: Modernli\u011fin ve Tarihin Bulu\u015ftu\u011fu \u015eehir Eski\u015fehir, T\u00fcrkiye\u2019nin en modern ve dinamik \u015fehirlerinden biri olmas\u0131n\u0131n yan\u0131 s\u0131ra, tarihi dokusuyla da sizi b\u00fcy\u00fcleyecek bir [&#8230;]<\/p>\n","protected":false},"author":1,"featured_media":0,"parent":0,"menu_order":0,"comment_status":"closed","ping_status":"closed","template":"","meta":{"footnotes":""},"class_list":["post-193","page","type-page","status-publish","hentry"],"_links":{"self":[{"href":"http:\/\/www.enturtravel.com\/index.php\/wp-json\/wp\/v2\/pages\/193"}],"collection":[{"href":"http:\/\/www.enturtravel.com\/index.php\/wp-json\/wp\/v2\/pages"}],"about":[{"href":"http:\/\/www.enturtravel.com\/index.php\/wp-json\/wp\/v2\/types\/page"}],"author":[{"embeddable":true,"href":"http:\/\/www.enturtravel.com\/index.php\/wp-json\/wp\/v2\/users\/1"}],"replies":[{"embeddable":true,"href":"http:\/\/www.enturtravel.com\/index.php\/wp-json\/wp\/v2\/comments?post=193"}],"version-history":[{"count":3,"href":"http:\/\/www.enturtravel.com\/index.php\/wp-json\/wp\/v2\/pages\/193\/revisions"}],"predecessor-version":[{"id":502,"href":"http:\/\/www.enturtravel.com\/index.php\/wp-json\/wp\/v2\/pages\/193\/revisions\/502"}],"wp:attachment":[{"href":"http:\/\/www.enturtravel.com\/index.php\/wp-json\/wp\/v2\/media?parent=193"}],"curies":[{"name":"wp","href":"https:\/\/api.w.org\/{rel}","templated":true}]}}