{"id":208,"date":"2024-08-06T21:09:02","date_gmt":"2024-08-06T21:09:02","guid":{"rendered":"https:\/\/www.enturtravel.com\/?page_id=208"},"modified":"2024-09-04T20:58:41","modified_gmt":"2024-09-04T20:58:41","slug":"bodrum-turu","status":"publish","type":"page","link":"http:\/\/www.enturtravel.com\/index.php\/bodrum-turu\/","title":{"rendered":"Bodrum Turu"},"content":{"rendered":"\n<p>Bodrum\u2019un B\u00fcy\u00fcleyici D\u00fcnyas\u0131n\u0131 Ke\u015ffedin!<\/p>\n\n\n\n<p>Mavinin her tonunu bulabilece\u011finiz, Ege\u2019nin incisi Bodrum\u2019da unutulmaz bir tatil sizleri bekliyor! Tarihi dokusu, beyaz evleri, masmavi denizi ve renkli gece hayat\u0131yla Bodrum, ruhunuzu dinlendirecek ve sizi adeta ba\u015fka bir d\u00fcnyaya ta\u015f\u0131yacak.<\/p>\n\n\n\n<p><em>Turumuzda Sizleri Neler Bekliyor?<\/em><\/p>\n\n\n\n<ul class=\"wp-block-list\">\n<li>Antik d\u00fcnyan\u0131n 7 harikas\u0131ndan biri olan Mausoleum&#8217;u ziyaret edin.<\/li>\n\n\n\n<li>Bodrum\u2019un g\u00f6zde plajlar\u0131nda g\u00fcne\u015fin ve denizin tad\u0131n\u0131 \u00e7\u0131kar\u0131n.<\/li>\n\n\n\n<li>Yal\u0131kavak Marina\u2019da l\u00fcks ve \u015f\u0131kl\u0131\u011f\u0131 deneyimleyin.<\/li>\n\n\n\n<li>Bodrum Kalesi\u2019nin b\u00fcy\u00fcleyici manzaras\u0131nda tarihin izlerini s\u00fcr\u00fcn.<\/li>\n\n\n\n<li>Ege mutfa\u011f\u0131n\u0131n leziz tatlar\u0131n\u0131 ke\u015ffedin.<\/li>\n<\/ul>\n\n\n\n<p>Bu e\u015fsiz Bodrum deneyimini ka\u00e7\u0131rmay\u0131n! S\u0131n\u0131rl\u0131 kontenjan i\u00e7in yerinizi hemen ay\u0131rt\u0131n ve Bodrum\u2019un b\u00fcy\u00fcs\u00fcn\u00fc ya\u015famaya haz\u0131r olun.<\/p>\n\n\n\n<p><em>Entur<\/em> ile <em>Bodrum<\/em>, hayallerinizin \u00f6tesinde bir tatil sunuyor!<\/p>\n\n\n\n<figure class=\"wp-block-gallery has-nested-images columns-default is-cropped wp-block-gallery-1 is-layout-flex wp-block-gallery-is-layout-flex\">\n<figure class=\"wp-block-image size-large\"><img loading=\"lazy\" decoding=\"async\" width=\"724\" height=\"1024\" data-id=\"524\" src=\"https:\/\/www.enturtravel.com\/wp-content\/uploads\/2024\/09\/52-2-724x1024.png\" alt=\"\" class=\"wp-image-524\" srcset=\"http:\/\/www.enturtravel.com\/wp-content\/uploads\/2024\/09\/52-2-724x1024.png 724w, http:\/\/www.enturtravel.com\/wp-content\/uploads\/2024\/09\/52-2-212x300.png 212w, http:\/\/www.enturtravel.com\/wp-content\/uploads\/2024\/09\/52-2-768x1086.png 768w, http:\/\/www.enturtravel.com\/wp-content\/uploads\/2024\/09\/52-2-1086x1536.png 1086w, http:\/\/www.enturtravel.com\/wp-content\/uploads\/2024\/09\/52-2.png 1414w\" sizes=\"(max-width: 724px) 100vw, 724px\" \/><\/figure>\n<\/figure>\n\n\n\n<figure class=\"wp-block-gallery has-nested-images columns-default is-cropped wp-block-gallery-2 is-layout-flex wp-block-gallery-is-layout-flex\">\n<figure class=\"wp-block-image size-large\"><img loading=\"lazy\" decoding=\"async\" width=\"724\" height=\"1024\" data-id=\"525\" src=\"https:\/\/www.enturtravel.com\/wp-content\/uploads\/2024\/09\/53-724x1024.png\" alt=\"\" class=\"wp-image-525\" srcset=\"http:\/\/www.enturtravel.com\/wp-content\/uploads\/2024\/09\/53-724x1024.png 724w, http:\/\/www.enturtravel.com\/wp-content\/uploads\/2024\/09\/53-212x300.png 212w, http:\/\/www.enturtravel.com\/wp-content\/uploads\/2024\/09\/53-768x1086.png 768w, http:\/\/www.enturtravel.com\/wp-content\/uploads\/2024\/09\/53-1086x1536.png 1086w, http:\/\/www.enturtravel.com\/wp-content\/uploads\/2024\/09\/53.png 1414w\" sizes=\"(max-width: 724px) 100vw, 724px\" \/><\/figure>\n<\/figure>\n","protected":false},"excerpt":{"rendered":"<p>Bodrum\u2019un B\u00fcy\u00fcleyici D\u00fcnyas\u0131n\u0131 Ke\u015ffedin! Mavinin her tonunu bulabilece\u011finiz, Ege\u2019nin incisi Bodrum\u2019da unutulmaz bir tatil sizleri bekliyor! Tarihi dokusu, beyaz evleri, masmavi denizi ve renkli gece [&#8230;]<\/p>\n","protected":false},"author":1,"featured_media":0,"parent":0,"menu_order":0,"comment_status":"closed","ping_status":"closed","template":"","meta":{"footnotes":""},"class_list":["post-208","page","type-page","status-publish","hentry"],"_links":{"self":[{"href":"http:\/\/www.enturtravel.com\/index.php\/wp-json\/wp\/v2\/pages\/208"}],"collection":[{"href":"http:\/\/www.enturtravel.com\/index.php\/wp-json\/wp\/v2\/pages"}],"about":[{"href":"http:\/\/www.enturtravel.com\/index.php\/wp-json\/wp\/v2\/types\/page"}],"author":[{"embeddable":true,"href":"http:\/\/www.enturtravel.com\/index.php\/wp-json\/wp\/v2\/users\/1"}],"replies":[{"embeddable":true,"href":"http:\/\/www.enturtravel.com\/index.php\/wp-json\/wp\/v2\/comments?post=208"}],"version-history":[{"count":3,"href":"http:\/\/www.enturtravel.com\/index.php\/wp-json\/wp\/v2\/pages\/208\/revisions"}],"predecessor-version":[{"id":526,"href":"http:\/\/www.enturtravel.com\/index.php\/wp-json\/wp\/v2\/pages\/208\/revisions\/526"}],"wp:attachment":[{"href":"http:\/\/www.enturtravel.com\/index.php\/wp-json\/wp\/v2\/media?parent=208"}],"curies":[{"name":"wp","href":"https:\/\/api.w.org\/{rel}","templated":true}]}}