{"id":211,"date":"2024-08-06T21:10:56","date_gmt":"2024-08-06T21:10:56","guid":{"rendered":"https:\/\/www.enturtravel.com\/?page_id=211"},"modified":"2024-09-06T21:33:10","modified_gmt":"2024-09-06T21:33:10","slug":"gap-turu","status":"publish","type":"page","link":"http:\/\/www.enturtravel.com\/index.php\/gap-turu\/","title":{"rendered":"GAP Turu"},"content":{"rendered":"\n<p>G\u00fcneydo\u011fu Anadolu&#8217;nun mistik dokusunu ve zengin k\u00fclt\u00fcrel miras\u0131n\u0131 ke\u015ffetmeye haz\u0131r m\u0131s\u0131n\u0131z? Entur&#8217;un sizler i\u00e7in \u00f6zel olarak d\u00fczenledi\u011fi <em>GAP Turu<\/em> ile Gaziantep\u2019ten Diyarbak\u0131r\u2019a uzanan bu unutulmaz yolculukta tarihin derin izlerini s\u00fcrerken, e\u015fsiz lezzetlerin ve b\u00fcy\u00fcleyici manzaralar\u0131n tad\u0131n\u0131 \u00e7\u0131kar\u0131n.<\/p>\n\n\n\n<ul class=\"wp-block-list\">\n<li><strong><em>Gaziantep<\/em>\u2019te<\/strong> baklavan\u0131n en lezzetlisini tatman\u0131n, tarihi \u00e7ar\u015f\u0131larda kaybolman\u0131n keyfine var\u0131n.<\/li>\n\n\n\n<li><strong><em>\u015eanl\u0131urfa<\/em>\u2019da<\/strong> peygamberler \u015fehri olarak bilinen kutsal mekanlar\u0131 ve G\u00f6beklitepe\u2019nin gizemli ge\u00e7mi\u015fini ke\u015ffedin.<\/li>\n\n\n\n<li><strong><em>Ad\u0131yaman<\/em>\u2019da<\/strong> Nemrut Da\u011f\u0131\u2019n\u0131n b\u00fcy\u00fcleyici g\u00fcn do\u011fumuna tan\u0131k olun.<\/li>\n\n\n\n<li><em>M<\/em><strong><em>ardin<\/em>\u2019in<\/strong> ta\u015f evleri ve e\u015fsiz manzaralar\u0131yla tarihe tan\u0131kl\u0131k edin.<\/li>\n\n\n\n<li><strong><em>Diyarbak\u0131r<\/em>\u2019\u0131n <\/strong>tarihi surlar\u0131nda ge\u00e7mi\u015fe do\u011fru yolculu\u011fa \u00e7\u0131k\u0131n.<\/li>\n<\/ul>\n\n\n\n<p>Bu tur, sadece bir seyahat de\u011fil; Anadolu&#8217;nun k\u00f6kl\u00fc k\u00fclt\u00fcr ve medeniyetlerine dokunan bir yolculuk. <em>Kalite, g\u00fcven ve e\u015fsiz deneyimler<\/em> i\u00e7in do\u011fru adres Entur!<\/p>\n\n\n\n<figure class=\"wp-block-gallery has-nested-images columns-default is-cropped wp-block-gallery-1 is-layout-flex wp-block-gallery-is-layout-flex\">\n<figure class=\"wp-block-image size-large\"><img loading=\"lazy\" decoding=\"async\" width=\"724\" height=\"1024\" data-id=\"556\" src=\"https:\/\/www.enturtravel.com\/wp-content\/uploads\/2024\/09\/63-724x1024.png\" alt=\"\" class=\"wp-image-556\" srcset=\"http:\/\/www.enturtravel.com\/wp-content\/uploads\/2024\/09\/63-724x1024.png 724w, http:\/\/www.enturtravel.com\/wp-content\/uploads\/2024\/09\/63-212x300.png 212w, http:\/\/www.enturtravel.com\/wp-content\/uploads\/2024\/09\/63-768x1086.png 768w, http:\/\/www.enturtravel.com\/wp-content\/uploads\/2024\/09\/63-1086x1536.png 1086w, http:\/\/www.enturtravel.com\/wp-content\/uploads\/2024\/09\/63.png 1414w\" sizes=\"(max-width: 724px) 100vw, 724px\" \/><\/figure>\n<\/figure>\n\n\n\n<figure class=\"wp-block-gallery has-nested-images columns-default is-cropped wp-block-gallery-2 is-layout-flex wp-block-gallery-is-layout-flex\">\n<figure class=\"wp-block-image size-large\"><img loading=\"lazy\" decoding=\"async\" width=\"724\" height=\"1024\" data-id=\"557\" src=\"https:\/\/www.enturtravel.com\/wp-content\/uploads\/2024\/09\/64-724x1024.png\" alt=\"\" class=\"wp-image-557\" srcset=\"http:\/\/www.enturtravel.com\/wp-content\/uploads\/2024\/09\/64-724x1024.png 724w, http:\/\/www.enturtravel.com\/wp-content\/uploads\/2024\/09\/64-212x300.png 212w, http:\/\/www.enturtravel.com\/wp-content\/uploads\/2024\/09\/64-768x1086.png 768w, http:\/\/www.enturtravel.com\/wp-content\/uploads\/2024\/09\/64-1086x1536.png 1086w, http:\/\/www.enturtravel.com\/wp-content\/uploads\/2024\/09\/64.png 1414w\" sizes=\"(max-width: 724px) 100vw, 724px\" \/><\/figure>\n<\/figure>\n","protected":false},"excerpt":{"rendered":"<p>G\u00fcneydo\u011fu Anadolu&#8217;nun mistik dokusunu ve zengin k\u00fclt\u00fcrel miras\u0131n\u0131 ke\u015ffetmeye haz\u0131r m\u0131s\u0131n\u0131z? Entur&#8217;un sizler i\u00e7in \u00f6zel olarak d\u00fczenledi\u011fi GAP Turu ile Gaziantep\u2019ten Diyarbak\u0131r\u2019a uzanan bu unutulmaz [&#8230;]<\/p>\n","protected":false},"author":1,"featured_media":0,"parent":0,"menu_order":0,"comment_status":"closed","ping_status":"closed","template":"","meta":{"footnotes":""},"class_list":["post-211","page","type-page","status-publish","hentry"],"_links":{"self":[{"href":"http:\/\/www.enturtravel.com\/index.php\/wp-json\/wp\/v2\/pages\/211"}],"collection":[{"href":"http:\/\/www.enturtravel.com\/index.php\/wp-json\/wp\/v2\/pages"}],"about":[{"href":"http:\/\/www.enturtravel.com\/index.php\/wp-json\/wp\/v2\/types\/page"}],"author":[{"embeddable":true,"href":"http:\/\/www.enturtravel.com\/index.php\/wp-json\/wp\/v2\/users\/1"}],"replies":[{"embeddable":true,"href":"http:\/\/www.enturtravel.com\/index.php\/wp-json\/wp\/v2\/comments?post=211"}],"version-history":[{"count":3,"href":"http:\/\/www.enturtravel.com\/index.php\/wp-json\/wp\/v2\/pages\/211\/revisions"}],"predecessor-version":[{"id":558,"href":"http:\/\/www.enturtravel.com\/index.php\/wp-json\/wp\/v2\/pages\/211\/revisions\/558"}],"wp:attachment":[{"href":"http:\/\/www.enturtravel.com\/index.php\/wp-json\/wp\/v2\/media?parent=211"}],"curies":[{"name":"wp","href":"https:\/\/api.w.org\/{rel}","templated":true}]}}