{"id":214,"date":"2024-08-06T21:12:10","date_gmt":"2024-08-06T21:12:10","guid":{"rendered":"https:\/\/www.enturtravel.com\/?page_id=214"},"modified":"2024-08-08T10:27:34","modified_gmt":"2024-08-08T10:27:34","slug":"dogu-amerika-turu","status":"publish","type":"page","link":"http:\/\/www.enturtravel.com\/index.php\/dogu-amerika-turu\/","title":{"rendered":"Do\u011fu Amerika Turu"},"content":{"rendered":"\n<p class=\"has-text-align-left\">New York, Orlando ve Miami turu, Amerika Birle\u015fik Devletleri&#8217;nin do\u011fu yakas\u0131nda unutulmaz bir tatil deneyimi sunar. Bu heyecan verici yolculuk, \u00fc\u00e7 farkl\u0131 \u015fehirde, her birinin kendine \u00f6zg\u00fc cazibesi ve aktiviteleri ile dolu. New York&#8217;ta, Times Meydan\u0131&#8217;n\u0131n \u0131\u015f\u0131klar\u0131 alt\u0131nda y\u00fcr\u00fcyebilir, Central Park&#8217;ta huzurlu bir g\u00fcn ge\u00e7irebilir ve Empire State Binas\u0131&#8217;ndan \u015fehrin muhte\u015fem manzaras\u0131n\u0131 izleyebilirsiniz. Orlando&#8217;da, d\u00fcnya \u00e7ap\u0131nda \u00fcnl\u00fc tema parklar\u0131 olan Walt Disney World ve Universal Studios&#8217;u ziyaret ederek b\u00fcy\u00fcl\u00fc bir d\u00fcnyaya ad\u0131m atabilirsiniz. Son dura\u011f\u0131n\u0131z olan Miami&#8217;de ise, Art Deco mimarisi ile \u00fcnl\u00fc South Beach&#8217;te g\u00fcne\u015fin ve denizin keyfini \u00e7\u0131karabilir, Little Havana&#8217;da K\u00fcba k\u00fclt\u00fcr\u00fcn\u00fc ke\u015ffedebilirsiniz. Bu tur, hem b\u00fcy\u00fck \u015fehirlerin dinamizmini hem de e\u011flence ve dinlencenin m\u00fckemmel bir kar\u0131\u015f\u0131m\u0131n\u0131 sunar.<\/p>\n\n\n\n<figure class=\"wp-block-gallery has-nested-images columns-default is-cropped wp-block-gallery-1 is-layout-flex wp-block-gallery-is-layout-flex\">\n<figure class=\"wp-block-image size-large\"><img loading=\"lazy\" decoding=\"async\" width=\"1024\" height=\"575\" data-id=\"388\" src=\"https:\/\/www.enturtravel.com\/wp-content\/uploads\/2024\/08\/1-3-1024x575.png\" alt=\"\" class=\"wp-image-388\" srcset=\"http:\/\/www.enturtravel.com\/wp-content\/uploads\/2024\/08\/1-3-1024x575.png 1024w, http:\/\/www.enturtravel.com\/wp-content\/uploads\/2024\/08\/1-3-300x168.png 300w, http:\/\/www.enturtravel.com\/wp-content\/uploads\/2024\/08\/1-3-768x431.png 768w, http:\/\/www.enturtravel.com\/wp-content\/uploads\/2024\/08\/1-3-1536x862.png 1536w, http:\/\/www.enturtravel.com\/wp-content\/uploads\/2024\/08\/1-3-2048x1149.png 2048w, http:\/\/www.enturtravel.com\/wp-content\/uploads\/2024\/08\/1-3-1800x1010.png 1800w, http:\/\/www.enturtravel.com\/wp-content\/uploads\/2024\/08\/1-3-1840x1035.png 1840w\" sizes=\"(max-width: 1024px) 100vw, 1024px\" \/><\/figure>\n<\/figure>\n\n\n\n<figure class=\"wp-block-gallery has-nested-images columns-default is-cropped wp-block-gallery-2 is-layout-flex wp-block-gallery-is-layout-flex\">\n<figure class=\"wp-block-image size-large\"><img loading=\"lazy\" decoding=\"async\" width=\"1024\" height=\"575\" data-id=\"389\" src=\"https:\/\/www.enturtravel.com\/wp-content\/uploads\/2024\/08\/2-4-1024x575.png\" alt=\"\" class=\"wp-image-389\" srcset=\"http:\/\/www.enturtravel.com\/wp-content\/uploads\/2024\/08\/2-4-1024x575.png 1024w, http:\/\/www.enturtravel.com\/wp-content\/uploads\/2024\/08\/2-4-300x168.png 300w, http:\/\/www.enturtravel.com\/wp-content\/uploads\/2024\/08\/2-4-768x431.png 768w, http:\/\/www.enturtravel.com\/wp-content\/uploads\/2024\/08\/2-4-1536x862.png 1536w, http:\/\/www.enturtravel.com\/wp-content\/uploads\/2024\/08\/2-4-2048x1149.png 2048w, http:\/\/www.enturtravel.com\/wp-content\/uploads\/2024\/08\/2-4-1800x1010.png 1800w, http:\/\/www.enturtravel.com\/wp-content\/uploads\/2024\/08\/2-4-1840x1035.png 1840w\" sizes=\"(max-width: 1024px) 100vw, 1024px\" \/><\/figure>\n<\/figure>\n\n\n\n<figure class=\"wp-block-gallery has-nested-images columns-default is-cropped wp-block-gallery-3 is-layout-flex wp-block-gallery-is-layout-flex\">\n<figure class=\"wp-block-image size-large\"><img loading=\"lazy\" decoding=\"async\" width=\"1024\" height=\"575\" data-id=\"390\" src=\"https:\/\/www.enturtravel.com\/wp-content\/uploads\/2024\/08\/3-4-1024x575.png\" alt=\"\" class=\"wp-image-390\" srcset=\"http:\/\/www.enturtravel.com\/wp-content\/uploads\/2024\/08\/3-4-1024x575.png 1024w, http:\/\/www.enturtravel.com\/wp-content\/uploads\/2024\/08\/3-4-300x168.png 300w, http:\/\/www.enturtravel.com\/wp-content\/uploads\/2024\/08\/3-4-768x431.png 768w, http:\/\/www.enturtravel.com\/wp-content\/uploads\/2024\/08\/3-4-1536x862.png 1536w, http:\/\/www.enturtravel.com\/wp-content\/uploads\/2024\/08\/3-4-2048x1149.png 2048w, http:\/\/www.enturtravel.com\/wp-content\/uploads\/2024\/08\/3-4-1800x1010.png 1800w, http:\/\/www.enturtravel.com\/wp-content\/uploads\/2024\/08\/3-4-1840x1035.png 1840w\" sizes=\"(max-width: 1024px) 100vw, 1024px\" \/><\/figure>\n<\/figure>\n\n\n\n<figure class=\"wp-block-gallery has-nested-images columns-default is-cropped wp-block-gallery-4 is-layout-flex wp-block-gallery-is-layout-flex\">\n<figure class=\"wp-block-image size-large\"><img loading=\"lazy\" decoding=\"async\" width=\"2700\" height=\"1515\" data-id=\"392\" src=\"https:\/\/www.enturtravel.com\/wp-content\/uploads\/2024\/08\/5-1024x575.png\" alt=\"\" class=\"wp-image-392\" srcset=\"http:\/\/www.enturtravel.com\/wp-content\/uploads\/2024\/08\/5-1024x575.png 1024w, http:\/\/www.enturtravel.com\/wp-content\/uploads\/2024\/08\/5-300x168.png 300w, http:\/\/www.enturtravel.com\/wp-content\/uploads\/2024\/08\/5-768x431.png 768w, http:\/\/www.enturtravel.com\/wp-content\/uploads\/2024\/08\/5-1536x862.png 1536w, http:\/\/www.enturtravel.com\/wp-content\/uploads\/2024\/08\/5-2048x1149.png 2048w, http:\/\/www.enturtravel.com\/wp-content\/uploads\/2024\/08\/5-1800x1010.png 1800w\" sizes=\"(max-width: 2700px) 100vw, 2700px\" \/><\/figure>\n<\/figure>\n\n\n\n<figure class=\"wp-block-gallery has-nested-images columns-default is-cropped wp-block-gallery-5 is-layout-flex wp-block-gallery-is-layout-flex\">\n<figure class=\"wp-block-image size-large\"><img loading=\"lazy\" decoding=\"async\" width=\"1024\" height=\"575\" data-id=\"393\" src=\"https:\/\/www.enturtravel.com\/wp-content\/uploads\/2024\/08\/4-1024x575.png\" alt=\"\" class=\"wp-image-393\" srcset=\"http:\/\/www.enturtravel.com\/wp-content\/uploads\/2024\/08\/4-1024x575.png 1024w, http:\/\/www.enturtravel.com\/wp-content\/uploads\/2024\/08\/4-300x168.png 300w, http:\/\/www.enturtravel.com\/wp-content\/uploads\/2024\/08\/4-768x431.png 768w, http:\/\/www.enturtravel.com\/wp-content\/uploads\/2024\/08\/4-1536x862.png 1536w, http:\/\/www.enturtravel.com\/wp-content\/uploads\/2024\/08\/4-2048x1149.png 2048w, http:\/\/www.enturtravel.com\/wp-content\/uploads\/2024\/08\/4-1800x1010.png 1800w, http:\/\/www.enturtravel.com\/wp-content\/uploads\/2024\/08\/4-1840x1035.png 1840w\" sizes=\"(max-width: 1024px) 100vw, 1024px\" \/><\/figure>\n<\/figure>\n\n\n\n<figure class=\"wp-block-gallery has-nested-images columns-default is-cropped wp-block-gallery-6 is-layout-flex wp-block-gallery-is-layout-flex\">\n<figure class=\"wp-block-image size-large\"><img loading=\"lazy\" decoding=\"async\" width=\"1024\" height=\"461\" data-id=\"394\" src=\"https:\/\/www.enturtravel.com\/wp-content\/uploads\/2024\/08\/WhatsApp-Image-2024-08-08-at-13.22.07-1024x461.jpeg\" alt=\"\" class=\"wp-image-394\" srcset=\"http:\/\/www.enturtravel.com\/wp-content\/uploads\/2024\/08\/WhatsApp-Image-2024-08-08-at-13.22.07-1024x461.jpeg 1024w, http:\/\/www.enturtravel.com\/wp-content\/uploads\/2024\/08\/WhatsApp-Image-2024-08-08-at-13.22.07-300x135.jpeg 300w, http:\/\/www.enturtravel.com\/wp-content\/uploads\/2024\/08\/WhatsApp-Image-2024-08-08-at-13.22.07-768x346.jpeg 768w, http:\/\/www.enturtravel.com\/wp-content\/uploads\/2024\/08\/WhatsApp-Image-2024-08-08-at-13.22.07-1536x691.jpeg 1536w, http:\/\/www.enturtravel.com\/wp-content\/uploads\/2024\/08\/WhatsApp-Image-2024-08-08-at-13.22.07.jpeg 1600w\" sizes=\"(max-width: 1024px) 100vw, 1024px\" \/><\/figure>\n<\/figure>\n","protected":false},"excerpt":{"rendered":"<p>New York, Orlando ve Miami turu, Amerika Birle\u015fik Devletleri&#8217;nin do\u011fu yakas\u0131nda unutulmaz bir tatil deneyimi sunar. Bu heyecan verici yolculuk, \u00fc\u00e7 farkl\u0131 \u015fehirde, her birinin [&#8230;]<\/p>\n","protected":false},"author":1,"featured_media":0,"parent":0,"menu_order":0,"comment_status":"closed","ping_status":"closed","template":"","meta":{"footnotes":""},"class_list":["post-214","page","type-page","status-publish","hentry"],"_links":{"self":[{"href":"http:\/\/www.enturtravel.com\/index.php\/wp-json\/wp\/v2\/pages\/214"}],"collection":[{"href":"http:\/\/www.enturtravel.com\/index.php\/wp-json\/wp\/v2\/pages"}],"about":[{"href":"http:\/\/www.enturtravel.com\/index.php\/wp-json\/wp\/v2\/types\/page"}],"author":[{"embeddable":true,"href":"http:\/\/www.enturtravel.com\/index.php\/wp-json\/wp\/v2\/users\/1"}],"replies":[{"embeddable":true,"href":"http:\/\/www.enturtravel.com\/index.php\/wp-json\/wp\/v2\/comments?post=214"}],"version-history":[{"count":4,"href":"http:\/\/www.enturtravel.com\/index.php\/wp-json\/wp\/v2\/pages\/214\/revisions"}],"predecessor-version":[{"id":395,"href":"http:\/\/www.enturtravel.com\/index.php\/wp-json\/wp\/v2\/pages\/214\/revisions\/395"}],"wp:attachment":[{"href":"http:\/\/www.enturtravel.com\/index.php\/wp-json\/wp\/v2\/media?parent=214"}],"curies":[{"name":"wp","href":"https:\/\/api.w.org\/{rel}","templated":true}]}}