{"id":217,"date":"2024-08-06T21:12:25","date_gmt":"2024-08-06T21:12:25","guid":{"rendered":"https:\/\/www.enturtravel.com\/?page_id=217"},"modified":"2024-08-11T16:59:56","modified_gmt":"2024-08-11T16:59:56","slug":"bati-amerika-turu","status":"publish","type":"page","link":"http:\/\/www.enturtravel.com\/index.php\/bati-amerika-turu\/","title":{"rendered":"Bat\u0131 Amerika Turu"},"content":{"rendered":"\n<p><strong>1.G\u00fcn \u0130STANBUL \u2013 LOS ANGELES <\/strong><\/p>\n\n\n\n<p>\u0130stanbul Havaliman\u0131nda siz de\u011ferli misafirlerimiz ile saat 05:00\u2019de T\u00fcrk havayollar\u0131 kontuar\u0131nda bulu\u015fman\u0131n ard\u0131ndan saat 08:00\u2019e TK179 sefer say\u0131l\u0131 u\u00e7u\u015f ile Amerika\u2019n\u0131n en b\u00fcy\u00fck \u015fehirlerinden biri olan Los Angeles&#8217;a hareket. Yakla\u015f\u0131k 13 saatlik bir u\u00e7u\u015ftan sonra Yerel saat ile 10:55\u2019de Los Angeles\u2019a var\u0131\u015f. Havaliman\u0131nda bizleri bekleyen \u00f6zel arac\u0131m\u0131z ve rehberimizle bulu\u015fmam\u0131z\u0131n ard\u0131ndan otelimize transfer. Otelimizde bavullar\u0131 b\u0131rakt\u0131ktan sonra <strong>Los Angeles \u015eehir Turu<\/strong>\u2019na ba\u015fl\u0131yoruz. Amerika\u2019n\u0131n Melekler \u015eehri olarak tan\u0131nan ve en b\u00fcy\u00fck ikinci \u015fehri olan Los Angeles&#8217;\u0131 tan\u0131tan bir tur yapaca\u011f\u0131z. \u0130lk dura\u011f\u0131m\u0131z filmlerden an\u0131msayaca\u011f\u0131n\u0131z <strong>Hollywood Bulvar\u0131<\/strong>. Burada Oscar t\u00f6renlerinin yap\u0131ld\u0131\u011f\u0131 <strong>Kodak tiyatrosu<\/strong>, (Yeni ad\u0131yla &#8220;Dolby Theater&#8221;) \u00fcnl\u00fc filmlerin galalar\u0131n\u0131n yap\u0131ld\u0131\u011f\u0131 <strong>\u00c7in tiyatrosu<\/strong>, sinema ve m\u00fczik sanat\u00e7\u0131lar\u0131n\u0131n el ve ayak izleri, ayr\u0131ca \u015e\u00f6hretler Yolu g\u00f6rece\u011fimiz yerler aras\u0131nda. Ayr\u0131ca bu b\u00f6lgeden \u015fehrin simgesi olan Dev Harflerle yaz\u0131l\u0131 \u00fcnl\u00fc <strong>Hollywood<\/strong> yaz\u0131s\u0131n\u0131 foto\u011fraflama \u015fans\u0131n\u0131 bulacaks\u0131n\u0131z. Daha sonra \u00fcnl\u00fc <strong>Sunset Strip<\/strong> bulvar\u0131ndan Santa Monica bulvar\u0131na ge\u00e7erek <strong>Beverly Hills\u2019 e <\/strong>ula\u015f\u0131yoruz. Burada Beverly Hills\u2019in me\u015fhur sembol\u00fcn\u00fc g\u00f6rece\u011fiz. Daha sonra &#8220;Pretty Woman&#8221; filminin \u00e7ekildi\u011fi, d\u00fcnyan\u0131n en l\u00fcks ma\u011fazalar\u0131n\u0131n yer ald\u0131\u011f\u0131, me\u015fhur <strong>Rodeo Drive\u2019da<\/strong> k\u0131sa bir y\u00fcr\u00fcy\u00fc\u015f yap\u0131p, <strong>Elvis Presley ve John Lennon<\/strong> gibi y\u0131ld\u0131zlar\u0131n senelerce ikamet adresi olan Beverly <strong>Willshire Otelini<\/strong> g\u00f6rece\u011fiz. Rodeo Drive\u2019dan ayr\u0131ld\u0131ktan sonra Los Angeles \u015fehrinin merkezi olarak bilinen <strong>Downtown&#8217;<\/strong>a gidiyoruz. Burada g\u00f6rece\u011fimiz yerler <strong>Olvera caddesi<\/strong>, Los Angeles \u015fehrinin siluetini olu\u015fturan g\u00f6kdelenler ve \u015fehrin ilk kuruldu\u011funda olu\u015fan tarihi merkezler. Tur sonras\u0131 otelimize ge\u00e7i\u015f. Odalar\u0131n da\u011f\u0131l\u0131m\u0131ndan sonra dinlenmek i\u00e7in serbest zaman. Ak\u015fam saatlerinde <strong>Santa Monica<\/strong> turuna ba\u015fl\u0131yoruz. Sokak sanat\u00e7\u0131lar\u0131n\u0131n g\u00f6sterileriyle dolu \u0131\u015f\u0131l \u0131\u015f\u0131l Santa Monica\u2019da bulunan \u015f\u0131k kafelerde bir \u015feyler i\u00e7erek yorgunlu\u011funuzu atabilir, ak\u015fam yeme\u011finizi bu g\u00fczel yerde bulunan restoranlardan birinde alabilirsiniz. Geceleme otelimizde.<\/p>\n\n\n\n<p><strong>2. G\u00fcn LOS ANGELES<\/strong><\/p>\n\n\n\n<p>Otelimizde sabah kahvalt\u0131n\u0131n ard\u0131ndan <strong>Universal Studios turuna <\/strong>ba\u015fl\u0131yoruz. D\u00fcnya&#8217;n\u0131n en b\u00fcy\u00fck parklar\u0131ndan biri olan bu parkta Amerikan r\u00fcyas\u0131n\u0131n olu\u015fmas\u0131nda etkili olan filmlerin nas\u0131l \u00e7ekildi\u011fini ve kahramanlar\u0131n\u0131 yak\u0131ndan g\u00f6rme imk\u00e2n\u0131 bulacaks\u0131n\u0131z. D\u00fcnyaca \u00fcnl\u00fc y\u00f6netmen Steven Spielberg\u2019in yarat\u0131c\u0131 dan\u0131\u015fmanl\u0131\u011f\u0131n\u0131 yapt\u0131\u011f\u0131 Universal Studios\u2019un neden d\u00fcnyan\u0131n 1 numaral\u0131 st\u00fcdyosu ve e\u011flence park\u0131 oldu\u011funu \u00e7ok daha iyi anlayacaks\u0131n\u0131z. Fakat bu park sadece bir e\u011flence de\u011fil d\u00fcnya sinema tarihinin ve teknolojisinin y\u00fczy\u0131la varan deneyiminin de bir \u00fcr\u00fcn\u00fcd\u00fcr. 40\u2019\u0131n \u00fczerinde \u015fov, film seti ve e\u011flence sizleri kendi i\u00e7ine \u00e7ekip e\u011flendirmekle kalmay\u0131p, nefeslerinizi keserek filmlerin i\u00e7inde hissi ya\u015fatacakt\u0131r. Turdan sonra ak\u015fam otelimize transfer ve geceleme otelimizde.<\/p>\n\n\n\n<p><strong>3. G\u00fcn LOS ANGELES<\/strong><\/p>\n\n\n\n<p><a><\/a><a>Otelimizde sabah kahvalt\u0131s\u0131ndan ard\u0131ndan <\/a><strong>San Diego <\/strong>turuna ba\u015fl\u0131yoruz. Y\u0131llard\u0131r Amerika\u2019n\u0131n en g\u00fczel \u015fehri se\u00e7ilen San Diego da ilk dura\u011f\u0131m\u0131z <strong>La Jolla<\/strong> Fok plaj\u0131 ve sahilleriyle \u00fcnl\u00fc La Jolla\u2019da do\u011fan\u0131n ve l\u00fcks evlerin uyumunu g\u00f6recek ve bol bol foto\u011fraf \u00e7ekeceksiniz. La Jolla dan ayr\u0131l\u0131p 2. dura\u011f\u0131m\u0131z olan <strong>Old Town\u2019a<\/strong> gidiyoruz. California\u2019n\u0131n do\u011fum yeri olan Old Town da kendinizi adeta Meksika\u2019da hissedece\u011finiz bir atmosfer sizleri bekliyor. Old Town sonras\u0131nda; <strong>Sea Port Village, Midway u\u00e7ak gemisi<\/strong>, II. D\u00fcnya Sava\u015f\u0131n\u0131n simgesel g\u00f6rseli olan <strong>Unconditional Surrender Statue<\/strong> heykeli, Amerikan Deniz kuvvetleri \u00fcss\u00fcn\u00fcn bulundu\u011fu ve ayn\u0131 zamanda Amerika&#8217;n\u0131n en b\u00fcy\u00fck ah\u015fap binas\u0131 olan ve \u201cBaz\u0131lar\u0131 S\u0131cak Sever\u201d filminin de \u00e7ekildi\u011fi tarihi Hotel Del Coronado\u2019nun da bulundu\u011fu <strong>Coronado adas\u0131<\/strong> ziyaret edece\u011fimiz yerler aras\u0131ndad\u0131r. Turdan sonra otele d\u00f6n\u00fc\u015f ve geceleme otelimizde.<\/p>\n\n\n\n<p><strong>4. G\u00fcn LOS ANGELES \u2013 LAS VEGAS<\/strong><\/p>\n\n\n\n<p>Sabah otelimizden ayr\u0131l\u0131yor ve \u00f6zel arac\u0131m\u0131z ile Nevada eyaletinin en \u00f6nemli turistik merkezi olan, d\u00fcnyan\u0131n en b\u00fcy\u00fck otellerine de ev sahipli\u011fi yapan gecelerin \u015fehri Las Vegas\u2019a do\u011fru yola \u00e7\u0131k\u0131yoruz. Ak\u015fam\u00fcst\u00fc varaca\u011f\u0131m\u0131z bu ba\u015f d\u00f6nd\u00fcr\u00fcc\u00fc \u015fehre girer girmez me\u015fhur <strong>Las Vegas Bulvar\u0131n\u0131<\/strong> ve otelleri anlatan bir panoramik tur yap\u0131yoruz. Otele yerle\u015fme ve geceleme otelimizde.<\/p>\n\n\n\n<p><strong>5. G\u00fcn LAS VEGAS<\/strong><\/p>\n\n\n\n<p>Otelimizde alaca\u011f\u0131m\u0131z kahvalt\u0131n\u0131n ard\u0131ndan birbirinden \u00fcnl\u00fc ve de\u011ferli marka \u00fcr\u00fcnleri bulabilece\u011fimiz<strong> Outlet<\/strong> alisveris turuna ba\u015fl\u0131yoruz. Tur sonras\u0131 otelimize d\u00f6n\u00fcyoruz. Konaklama otelimizde<strong><\/strong><\/p>\n\n\n\n<p><strong>6. G\u00fcn LAS VEGAS \u2013 SAN FRANCISCO<\/strong><\/p>\n\n\n\n<p>Sabah otelimizden ayr\u0131larak, San Francisco u\u00e7u\u015fumuz i\u00e7in Las Vegas havaliman\u0131na gidiyoruz. Yakla\u015f\u0131k 2 saatten k\u0131sa s\u00fcrecek u\u00e7u\u015fumuzun ard\u0131ndan, San Francisco havaliman\u0131na ula\u015f\u0131yoruz. Alanda bizi bekleyen \u00f6zel arac\u0131m\u0131z ile Otelimize transferimizi ger\u00e7ekle\u015ftiriyoruz. G\u00fcn\u00fcn geri kalan\u0131na <strong>San<\/strong> <strong>Francisco \u015eehir turuyla <\/strong>devam ediyoruz. Turumuzda, bu g\u00fczel \u015fehri daha yak\u0131ndan tan\u0131ma f\u0131rsat\u0131 bulaca\u011f\u0131z. <strong>Civic Center, Golden Gate Bridge, Bal\u0131k\u00e7\u0131 R\u0131ht\u0131m\u0131 ve \u00c7in mahallesi, Twin Peaks, Hippilerin yerle\u015fti\u011fi Haight and Ashbury, g\u00fczel sanatlar saray\u0131, Lombard Street<\/strong> g\u00f6rece\u011fimiz yerler aras\u0131nda. Tur sonras\u0131 Ak\u015fam yeme\u011fi i\u00e7in verece\u011fimiz serbest zaman\u0131n ard\u0131ndan otelimize transfer. Geceleme otelimizde.<\/p>\n\n\n\n<p><strong>7. G\u00fcn SAN FRANCISCO<\/strong><\/p>\n\n\n\n<p>Otelimizde alaca\u011f\u0131m\u0131z sabah kahvalt\u0131s\u0131n\u0131n ard\u0131ndan <strong>Sausolito- Tekneden Alkatraz &#8211; Fisherman\u2019s Wharf \u2013 Cable Car \u2013 Union Square<\/strong> turuna ba\u015fl\u0131yoruz. \u00d6zel arac\u0131m\u0131zla San Francisco\u2019nun eskiden y\u00fcksek r\u00fctbeli memurlar\u0131n\u0131n ve \u015fimdi ise en zenginlerinin oturdu\u011fu <strong>Sausolito\u2019ya<\/strong> hareket ediyoruz. Yakla\u015f\u0131k 15 dakikal\u0131k bir otob\u00fcs yolculu\u011fu ile \u00e7ok \u015firin bir kasaba olan Sausalito\u2019ya gidece\u011fiz. Kordon boyunda y\u00fcr\u00fcy\u00fc\u015f yaparken birbirinden g\u00fczel evleri g\u00f6recek kahvenizi deniz kenar\u0131ndaki Kafelerde San Francisco manzaras\u0131na kar\u015f\u0131 yudumlayacaks\u0131n\u0131z. Ard\u0131ndan tekne ile San Francisco\u2019ya d\u00f6nerken bir zamanlar d\u00fcnyan\u0131n ka\u00e7\u0131lmas\u0131 imkans\u0131z tek hapishanesi olarak bilinen <strong>Alkatraz<\/strong>\u2019\u0131 tekneden foto\u011fraflama \u015fans\u0131n\u0131 bulacaks\u0131n\u0131z. Ayn\u0131 zamanda San Francisco \u015fehrinin muhte\u015fem manzaras\u0131na tan\u0131k olacaks\u0131n\u0131z. Teknemiz San Francisco\u2019nun simgelerinden biri olan <strong>Pier<\/strong> 39\u2019a yana\u015f\u0131yor. Burada g\u00fcne\u015flenen deniz aslanlar\u0131n\u0131 k\u0131sa bir ziyaretten sonra, rehberinizin tavsiyeleri do\u011frultusunda se\u00e7ece\u011finiz restaurantta serbest alaca\u011f\u0131n\u0131z \u00f6\u011fle yeme\u011finden sora me\u015fhur San Francisco sokaklar\u0131n\u0131 filmlerden de \u00e7ok iyi bildi\u011fimiz Cable Car (k\u0131rm\u0131z\u0131 tramvaylar) ile <strong>Union Square&#8217;e<\/strong> keyifli bir yolculuk yapaca\u011f\u0131z.<\/p>\n\n\n\n<p>San Francisco\u2019nun en hareketli b\u00f6lgeleri <strong>Fashion District<\/strong> (moda b\u00f6lgesi) ve \u00c7in mahallesi di\u011fer g\u00f6rece\u011fimiz yerler aras\u0131nda. Ak\u015fam yeme\u011fi i\u00e7in verece\u011fimiz serbest zaman\u0131n ard\u0131ndan otelimize transfer. Geceleme otelimizde.&nbsp;&nbsp;&nbsp;&nbsp;<\/p>\n\n\n\n<p><strong>8. G\u00fcn SAN FRANCISCO- ISTANBUL<\/strong><\/p>\n\n\n\n<p>Sabah kahvalt\u0131m\u0131z\u0131n ard\u0131ndan otelimizden \u00e7\u0131k\u0131\u015f i\u015flemlerini tamaml\u0131yoruz. Otelden \u00e7\u0131k\u0131\u015f i\u015flemlerini ger\u00e7ekle\u015ftirdikten sonra <strong>Silikon Vadisi Turuna <\/strong>ba\u015fl\u0131yoruz. Bu turumuzda <strong>Google, Facebook<\/strong> gibi firmalar\u0131n binalar\u0131n\u0131n bulundu\u011fu Silikon Vadisini gezmek \u00fczere yola \u00e7\u0131k\u0131yoruz. Silikon vadisini olu\u015fturan birbirinden me\u015fhur firmalar\u0131n ana merkezlerini g\u00f6rme imk\u00e2n\u0131 bulacaks\u0131n\u0131z. <strong>Facebook, Stanford University, NASA Visitor Center, Google<\/strong> (Burada g\u00f6l kenar\u0131nda bulunan kafeterya\u2019da \u00e7ay, kahve i\u00e7mek i\u00e7in bir mola verece\u011fiz. Burada ayr\u0131ca \u00fccretsiz olarak verilen bisikletler ile bir tur atabilirsiniz), <strong>Tesla, Apple Visitor Center<\/strong> (E\u011fer sat\u0131n almak istedi\u011finiz bir \u00fcr\u00fcn varsa, alabilirsiniz), <strong>Computer History Museum, Intel Museum<\/strong> g\u00f6r\u00fclecek yerler aras\u0131nda. Ak\u015fam \u00fcst\u00fc San Francisco havaliman\u0131na transfer. T\u00fcrk Havayollar\u0131n\u0131n TK 80 sefer say\u0131l\u0131 u\u00e7u\u015fu ile saat 18:25\u2019de \u0130stanbul\u2019 hareket ve Geceleme u\u00e7akta.<strong><u><\/u><\/strong><\/p>\n\n\n\n<figure class=\"wp-block-gallery has-nested-images columns-default is-cropped wp-block-gallery-1 is-layout-flex wp-block-gallery-is-layout-flex\">\n<figure class=\"wp-block-image size-large\"><img loading=\"lazy\" decoding=\"async\" width=\"724\" height=\"1024\" data-id=\"409\" src=\"https:\/\/www.enturtravel.com\/wp-content\/uploads\/2024\/08\/1-4-724x1024.png\" alt=\"\" class=\"wp-image-409\" srcset=\"http:\/\/www.enturtravel.com\/wp-content\/uploads\/2024\/08\/1-4-724x1024.png 724w, http:\/\/www.enturtravel.com\/wp-content\/uploads\/2024\/08\/1-4-212x300.png 212w, http:\/\/www.enturtravel.com\/wp-content\/uploads\/2024\/08\/1-4-768x1086.png 768w, http:\/\/www.enturtravel.com\/wp-content\/uploads\/2024\/08\/1-4-1086x1536.png 1086w, http:\/\/www.enturtravel.com\/wp-content\/uploads\/2024\/08\/1-4-1448x2048.png 1448w, http:\/\/www.enturtravel.com\/wp-content\/uploads\/2024\/08\/1-4-1800x2546.png 1800w\" sizes=\"(max-width: 724px) 100vw, 724px\" \/><\/figure>\n<\/figure>\n\n\n\n<figure class=\"wp-block-gallery has-nested-images columns-default is-cropped wp-block-gallery-2 is-layout-flex wp-block-gallery-is-layout-flex\">\n<figure class=\"wp-block-image size-large\"><img loading=\"lazy\" decoding=\"async\" width=\"724\" height=\"1024\" data-id=\"410\" src=\"https:\/\/www.enturtravel.com\/wp-content\/uploads\/2024\/08\/2-5-724x1024.png\" alt=\"\" class=\"wp-image-410\" srcset=\"http:\/\/www.enturtravel.com\/wp-content\/uploads\/2024\/08\/2-5-724x1024.png 724w, http:\/\/www.enturtravel.com\/wp-content\/uploads\/2024\/08\/2-5-212x300.png 212w, http:\/\/www.enturtravel.com\/wp-content\/uploads\/2024\/08\/2-5-768x1086.png 768w, http:\/\/www.enturtravel.com\/wp-content\/uploads\/2024\/08\/2-5-1086x1536.png 1086w, http:\/\/www.enturtravel.com\/wp-content\/uploads\/2024\/08\/2-5-1448x2048.png 1448w, http:\/\/www.enturtravel.com\/wp-content\/uploads\/2024\/08\/2-5-1800x2546.png 1800w\" sizes=\"(max-width: 724px) 100vw, 724px\" \/><\/figure>\n<\/figure>\n","protected":false},"excerpt":{"rendered":"<p>1.G\u00fcn \u0130STANBUL \u2013 LOS ANGELES \u0130stanbul Havaliman\u0131nda siz de\u011ferli misafirlerimiz ile saat 05:00\u2019de T\u00fcrk havayollar\u0131 kontuar\u0131nda bulu\u015fman\u0131n ard\u0131ndan saat 08:00\u2019e TK179 sefer say\u0131l\u0131 u\u00e7u\u015f ile [&#8230;]<\/p>\n","protected":false},"author":1,"featured_media":0,"parent":0,"menu_order":0,"comment_status":"closed","ping_status":"closed","template":"","meta":{"footnotes":""},"class_list":["post-217","page","type-page","status-publish","hentry"],"_links":{"self":[{"href":"http:\/\/www.enturtravel.com\/index.php\/wp-json\/wp\/v2\/pages\/217"}],"collection":[{"href":"http:\/\/www.enturtravel.com\/index.php\/wp-json\/wp\/v2\/pages"}],"about":[{"href":"http:\/\/www.enturtravel.com\/index.php\/wp-json\/wp\/v2\/types\/page"}],"author":[{"embeddable":true,"href":"http:\/\/www.enturtravel.com\/index.php\/wp-json\/wp\/v2\/users\/1"}],"replies":[{"embeddable":true,"href":"http:\/\/www.enturtravel.com\/index.php\/wp-json\/wp\/v2\/comments?post=217"}],"version-history":[{"count":3,"href":"http:\/\/www.enturtravel.com\/index.php\/wp-json\/wp\/v2\/pages\/217\/revisions"}],"predecessor-version":[{"id":411,"href":"http:\/\/www.enturtravel.com\/index.php\/wp-json\/wp\/v2\/pages\/217\/revisions\/411"}],"wp:attachment":[{"href":"http:\/\/www.enturtravel.com\/index.php\/wp-json\/wp\/v2\/media?parent=217"}],"curies":[{"name":"wp","href":"https:\/\/api.w.org\/{rel}","templated":true}]}}