{"id":220,"date":"2024-08-06T21:12:52","date_gmt":"2024-08-06T21:12:52","guid":{"rendered":"https:\/\/www.enturtravel.com\/?page_id=220"},"modified":"2024-08-12T11:28:43","modified_gmt":"2024-08-12T11:28:43","slug":"birlesik-krallik-turu","status":"publish","type":"page","link":"http:\/\/www.enturtravel.com\/index.php\/birlesik-krallik-turu\/","title":{"rendered":"Birle\u015fik Krall\u0131k Turu"},"content":{"rendered":"\n<p>Birle\u015fik Krall\u0131k turu \u0130ngiltere ve \u0130sko\u00e7ya&#8217;n\u0131n en etkileyici iki \u015fehrini ke\u015ffetmek i\u00e7in harika bir f\u0131rsatt\u0131r. Londra, tarihi ve k\u00fclt\u00fcrel zenginlikleriyle \u00fcnl\u00fcd\u00fcr. Burada Buckingham Saray\u0131, Londra Kulesi, Big Ben ve British Museum gibi \u00f6nemli yerleri ziyaret edebilirsiniz. Ayr\u0131ca, Londra&#8217;n\u0131n renkli ve enerjik atmosferi, al\u0131\u015fveri\u015f tutkunlar\u0131 i\u00e7in Oxford Street ve Covent Garden gibi b\u00f6lgelerde f\u0131rsatlar sunar.<\/p>\n\n\n\n<p>Edinburgh ise b\u00fcy\u00fcleyici tarihi yap\u0131lar\u0131 ve do\u011fal g\u00fczellikleriyle bilinir. Edinburgh Kalesi&#8217;ni ziyaret ederek tarihin derinliklerine yolculuk yapabilir, Royal Mile boyunca y\u00fcr\u00fcy\u00fc\u015f yapabilir ve Arthur&#8217;s Seat&#8217;ten \u015fehrin muhte\u015fem manzaras\u0131n\u0131 izleyebilirsiniz. Ayr\u0131ca, Edinburgh&#8217;un \u00fcnl\u00fc festivalleri, \u00f6zellikle A\u011fustos ay\u0131nda d\u00fczenlenen Edinburgh Fringe Festivali, sanat ve k\u00fclt\u00fcr severler i\u00e7in ka\u00e7\u0131r\u0131lmamas\u0131 gereken etkinliklerdir. Londra ve Edinburgh turu, tarih, k\u00fclt\u00fcr ve do\u011fay\u0131 bir arada ya\u015famak isteyen gezginler i\u00e7in unutulmaz bir deneyim olacakt\u0131r.<\/p>\n\n\n\n<figure class=\"wp-block-gallery has-nested-images columns-default is-cropped wp-block-gallery-1 is-layout-flex wp-block-gallery-is-layout-flex\">\n<figure class=\"wp-block-image size-large\"><img loading=\"lazy\" decoding=\"async\" width=\"724\" height=\"1024\" data-id=\"413\" src=\"https:\/\/www.enturtravel.com\/wp-content\/uploads\/2024\/08\/13-724x1024.png\" alt=\"\" class=\"wp-image-413\" srcset=\"http:\/\/www.enturtravel.com\/wp-content\/uploads\/2024\/08\/13-724x1024.png 724w, http:\/\/www.enturtravel.com\/wp-content\/uploads\/2024\/08\/13-212x300.png 212w, http:\/\/www.enturtravel.com\/wp-content\/uploads\/2024\/08\/13-768x1086.png 768w, http:\/\/www.enturtravel.com\/wp-content\/uploads\/2024\/08\/13-1086x1536.png 1086w, http:\/\/www.enturtravel.com\/wp-content\/uploads\/2024\/08\/13-1448x2048.png 1448w, http:\/\/www.enturtravel.com\/wp-content\/uploads\/2024\/08\/13-1800x2546.png 1800w\" sizes=\"(max-width: 724px) 100vw, 724px\" \/><\/figure>\n<\/figure>\n\n\n\n<figure class=\"wp-block-gallery has-nested-images columns-default is-cropped wp-block-gallery-2 is-layout-flex wp-block-gallery-is-layout-flex\">\n<figure class=\"wp-block-image size-large\"><img loading=\"lazy\" decoding=\"async\" width=\"724\" height=\"1024\" data-id=\"414\" src=\"https:\/\/www.enturtravel.com\/wp-content\/uploads\/2024\/08\/14-724x1024.png\" alt=\"\" class=\"wp-image-414\" srcset=\"http:\/\/www.enturtravel.com\/wp-content\/uploads\/2024\/08\/14-724x1024.png 724w, http:\/\/www.enturtravel.com\/wp-content\/uploads\/2024\/08\/14-212x300.png 212w, http:\/\/www.enturtravel.com\/wp-content\/uploads\/2024\/08\/14-768x1086.png 768w, http:\/\/www.enturtravel.com\/wp-content\/uploads\/2024\/08\/14-1086x1536.png 1086w, http:\/\/www.enturtravel.com\/wp-content\/uploads\/2024\/08\/14-1448x2048.png 1448w, http:\/\/www.enturtravel.com\/wp-content\/uploads\/2024\/08\/14-1800x2546.png 1800w\" sizes=\"(max-width: 724px) 100vw, 724px\" \/><\/figure>\n<\/figure>\n","protected":false},"excerpt":{"rendered":"<p>Birle\u015fik Krall\u0131k turu \u0130ngiltere ve \u0130sko\u00e7ya&#8217;n\u0131n en etkileyici iki \u015fehrini ke\u015ffetmek i\u00e7in harika bir f\u0131rsatt\u0131r. Londra, tarihi ve k\u00fclt\u00fcrel zenginlikleriyle \u00fcnl\u00fcd\u00fcr. Burada Buckingham Saray\u0131, Londra [&#8230;]<\/p>\n","protected":false},"author":1,"featured_media":0,"parent":0,"menu_order":0,"comment_status":"closed","ping_status":"closed","template":"","meta":{"footnotes":""},"class_list":["post-220","page","type-page","status-publish","hentry"],"_links":{"self":[{"href":"http:\/\/www.enturtravel.com\/index.php\/wp-json\/wp\/v2\/pages\/220"}],"collection":[{"href":"http:\/\/www.enturtravel.com\/index.php\/wp-json\/wp\/v2\/pages"}],"about":[{"href":"http:\/\/www.enturtravel.com\/index.php\/wp-json\/wp\/v2\/types\/page"}],"author":[{"embeddable":true,"href":"http:\/\/www.enturtravel.com\/index.php\/wp-json\/wp\/v2\/users\/1"}],"replies":[{"embeddable":true,"href":"http:\/\/www.enturtravel.com\/index.php\/wp-json\/wp\/v2\/comments?post=220"}],"version-history":[{"count":3,"href":"http:\/\/www.enturtravel.com\/index.php\/wp-json\/wp\/v2\/pages\/220\/revisions"}],"predecessor-version":[{"id":415,"href":"http:\/\/www.enturtravel.com\/index.php\/wp-json\/wp\/v2\/pages\/220\/revisions\/415"}],"wp:attachment":[{"href":"http:\/\/www.enturtravel.com\/index.php\/wp-json\/wp\/v2\/media?parent=220"}],"curies":[{"name":"wp","href":"https:\/\/api.w.org\/{rel}","templated":true}]}}