{"id":223,"date":"2024-08-06T21:13:04","date_gmt":"2024-08-06T21:13:04","guid":{"rendered":"https:\/\/www.enturtravel.com\/?page_id=223"},"modified":"2024-08-09T11:44:38","modified_gmt":"2024-08-09T11:44:38","slug":"ispanya-turu","status":"publish","type":"page","link":"http:\/\/www.enturtravel.com\/index.php\/ispanya-turu\/","title":{"rendered":"\u0130spanya Turu"},"content":{"rendered":"\n<p>End\u00fcl\u00fcs, \u0130spanya&#8217;n\u0131n g\u00fcneyinde yer alan ve zengin k\u00fclt\u00fcrel miras\u0131yla \u00fcnl\u00fc bir b\u00f6lgedir. Bir End\u00fcl\u00fcs turu, tarihi ve k\u00fclt\u00fcrel a\u00e7\u0131dan b\u00fcy\u00fcleyici deneyimler sunar. Turunuza Sevilla&#8217;dan ba\u015flayabilirsiniz; burada muhte\u015fem Alc\u00e1zar Saray\u0131 ve etkileyici Sevilla Katedrali&#8217;ni ziyaret edebilirsiniz. Daha sonra, Granada&#8217;ya ge\u00e7erek Alhambra Saray\u0131&#8217;n\u0131n ihti\u015fam\u0131n\u0131 ke\u015ffedebilirsiniz. Cordoba&#8217;da, UNESCO D\u00fcnya Miras\u0131 Listesi&#8217;nde yer alan Mezquita-Catedral&#8217;i gezmek unutulmaz olacakt\u0131r. Ayr\u0131ca, M\u00e1laga&#8217;n\u0131n g\u00fczel plajlar\u0131nda dinlenebilir ve Picasso M\u00fczesi&#8217;nde sanatla dolu bir g\u00fcn ge\u00e7irebilirsiniz. Flamenko danslar\u0131n\u0131n ve tapas lezzetlerinin tad\u0131n\u0131 \u00e7\u0131kararak, End\u00fcl\u00fcs&#8217;\u00fcn e\u015fsiz atmosferini tam anlam\u0131yla ya\u015fayabilirsiniz. Bu tur, tarih, sanat ve do\u011fa severler i\u00e7in bir cennettir.<\/p>\n\n\n\n<figure class=\"wp-block-gallery has-nested-images columns-default is-cropped wp-block-gallery-1 is-layout-flex wp-block-gallery-is-layout-flex\">\n<figure class=\"wp-block-image size-large\"><img loading=\"lazy\" decoding=\"async\" width=\"724\" height=\"1024\" data-id=\"397\" src=\"https:\/\/www.enturtravel.com\/wp-content\/uploads\/2024\/08\/3-5-724x1024.png\" alt=\"\" class=\"wp-image-397\" srcset=\"http:\/\/www.enturtravel.com\/wp-content\/uploads\/2024\/08\/3-5-724x1024.png 724w, http:\/\/www.enturtravel.com\/wp-content\/uploads\/2024\/08\/3-5-212x300.png 212w, http:\/\/www.enturtravel.com\/wp-content\/uploads\/2024\/08\/3-5-768x1086.png 768w, http:\/\/www.enturtravel.com\/wp-content\/uploads\/2024\/08\/3-5-1086x1536.png 1086w, http:\/\/www.enturtravel.com\/wp-content\/uploads\/2024\/08\/3-5-1448x2048.png 1448w, http:\/\/www.enturtravel.com\/wp-content\/uploads\/2024\/08\/3-5-1800x2546.png 1800w\" sizes=\"(max-width: 724px) 100vw, 724px\" \/><\/figure>\n<\/figure>\n\n\n\n<figure class=\"wp-block-gallery has-nested-images columns-default is-cropped wp-block-gallery-2 is-layout-flex wp-block-gallery-is-layout-flex\">\n<figure class=\"wp-block-image size-large\"><img loading=\"lazy\" decoding=\"async\" width=\"724\" height=\"1024\" data-id=\"398\" src=\"https:\/\/www.enturtravel.com\/wp-content\/uploads\/2024\/08\/4-1-724x1024.png\" alt=\"\" class=\"wp-image-398\" srcset=\"http:\/\/www.enturtravel.com\/wp-content\/uploads\/2024\/08\/4-1-724x1024.png 724w, http:\/\/www.enturtravel.com\/wp-content\/uploads\/2024\/08\/4-1-212x300.png 212w, http:\/\/www.enturtravel.com\/wp-content\/uploads\/2024\/08\/4-1-768x1086.png 768w, http:\/\/www.enturtravel.com\/wp-content\/uploads\/2024\/08\/4-1-1086x1536.png 1086w, http:\/\/www.enturtravel.com\/wp-content\/uploads\/2024\/08\/4-1-1448x2048.png 1448w, http:\/\/www.enturtravel.com\/wp-content\/uploads\/2024\/08\/4-1-1800x2546.png 1800w\" sizes=\"(max-width: 724px) 100vw, 724px\" \/><\/figure>\n<\/figure>\n","protected":false},"excerpt":{"rendered":"<p>End\u00fcl\u00fcs, \u0130spanya&#8217;n\u0131n g\u00fcneyinde yer alan ve zengin k\u00fclt\u00fcrel miras\u0131yla \u00fcnl\u00fc bir b\u00f6lgedir. Bir End\u00fcl\u00fcs turu, tarihi ve k\u00fclt\u00fcrel a\u00e7\u0131dan b\u00fcy\u00fcleyici deneyimler sunar. Turunuza Sevilla&#8217;dan ba\u015flayabilirsiniz; [&#8230;]<\/p>\n","protected":false},"author":1,"featured_media":0,"parent":0,"menu_order":0,"comment_status":"closed","ping_status":"closed","template":"","meta":{"footnotes":""},"class_list":["post-223","page","type-page","status-publish","hentry"],"_links":{"self":[{"href":"http:\/\/www.enturtravel.com\/index.php\/wp-json\/wp\/v2\/pages\/223"}],"collection":[{"href":"http:\/\/www.enturtravel.com\/index.php\/wp-json\/wp\/v2\/pages"}],"about":[{"href":"http:\/\/www.enturtravel.com\/index.php\/wp-json\/wp\/v2\/types\/page"}],"author":[{"embeddable":true,"href":"http:\/\/www.enturtravel.com\/index.php\/wp-json\/wp\/v2\/users\/1"}],"replies":[{"embeddable":true,"href":"http:\/\/www.enturtravel.com\/index.php\/wp-json\/wp\/v2\/comments?post=223"}],"version-history":[{"count":3,"href":"http:\/\/www.enturtravel.com\/index.php\/wp-json\/wp\/v2\/pages\/223\/revisions"}],"predecessor-version":[{"id":399,"href":"http:\/\/www.enturtravel.com\/index.php\/wp-json\/wp\/v2\/pages\/223\/revisions\/399"}],"wp:attachment":[{"href":"http:\/\/www.enturtravel.com\/index.php\/wp-json\/wp\/v2\/media?parent=223"}],"curies":[{"name":"wp","href":"https:\/\/api.w.org\/{rel}","templated":true}]}}