{"id":226,"date":"2024-08-06T21:13:16","date_gmt":"2024-08-06T21:13:16","guid":{"rendered":"https:\/\/www.enturtravel.com\/?page_id=226"},"modified":"2024-08-09T12:36:14","modified_gmt":"2024-08-09T12:36:14","slug":"italya-turu","status":"publish","type":"page","link":"http:\/\/www.enturtravel.com\/index.php\/italya-turu\/","title":{"rendered":"\u0130talya Turu"},"content":{"rendered":"\n<p>\u0130talya&#8217;n\u0131n b\u00fcy\u00fcleyici \u015fehirlerini kapsayan Venedik, Milano, Floransa, Pisa ve Roma turu, tarih, k\u00fclt\u00fcr ve sanat dolu bir yolculuk sunar. Venedik&#8217;in romantik kanallar\u0131nda gondol gezisi yaparak \u015fehrin e\u015fsiz atmosferini deneyimleyebilir ve San Marco Meydan\u0131&#8217;n\u0131 ziyaret edebilirsiniz. Milano&#8217;da moda ve tasar\u0131m\u0131n kalbinde al\u0131\u015fveri\u015f yapabilir, \u00fcnl\u00fc Duomo Katedrali&#8217;ni gezebilirsiniz. Floransa&#8217;ya ge\u00e7ti\u011finizde, R\u00f6nesans&#8217;\u0131n do\u011fdu\u011fu bu \u015fehirde Uffizi Galerisi ve Ponte Vecchio gibi ikonik yerleri ke\u015ffetme \u015fans\u0131 bulabilirsiniz. Pisa&#8217;da e\u011fik Pisa Kulesi&#8217;ni foto\u011fraflayarak unutulmaz an\u0131lar biriktirebilirsiniz. Son dura\u011f\u0131n\u0131z Roma&#8217;da ise Kolezyum, Vatikan ve Trevi \u00c7e\u015fmesi gibi tarihi ve turistik yerleri gezerek antik d\u00fcnyan\u0131n izlerini s\u00fcrebilirsiniz. Bu tur, \u0130talya&#8217;n\u0131n zengin k\u00fclt\u00fcrel miras\u0131n\u0131 ve do\u011fal g\u00fczelliklerini ke\u015ffetmek i\u00e7in m\u00fckemmel bir f\u0131rsat sunar.<\/p>\n\n\n\n<figure class=\"wp-block-gallery has-nested-images columns-default is-cropped wp-block-gallery-1 is-layout-flex wp-block-gallery-is-layout-flex\">\n<figure class=\"wp-block-image size-large\"><img loading=\"lazy\" decoding=\"async\" width=\"724\" height=\"1024\" data-id=\"405\" src=\"https:\/\/www.enturtravel.com\/wp-content\/uploads\/2024\/08\/7-724x1024.png\" alt=\"\" class=\"wp-image-405\" srcset=\"http:\/\/www.enturtravel.com\/wp-content\/uploads\/2024\/08\/7-724x1024.png 724w, http:\/\/www.enturtravel.com\/wp-content\/uploads\/2024\/08\/7-212x300.png 212w, http:\/\/www.enturtravel.com\/wp-content\/uploads\/2024\/08\/7-768x1086.png 768w, http:\/\/www.enturtravel.com\/wp-content\/uploads\/2024\/08\/7-1086x1536.png 1086w, http:\/\/www.enturtravel.com\/wp-content\/uploads\/2024\/08\/7-1448x2048.png 1448w, http:\/\/www.enturtravel.com\/wp-content\/uploads\/2024\/08\/7-1800x2546.png 1800w\" sizes=\"(max-width: 724px) 100vw, 724px\" \/><\/figure>\n<\/figure>\n\n\n\n<figure class=\"wp-block-gallery has-nested-images columns-default is-cropped wp-block-gallery-2 is-layout-flex wp-block-gallery-is-layout-flex\">\n<figure class=\"wp-block-image size-large\"><img loading=\"lazy\" decoding=\"async\" width=\"724\" height=\"1024\" data-id=\"406\" src=\"https:\/\/www.enturtravel.com\/wp-content\/uploads\/2024\/08\/8-724x1024.png\" alt=\"\" class=\"wp-image-406\" srcset=\"http:\/\/www.enturtravel.com\/wp-content\/uploads\/2024\/08\/8-724x1024.png 724w, http:\/\/www.enturtravel.com\/wp-content\/uploads\/2024\/08\/8-212x300.png 212w, http:\/\/www.enturtravel.com\/wp-content\/uploads\/2024\/08\/8-768x1086.png 768w, http:\/\/www.enturtravel.com\/wp-content\/uploads\/2024\/08\/8-1086x1536.png 1086w, http:\/\/www.enturtravel.com\/wp-content\/uploads\/2024\/08\/8-1448x2048.png 1448w, http:\/\/www.enturtravel.com\/wp-content\/uploads\/2024\/08\/8-1800x2546.png 1800w\" sizes=\"(max-width: 724px) 100vw, 724px\" \/><\/figure>\n<\/figure>\n","protected":false},"excerpt":{"rendered":"<p>\u0130talya&#8217;n\u0131n b\u00fcy\u00fcleyici \u015fehirlerini kapsayan Venedik, Milano, Floransa, Pisa ve Roma turu, tarih, k\u00fclt\u00fcr ve sanat dolu bir yolculuk sunar. Venedik&#8217;in romantik kanallar\u0131nda gondol gezisi yaparak [&#8230;]<\/p>\n","protected":false},"author":1,"featured_media":0,"parent":0,"menu_order":0,"comment_status":"closed","ping_status":"closed","template":"","meta":{"footnotes":""},"class_list":["post-226","page","type-page","status-publish","hentry"],"_links":{"self":[{"href":"http:\/\/www.enturtravel.com\/index.php\/wp-json\/wp\/v2\/pages\/226"}],"collection":[{"href":"http:\/\/www.enturtravel.com\/index.php\/wp-json\/wp\/v2\/pages"}],"about":[{"href":"http:\/\/www.enturtravel.com\/index.php\/wp-json\/wp\/v2\/types\/page"}],"author":[{"embeddable":true,"href":"http:\/\/www.enturtravel.com\/index.php\/wp-json\/wp\/v2\/users\/1"}],"replies":[{"embeddable":true,"href":"http:\/\/www.enturtravel.com\/index.php\/wp-json\/wp\/v2\/comments?post=226"}],"version-history":[{"count":3,"href":"http:\/\/www.enturtravel.com\/index.php\/wp-json\/wp\/v2\/pages\/226\/revisions"}],"predecessor-version":[{"id":407,"href":"http:\/\/www.enturtravel.com\/index.php\/wp-json\/wp\/v2\/pages\/226\/revisions\/407"}],"wp:attachment":[{"href":"http:\/\/www.enturtravel.com\/index.php\/wp-json\/wp\/v2\/media?parent=226"}],"curies":[{"name":"wp","href":"https:\/\/api.w.org\/{rel}","templated":true}]}}