{"id":232,"date":"2024-08-06T21:13:43","date_gmt":"2024-08-06T21:13:43","guid":{"rendered":"https:\/\/www.enturtravel.com\/?page_id=232"},"modified":"2024-08-12T13:12:05","modified_gmt":"2024-08-12T13:12:05","slug":"portekiz-turu","status":"publish","type":"page","link":"http:\/\/www.enturtravel.com\/index.php\/portekiz-turu\/","title":{"rendered":"Portekiz Turu"},"content":{"rendered":"\n<p>Lizbon, Portekiz&#8217;in ba\u015fkenti ve en b\u00fcy\u00fck \u015fehri olarak, b\u00fcy\u00fcleyici bir turistik destinasyondur. Lizbon turuna ba\u015flarken, \u015fehrin tarihi ve mimari zenginliklerini ke\u015ffetmek i\u00e7in Alfama b\u00f6lgesini ziyaret edebilirsiniz. Dar sokaklar\u0131 ve geleneksel Fado m\u00fczi\u011fi ile \u00fcnl\u00fc bu b\u00f6lgede, S\u00e3o Jorge Kalesi&#8217;ne \u00e7\u0131karak \u015fehrin panoramik manzaras\u0131n\u0131n tad\u0131n\u0131 \u00e7\u0131karabilirsiniz. Bel\u00e9m semtinde, Jer\u00f3nimos Manast\u0131r\u0131 ve Bel\u00e9m Kulesi gibi UNESCO D\u00fcnya Miras\u0131 listesindeki yap\u0131lar\u0131 g\u00f6rmek m\u00fcmk\u00fcnd\u00fcr. Ayr\u0131ca, Lizbon&#8217;un modern y\u00fcz\u00fcn\u00fc ke\u015ffetmek i\u00e7in Parque das Na\u00e7\u00f5es b\u00f6lgesine gidebilir ve Ocean\u00e1rio de Lisboa&#8217;y\u0131 ziyaret edebilirsiniz. \u015eehrin tramvaylar\u0131 da hem ula\u015f\u0131m hem de e\u011flenceli bir deneyim sunar. Lizbon sokaklar\u0131nda dola\u015f\u0131rken pastel de nata gibi lezzetli Portekiz tatl\u0131lar\u0131n\u0131 tatmay\u0131 unutmay\u0131n. Lizbon, tarihi, k\u00fclt\u00fcrel zenginlikleri ve lezzetli mutfa\u011f\u0131 ile unutulmaz bir tur sunar.<\/p>\n\n\n\n<figure class=\"wp-block-gallery has-nested-images columns-default is-cropped wp-block-gallery-1 is-layout-flex wp-block-gallery-is-layout-flex\">\n<figure class=\"wp-block-image size-large\"><img loading=\"lazy\" decoding=\"async\" width=\"724\" height=\"1024\" data-id=\"421\" src=\"https:\/\/www.enturtravel.com\/wp-content\/uploads\/2024\/08\/15-724x1024.png\" alt=\"\" class=\"wp-image-421\" srcset=\"http:\/\/www.enturtravel.com\/wp-content\/uploads\/2024\/08\/15-724x1024.png 724w, http:\/\/www.enturtravel.com\/wp-content\/uploads\/2024\/08\/15-212x300.png 212w, http:\/\/www.enturtravel.com\/wp-content\/uploads\/2024\/08\/15-768x1086.png 768w, http:\/\/www.enturtravel.com\/wp-content\/uploads\/2024\/08\/15-1086x1536.png 1086w, http:\/\/www.enturtravel.com\/wp-content\/uploads\/2024\/08\/15-1448x2048.png 1448w, http:\/\/www.enturtravel.com\/wp-content\/uploads\/2024\/08\/15-1800x2546.png 1800w\" sizes=\"(max-width: 724px) 100vw, 724px\" \/><\/figure>\n<\/figure>\n\n\n\n<figure class=\"wp-block-gallery has-nested-images columns-default is-cropped wp-block-gallery-2 is-layout-flex wp-block-gallery-is-layout-flex\">\n<figure class=\"wp-block-image size-large\"><img loading=\"lazy\" decoding=\"async\" width=\"724\" height=\"1024\" data-id=\"422\" src=\"https:\/\/www.enturtravel.com\/wp-content\/uploads\/2024\/08\/16-724x1024.png\" alt=\"\" class=\"wp-image-422\" srcset=\"http:\/\/www.enturtravel.com\/wp-content\/uploads\/2024\/08\/16-724x1024.png 724w, http:\/\/www.enturtravel.com\/wp-content\/uploads\/2024\/08\/16-212x300.png 212w, http:\/\/www.enturtravel.com\/wp-content\/uploads\/2024\/08\/16-768x1086.png 768w, http:\/\/www.enturtravel.com\/wp-content\/uploads\/2024\/08\/16-1086x1536.png 1086w, http:\/\/www.enturtravel.com\/wp-content\/uploads\/2024\/08\/16-1448x2048.png 1448w, http:\/\/www.enturtravel.com\/wp-content\/uploads\/2024\/08\/16-1800x2546.png 1800w\" sizes=\"(max-width: 724px) 100vw, 724px\" \/><\/figure>\n<\/figure>\n","protected":false},"excerpt":{"rendered":"<p>Lizbon, Portekiz&#8217;in ba\u015fkenti ve en b\u00fcy\u00fck \u015fehri olarak, b\u00fcy\u00fcleyici bir turistik destinasyondur. Lizbon turuna ba\u015flarken, \u015fehrin tarihi ve mimari zenginliklerini ke\u015ffetmek i\u00e7in Alfama b\u00f6lgesini ziyaret [&#8230;]<\/p>\n","protected":false},"author":1,"featured_media":0,"parent":0,"menu_order":0,"comment_status":"closed","ping_status":"closed","template":"","meta":{"footnotes":""},"class_list":["post-232","page","type-page","status-publish","hentry"],"_links":{"self":[{"href":"http:\/\/www.enturtravel.com\/index.php\/wp-json\/wp\/v2\/pages\/232"}],"collection":[{"href":"http:\/\/www.enturtravel.com\/index.php\/wp-json\/wp\/v2\/pages"}],"about":[{"href":"http:\/\/www.enturtravel.com\/index.php\/wp-json\/wp\/v2\/types\/page"}],"author":[{"embeddable":true,"href":"http:\/\/www.enturtravel.com\/index.php\/wp-json\/wp\/v2\/users\/1"}],"replies":[{"embeddable":true,"href":"http:\/\/www.enturtravel.com\/index.php\/wp-json\/wp\/v2\/comments?post=232"}],"version-history":[{"count":3,"href":"http:\/\/www.enturtravel.com\/index.php\/wp-json\/wp\/v2\/pages\/232\/revisions"}],"predecessor-version":[{"id":423,"href":"http:\/\/www.enturtravel.com\/index.php\/wp-json\/wp\/v2\/pages\/232\/revisions\/423"}],"wp:attachment":[{"href":"http:\/\/www.enturtravel.com\/index.php\/wp-json\/wp\/v2\/media?parent=232"}],"curies":[{"name":"wp","href":"https:\/\/api.w.org\/{rel}","templated":true}]}}