{"id":235,"date":"2024-08-06T21:13:59","date_gmt":"2024-08-06T21:13:59","guid":{"rendered":"https:\/\/www.enturtravel.com\/?page_id=235"},"modified":"2024-08-13T12:23:29","modified_gmt":"2024-08-13T12:23:29","slug":"brezilya-turu","status":"publish","type":"page","link":"http:\/\/www.enturtravel.com\/index.php\/brezilya-turu\/","title":{"rendered":"Brezilya ve Arjantin Turu"},"content":{"rendered":"\n<p>Brezilya ve Arjantin turu, G\u00fcney Amerika&#8217;n\u0131n benzersiz k\u00fclt\u00fcrlerini, do\u011fal g\u00fczelliklerini ve canl\u0131 \u015fehirlerini ke\u015ffetmek i\u00e7in m\u00fckemmel bir f\u0131rsatt\u0131r. Brezilya&#8217;da Rio de Janeiro&#8217;nun \u00fcnl\u00fc Copacabana Plaj\u0131&#8217;nda g\u00fcne\u015flenebilir, Kurtar\u0131c\u0131 \u0130sa Heykeli&#8217;ni ziyaret edebilir ve Amazon Ormanlar\u0131&#8217;n\u0131n derinliklerinde macera ya\u015fayabilirsiniz. Ayr\u0131ca, Brezilya&#8217;n\u0131n renkli karnavallar\u0131 ve samba ritimleriyle tan\u0131\u015fmak da unutulmaz bir deneyimdir. Ard\u0131ndan, Arjantin&#8217;e ge\u00e7erek Buenos Aires&#8217;in tango dolu sokaklar\u0131nda dola\u015fabilir, Iguazu \u015eelaleleri&#8217;nin b\u00fcy\u00fcleyici manzaras\u0131n\u0131 izleyebilir ve Patagonya&#8217;n\u0131n vah\u015fi do\u011fas\u0131nda ke\u015ffe \u00e7\u0131kabilirsiniz. Her iki \u00fclke de ziyaret\u00e7ilerine e\u015fsiz lezzetler, dost canl\u0131s\u0131 insanlar ve etkileyici tarihler sunar. Bu tur, hem do\u011fa severler hem de k\u00fclt\u00fcr merakl\u0131lar\u0131 i\u00e7in harika bir se\u00e7enektir.<\/p>\n\n\n\n<figure class=\"wp-block-gallery has-nested-images columns-default is-cropped wp-block-gallery-1 is-layout-flex wp-block-gallery-is-layout-flex\">\n<figure class=\"wp-block-image size-large\"><img loading=\"lazy\" decoding=\"async\" width=\"724\" height=\"1024\" data-id=\"429\" src=\"https:\/\/www.enturtravel.com\/wp-content\/uploads\/2024\/08\/19-724x1024.png\" alt=\"\" class=\"wp-image-429\" srcset=\"http:\/\/www.enturtravel.com\/wp-content\/uploads\/2024\/08\/19-724x1024.png 724w, http:\/\/www.enturtravel.com\/wp-content\/uploads\/2024\/08\/19-212x300.png 212w, http:\/\/www.enturtravel.com\/wp-content\/uploads\/2024\/08\/19-768x1086.png 768w, http:\/\/www.enturtravel.com\/wp-content\/uploads\/2024\/08\/19-1086x1536.png 1086w, http:\/\/www.enturtravel.com\/wp-content\/uploads\/2024\/08\/19-1448x2048.png 1448w, http:\/\/www.enturtravel.com\/wp-content\/uploads\/2024\/08\/19-1800x2546.png 1800w\" sizes=\"(max-width: 724px) 100vw, 724px\" \/><\/figure>\n<\/figure>\n\n\n\n<figure class=\"wp-block-gallery has-nested-images columns-default is-cropped wp-block-gallery-2 is-layout-flex wp-block-gallery-is-layout-flex\">\n<figure class=\"wp-block-image size-large\"><img loading=\"lazy\" decoding=\"async\" width=\"724\" height=\"1024\" data-id=\"431\" src=\"https:\/\/www.enturtravel.com\/wp-content\/uploads\/2024\/08\/20-724x1024.png\" alt=\"\" class=\"wp-image-431\" srcset=\"http:\/\/www.enturtravel.com\/wp-content\/uploads\/2024\/08\/20-724x1024.png 724w, http:\/\/www.enturtravel.com\/wp-content\/uploads\/2024\/08\/20-212x300.png 212w, http:\/\/www.enturtravel.com\/wp-content\/uploads\/2024\/08\/20-768x1086.png 768w, http:\/\/www.enturtravel.com\/wp-content\/uploads\/2024\/08\/20-1086x1536.png 1086w, http:\/\/www.enturtravel.com\/wp-content\/uploads\/2024\/08\/20-1448x2048.png 1448w, http:\/\/www.enturtravel.com\/wp-content\/uploads\/2024\/08\/20-1800x2546.png 1800w\" sizes=\"(max-width: 724px) 100vw, 724px\" \/><\/figure>\n<\/figure>\n","protected":false},"excerpt":{"rendered":"<p>Brezilya ve Arjantin turu, G\u00fcney Amerika&#8217;n\u0131n benzersiz k\u00fclt\u00fcrlerini, do\u011fal g\u00fczelliklerini ve canl\u0131 \u015fehirlerini ke\u015ffetmek i\u00e7in m\u00fckemmel bir f\u0131rsatt\u0131r. Brezilya&#8217;da Rio de Janeiro&#8217;nun \u00fcnl\u00fc Copacabana Plaj\u0131&#8217;nda [&#8230;]<\/p>\n","protected":false},"author":1,"featured_media":0,"parent":0,"menu_order":0,"comment_status":"closed","ping_status":"closed","template":"","meta":{"footnotes":""},"class_list":["post-235","page","type-page","status-publish","hentry"],"_links":{"self":[{"href":"http:\/\/www.enturtravel.com\/index.php\/wp-json\/wp\/v2\/pages\/235"}],"collection":[{"href":"http:\/\/www.enturtravel.com\/index.php\/wp-json\/wp\/v2\/pages"}],"about":[{"href":"http:\/\/www.enturtravel.com\/index.php\/wp-json\/wp\/v2\/types\/page"}],"author":[{"embeddable":true,"href":"http:\/\/www.enturtravel.com\/index.php\/wp-json\/wp\/v2\/users\/1"}],"replies":[{"embeddable":true,"href":"http:\/\/www.enturtravel.com\/index.php\/wp-json\/wp\/v2\/comments?post=235"}],"version-history":[{"count":4,"href":"http:\/\/www.enturtravel.com\/index.php\/wp-json\/wp\/v2\/pages\/235\/revisions"}],"predecessor-version":[{"id":432,"href":"http:\/\/www.enturtravel.com\/index.php\/wp-json\/wp\/v2\/pages\/235\/revisions\/432"}],"wp:attachment":[{"href":"http:\/\/www.enturtravel.com\/index.php\/wp-json\/wp\/v2\/media?parent=235"}],"curies":[{"name":"wp","href":"https:\/\/api.w.org\/{rel}","templated":true}]}}