{"id":241,"date":"2024-08-06T21:14:29","date_gmt":"2024-08-06T21:14:29","guid":{"rendered":"https:\/\/www.enturtravel.com\/?page_id=241"},"modified":"2024-08-14T13:18:06","modified_gmt":"2024-08-14T13:18:06","slug":"dubai-turu","status":"publish","type":"page","link":"http:\/\/www.enturtravel.com\/index.php\/dubai-turu\/","title":{"rendered":"Dubai Turu"},"content":{"rendered":"\n<p class=\"has-text-align-left\">Dubai seyahati, modern mimarisi, l\u00fcks al\u0131\u015fveri\u015f merkezleri, etkileyici g\u00f6kdelenleri ve k\u00fclt\u00fcrel zenginlikleriyle unutulmaz bir deneyim sunar. Burj Khalifa, d\u00fcnyan\u0131n en y\u00fcksek binas\u0131 olarak \u015fehrin simgesi haline gelmi\u015ftir ve ziyaret\u00e7ilerine muhte\u015fem bir manzara sunar. Dubai Mall, sadece al\u0131\u015fveri\u015f yapmak i\u00e7in de\u011fil, ayn\u0131 zamanda \u00e7e\u015fitli e\u011flence ve dinlenme aktiviteleri i\u00e7in de ideal bir mekand\u0131r. Ayr\u0131ca, tarihi dokuyu ve yerel k\u00fclt\u00fcr\u00fc ke\u015ffetmek isteyenler i\u00e7in Al Fahidi Tarihi Mahallesi ve Dubai M\u00fczesi ziyaret edilebilecek en g\u00fczel yerler aras\u0131nda bulunur. \u00c7\u00f6l safarileri, l\u00fcks plajlar ve Palm Jumeirah gibi yapay adalar ise Dubai&#8217;nin sundu\u011fu di\u011fer s\u0131ra d\u0131\u015f\u0131 deneyimlerdendir. Birle\u015fik Arap Emirlikleri&#8217;nin bu g\u00f6zde \u015fehri, hem modern hem de geleneksel unsurlar\u0131 bir araya getirerek her t\u00fcrden gezgine hitap eder.<\/p>\n\n\n\n<figure class=\"wp-block-gallery has-nested-images columns-default is-cropped wp-block-gallery-1 is-layout-flex wp-block-gallery-is-layout-flex\">\n<figure class=\"wp-block-image size-large\"><img loading=\"lazy\" decoding=\"async\" width=\"724\" height=\"1024\" data-id=\"440\" src=\"https:\/\/www.enturtravel.com\/wp-content\/uploads\/2024\/08\/23-724x1024.png\" alt=\"\" class=\"wp-image-440\" srcset=\"http:\/\/www.enturtravel.com\/wp-content\/uploads\/2024\/08\/23-724x1024.png 724w, http:\/\/www.enturtravel.com\/wp-content\/uploads\/2024\/08\/23-212x300.png 212w, http:\/\/www.enturtravel.com\/wp-content\/uploads\/2024\/08\/23-768x1086.png 768w, http:\/\/www.enturtravel.com\/wp-content\/uploads\/2024\/08\/23-1086x1536.png 1086w, http:\/\/www.enturtravel.com\/wp-content\/uploads\/2024\/08\/23-1448x2048.png 1448w, http:\/\/www.enturtravel.com\/wp-content\/uploads\/2024\/08\/23-1800x2546.png 1800w\" sizes=\"(max-width: 724px) 100vw, 724px\" \/><\/figure>\n<\/figure>\n\n\n\n<figure class=\"wp-block-gallery has-nested-images columns-default is-cropped wp-block-gallery-2 is-layout-flex wp-block-gallery-is-layout-flex\">\n<figure class=\"wp-block-image size-large\"><img loading=\"lazy\" decoding=\"async\" width=\"4419\" height=\"6250\" data-id=\"441\" src=\"https:\/\/www.enturtravel.com\/wp-content\/uploads\/2024\/08\/24-724x1024.png\" alt=\"\" class=\"wp-image-441\" srcset=\"http:\/\/www.enturtravel.com\/wp-content\/uploads\/2024\/08\/24-724x1024.png 724w, http:\/\/www.enturtravel.com\/wp-content\/uploads\/2024\/08\/24-212x300.png 212w, http:\/\/www.enturtravel.com\/wp-content\/uploads\/2024\/08\/24-768x1086.png 768w, http:\/\/www.enturtravel.com\/wp-content\/uploads\/2024\/08\/24-1086x1536.png 1086w, http:\/\/www.enturtravel.com\/wp-content\/uploads\/2024\/08\/24-1448x2048.png 1448w, http:\/\/www.enturtravel.com\/wp-content\/uploads\/2024\/08\/24-1800x2546.png 1800w\" sizes=\"(max-width: 4419px) 100vw, 4419px\" \/><\/figure>\n<\/figure>\n","protected":false},"excerpt":{"rendered":"<p>Dubai seyahati, modern mimarisi, l\u00fcks al\u0131\u015fveri\u015f merkezleri, etkileyici g\u00f6kdelenleri ve k\u00fclt\u00fcrel zenginlikleriyle unutulmaz bir deneyim sunar. Burj Khalifa, d\u00fcnyan\u0131n en y\u00fcksek binas\u0131 olarak \u015fehrin simgesi [&#8230;]<\/p>\n","protected":false},"author":1,"featured_media":0,"parent":0,"menu_order":0,"comment_status":"closed","ping_status":"closed","template":"","meta":{"footnotes":""},"class_list":["post-241","page","type-page","status-publish","hentry"],"_links":{"self":[{"href":"http:\/\/www.enturtravel.com\/index.php\/wp-json\/wp\/v2\/pages\/241"}],"collection":[{"href":"http:\/\/www.enturtravel.com\/index.php\/wp-json\/wp\/v2\/pages"}],"about":[{"href":"http:\/\/www.enturtravel.com\/index.php\/wp-json\/wp\/v2\/types\/page"}],"author":[{"embeddable":true,"href":"http:\/\/www.enturtravel.com\/index.php\/wp-json\/wp\/v2\/users\/1"}],"replies":[{"embeddable":true,"href":"http:\/\/www.enturtravel.com\/index.php\/wp-json\/wp\/v2\/comments?post=241"}],"version-history":[{"count":3,"href":"http:\/\/www.enturtravel.com\/index.php\/wp-json\/wp\/v2\/pages\/241\/revisions"}],"predecessor-version":[{"id":442,"href":"http:\/\/www.enturtravel.com\/index.php\/wp-json\/wp\/v2\/pages\/241\/revisions\/442"}],"wp:attachment":[{"href":"http:\/\/www.enturtravel.com\/index.php\/wp-json\/wp\/v2\/media?parent=241"}],"curies":[{"name":"wp","href":"https:\/\/api.w.org\/{rel}","templated":true}]}}