{"id":244,"date":"2024-08-06T21:14:42","date_gmt":"2024-08-06T21:14:42","guid":{"rendered":"https:\/\/www.enturtravel.com\/?page_id=244"},"modified":"2024-08-12T13:16:57","modified_gmt":"2024-08-12T13:16:57","slug":"misir-turu","status":"publish","type":"page","link":"http:\/\/www.enturtravel.com\/index.php\/misir-turu\/","title":{"rendered":"M\u0131s\u0131r Turu"},"content":{"rendered":"\n<p>Hurghada, Luxor ve Kahire turu, M\u0131s\u0131r&#8217;\u0131n en b\u00fcy\u00fcleyici destinasyonlar\u0131n\u0131 ke\u015ffetmek isteyen gezginler i\u00e7in m\u00fckemmel bir se\u00e7enektir. Tur, genellikle K\u0131z\u0131ldeniz k\u0131y\u0131s\u0131nda yer alan ve muhte\u015fem plajlar\u0131 ile \u00fcnl\u00fc Hurghada&#8217;dan ba\u015flar. Burada, dal\u0131\u015f ve \u015fnorkelle y\u00fczme gibi su aktivitelerinin keyfini \u00e7\u0131karabilir, g\u00fcne\u015fin ve denizin tad\u0131n\u0131 \u00e7\u0131karabilirsiniz. Daha sonra, antik M\u0131s\u0131r&#8217;\u0131n kalbi olarak bilinen Luxor&#8217;a ge\u00e7ilir. Luxor&#8217;da, Karnak Tap\u0131na\u011f\u0131, Krallar Vadisi ve Luxor Tap\u0131na\u011f\u0131 gibi tarihi ve arkeolojik alanlar\u0131 gezebilir, antik M\u0131s\u0131r&#8217;\u0131n ihti\u015fam\u0131na tan\u0131kl\u0131k edebilirsiniz. Turun son dura\u011f\u0131 ise ba\u015fkent Kahire&#8217;dir. Kahire&#8217;de, Giza Piramitleri, Sfenks ve M\u0131s\u0131r M\u00fczesi gibi d\u00fcnyaca \u00fcnl\u00fc yap\u0131lar\u0131 ziyaret edebilir, Nil Nehri boyunca unutulmaz bir gezintiye \u00e7\u0131kabilirsiniz. Bu tur, tarih, k\u00fclt\u00fcr ve do\u011fa g\u00fczelliklerini bir araya getirerek unutulmaz bir deneyim sunar.<\/p>\n\n\n\n<figure class=\"wp-block-gallery has-nested-images columns-default is-cropped wp-block-gallery-1 is-layout-flex wp-block-gallery-is-layout-flex\">\n<figure class=\"wp-block-image size-large\"><img loading=\"lazy\" decoding=\"async\" width=\"724\" height=\"1024\" data-id=\"425\" src=\"https:\/\/www.enturtravel.com\/wp-content\/uploads\/2024\/08\/17-724x1024.png\" alt=\"\" class=\"wp-image-425\" srcset=\"http:\/\/www.enturtravel.com\/wp-content\/uploads\/2024\/08\/17-724x1024.png 724w, http:\/\/www.enturtravel.com\/wp-content\/uploads\/2024\/08\/17-212x300.png 212w, http:\/\/www.enturtravel.com\/wp-content\/uploads\/2024\/08\/17-768x1086.png 768w, http:\/\/www.enturtravel.com\/wp-content\/uploads\/2024\/08\/17-1086x1536.png 1086w, http:\/\/www.enturtravel.com\/wp-content\/uploads\/2024\/08\/17-1448x2048.png 1448w, http:\/\/www.enturtravel.com\/wp-content\/uploads\/2024\/08\/17-1800x2546.png 1800w\" sizes=\"(max-width: 724px) 100vw, 724px\" \/><\/figure>\n<\/figure>\n\n\n\n<figure class=\"wp-block-gallery has-nested-images columns-default is-cropped wp-block-gallery-2 is-layout-flex wp-block-gallery-is-layout-flex\">\n<figure class=\"wp-block-image size-large\"><img loading=\"lazy\" decoding=\"async\" width=\"724\" height=\"1024\" data-id=\"426\" src=\"https:\/\/www.enturtravel.com\/wp-content\/uploads\/2024\/08\/18-724x1024.png\" alt=\"\" class=\"wp-image-426\" srcset=\"http:\/\/www.enturtravel.com\/wp-content\/uploads\/2024\/08\/18-724x1024.png 724w, http:\/\/www.enturtravel.com\/wp-content\/uploads\/2024\/08\/18-212x300.png 212w, http:\/\/www.enturtravel.com\/wp-content\/uploads\/2024\/08\/18-768x1086.png 768w, http:\/\/www.enturtravel.com\/wp-content\/uploads\/2024\/08\/18-1086x1536.png 1086w, http:\/\/www.enturtravel.com\/wp-content\/uploads\/2024\/08\/18-1448x2048.png 1448w, http:\/\/www.enturtravel.com\/wp-content\/uploads\/2024\/08\/18-1800x2546.png 1800w\" sizes=\"(max-width: 724px) 100vw, 724px\" \/><\/figure>\n<\/figure>\n","protected":false},"excerpt":{"rendered":"<p>Hurghada, Luxor ve Kahire turu, M\u0131s\u0131r&#8217;\u0131n en b\u00fcy\u00fcleyici destinasyonlar\u0131n\u0131 ke\u015ffetmek isteyen gezginler i\u00e7in m\u00fckemmel bir se\u00e7enektir. Tur, genellikle K\u0131z\u0131ldeniz k\u0131y\u0131s\u0131nda yer alan ve muhte\u015fem plajlar\u0131 [&#8230;]<\/p>\n","protected":false},"author":1,"featured_media":0,"parent":0,"menu_order":0,"comment_status":"closed","ping_status":"closed","template":"","meta":{"footnotes":""},"class_list":["post-244","page","type-page","status-publish","hentry"],"_links":{"self":[{"href":"http:\/\/www.enturtravel.com\/index.php\/wp-json\/wp\/v2\/pages\/244"}],"collection":[{"href":"http:\/\/www.enturtravel.com\/index.php\/wp-json\/wp\/v2\/pages"}],"about":[{"href":"http:\/\/www.enturtravel.com\/index.php\/wp-json\/wp\/v2\/types\/page"}],"author":[{"embeddable":true,"href":"http:\/\/www.enturtravel.com\/index.php\/wp-json\/wp\/v2\/users\/1"}],"replies":[{"embeddable":true,"href":"http:\/\/www.enturtravel.com\/index.php\/wp-json\/wp\/v2\/comments?post=244"}],"version-history":[{"count":3,"href":"http:\/\/www.enturtravel.com\/index.php\/wp-json\/wp\/v2\/pages\/244\/revisions"}],"predecessor-version":[{"id":427,"href":"http:\/\/www.enturtravel.com\/index.php\/wp-json\/wp\/v2\/pages\/244\/revisions\/427"}],"wp:attachment":[{"href":"http:\/\/www.enturtravel.com\/index.php\/wp-json\/wp\/v2\/media?parent=244"}],"curies":[{"name":"wp","href":"https:\/\/api.w.org\/{rel}","templated":true}]}}