{"id":247,"date":"2024-08-06T21:14:53","date_gmt":"2024-08-06T21:14:53","guid":{"rendered":"https:\/\/www.enturtravel.com\/?page_id=247"},"modified":"2024-08-15T12:38:33","modified_gmt":"2024-08-15T12:38:33","slug":"fas-turu","status":"publish","type":"page","link":"http:\/\/www.enturtravel.com\/index.php\/fas-turu\/","title":{"rendered":"Fas Turu"},"content":{"rendered":"\n<p>Fas Krall\u0131\u011f\u0131, hem tarihi hem de k\u00fclt\u00fcrel a\u00e7\u0131dan zengin bir destinasyon olarak ziyaret\u00e7ilerine e\u015fsiz deneyimler sunar. Marake\u015f&#8217;in b\u00fcy\u00fcleyici sokaklar\u0131nda dola\u015farak, renkli \u00e7ar\u015f\u0131larda al\u0131\u015fveri\u015f yapabilir ve geleneksel Arap mimarisinin muhte\u015fem \u00f6rneklerini g\u00f6rebilirsiniz. Fes&#8217;in dar sokaklar\u0131nda kaybolarak, d\u00fcnyan\u0131n en eski \u00fcniversitesine ev sahipli\u011fi yapan bu \u015fehrin tarihine tan\u0131kl\u0131k edebilirsiniz. Atlas Da\u011flar\u0131&#8217;n\u0131n eteklerinde yer alan Berberi k\u00f6ylerini ziyaret ederek, yerel halk\u0131n misafirperverli\u011fini ve k\u00fclt\u00fcr\u00fcn\u00fc yak\u0131ndan tan\u0131ma f\u0131rsat\u0131 bulabilirsiniz. Ayr\u0131ca, Sahra \u00c7\u00f6l\u00fc&#8217;nde bir deve safarisi yaparak, kum tepeleri aras\u0131nda unutulmaz bir gece ge\u00e7irebilirsiniz. Fas mutfa\u011f\u0131 da zengin aromalar\u0131 ve lezzetleriyle damaklar\u0131n\u0131za hitap eder; tagine ve kuskus gibi geleneksel yemekleri tatmadan d\u00f6nmemenizi \u00f6neririm. Fas Krall\u0131\u011f\u0131, tarih, k\u00fclt\u00fcr, do\u011fa ve gastronomi ile dolu bir yolculuk arayanlar i\u00e7in ideal bir se\u00e7enektir.<\/p>\n\n\n\n<figure class=\"wp-block-gallery has-nested-images columns-default is-cropped wp-block-gallery-1 is-layout-flex wp-block-gallery-is-layout-flex\">\n<figure class=\"wp-block-image size-large\"><img loading=\"lazy\" decoding=\"async\" width=\"724\" height=\"1024\" data-id=\"444\" src=\"https:\/\/www.enturtravel.com\/wp-content\/uploads\/2024\/08\/25-724x1024.png\" alt=\"\" class=\"wp-image-444\" srcset=\"http:\/\/www.enturtravel.com\/wp-content\/uploads\/2024\/08\/25-724x1024.png 724w, http:\/\/www.enturtravel.com\/wp-content\/uploads\/2024\/08\/25-212x300.png 212w, http:\/\/www.enturtravel.com\/wp-content\/uploads\/2024\/08\/25-768x1086.png 768w, http:\/\/www.enturtravel.com\/wp-content\/uploads\/2024\/08\/25-1086x1536.png 1086w, http:\/\/www.enturtravel.com\/wp-content\/uploads\/2024\/08\/25.png 1414w\" sizes=\"(max-width: 724px) 100vw, 724px\" \/><\/figure>\n<\/figure>\n\n\n\n<figure class=\"wp-block-gallery has-nested-images columns-default is-cropped wp-block-gallery-2 is-layout-flex wp-block-gallery-is-layout-flex\">\n<figure class=\"wp-block-image size-large\"><img loading=\"lazy\" decoding=\"async\" width=\"724\" height=\"1024\" data-id=\"445\" src=\"https:\/\/www.enturtravel.com\/wp-content\/uploads\/2024\/08\/26-724x1024.png\" alt=\"\" class=\"wp-image-445\" srcset=\"http:\/\/www.enturtravel.com\/wp-content\/uploads\/2024\/08\/26-724x1024.png 724w, http:\/\/www.enturtravel.com\/wp-content\/uploads\/2024\/08\/26-212x300.png 212w, http:\/\/www.enturtravel.com\/wp-content\/uploads\/2024\/08\/26-768x1086.png 768w, http:\/\/www.enturtravel.com\/wp-content\/uploads\/2024\/08\/26-1086x1536.png 1086w, http:\/\/www.enturtravel.com\/wp-content\/uploads\/2024\/08\/26.png 1414w\" sizes=\"(max-width: 724px) 100vw, 724px\" \/><\/figure>\n<\/figure>\n","protected":false},"excerpt":{"rendered":"<p>Fas Krall\u0131\u011f\u0131, hem tarihi hem de k\u00fclt\u00fcrel a\u00e7\u0131dan zengin bir destinasyon olarak ziyaret\u00e7ilerine e\u015fsiz deneyimler sunar. Marake\u015f&#8217;in b\u00fcy\u00fcleyici sokaklar\u0131nda dola\u015farak, renkli \u00e7ar\u015f\u0131larda al\u0131\u015fveri\u015f yapabilir ve [&#8230;]<\/p>\n","protected":false},"author":1,"featured_media":0,"parent":0,"menu_order":0,"comment_status":"closed","ping_status":"closed","template":"","meta":{"footnotes":""},"class_list":["post-247","page","type-page","status-publish","hentry"],"_links":{"self":[{"href":"http:\/\/www.enturtravel.com\/index.php\/wp-json\/wp\/v2\/pages\/247"}],"collection":[{"href":"http:\/\/www.enturtravel.com\/index.php\/wp-json\/wp\/v2\/pages"}],"about":[{"href":"http:\/\/www.enturtravel.com\/index.php\/wp-json\/wp\/v2\/types\/page"}],"author":[{"embeddable":true,"href":"http:\/\/www.enturtravel.com\/index.php\/wp-json\/wp\/v2\/users\/1"}],"replies":[{"embeddable":true,"href":"http:\/\/www.enturtravel.com\/index.php\/wp-json\/wp\/v2\/comments?post=247"}],"version-history":[{"count":3,"href":"http:\/\/www.enturtravel.com\/index.php\/wp-json\/wp\/v2\/pages\/247\/revisions"}],"predecessor-version":[{"id":446,"href":"http:\/\/www.enturtravel.com\/index.php\/wp-json\/wp\/v2\/pages\/247\/revisions\/446"}],"wp:attachment":[{"href":"http:\/\/www.enturtravel.com\/index.php\/wp-json\/wp\/v2\/media?parent=247"}],"curies":[{"name":"wp","href":"https:\/\/api.w.org\/{rel}","templated":true}]}}