{"id":250,"date":"2024-08-06T21:15:06","date_gmt":"2024-08-06T21:15:06","guid":{"rendered":"https:\/\/www.enturtravel.com\/?page_id=250"},"modified":"2024-08-09T12:10:03","modified_gmt":"2024-08-09T12:10:03","slug":"balkanlar-turu","status":"publish","type":"page","link":"http:\/\/www.enturtravel.com\/index.php\/balkanlar-turu\/","title":{"rendered":"Balkanlar Turu"},"content":{"rendered":"\n<p>Balkanlar, tarihi ve k\u00fclt\u00fcrel zenginlikleriyle tan\u0131nan, ke\u015ffedilmeyi bekleyen bir co\u011frafyad\u0131r. Balkanlar turu, Yunanistan&#8217;dan ba\u015flayarak; Makedonya, Arnavutluk, Karada\u011f, Bosna-Hersek, S\u0131rbistan, H\u0131rvatistan ve Kosova gibi \u00fclkeleri kapsayabilir. Bu tur boyunca, antik kal\u0131nt\u0131lar, Osmanl\u0131 d\u00f6neminden kalma eserler, nefes kesen do\u011fal g\u00fczellikler ve s\u0131cakkanl\u0131 insanlarla kar\u015f\u0131la\u015fabilirsiniz. \u00d6rne\u011fin, H\u0131rvatistan&#8217;\u0131n Dalma\u00e7ya k\u0131y\u0131lar\u0131 muhte\u015fem plajlar\u0131 ile \u00fcnl\u00fcyken; Bosna-Hersek&#8217;in ba\u015fkenti Saraybosna, k\u00fclt\u00fcrel \u00e7e\u015fitlili\u011fi ve tarih\u00ee dokusuyla dikkat \u00e7eker. Ayr\u0131ca, bu gezide Balkan mutfa\u011f\u0131n\u0131n lezzetli yemeklerini tatma f\u0131rsat\u0131 da bulabilirsiniz. B\u00f6rek, cevapi ve moussaka gibi yerel lezzetler, damak tad\u0131n\u0131za hitap edecek. Balkanlar turu, hem tarih ve k\u00fclt\u00fcr merakl\u0131lar\u0131, hem de do\u011fa severler i\u00e7in unutulmaz bir deneyim sunar.<\/p>\n\n\n\n<figure class=\"wp-block-gallery has-nested-images columns-default is-cropped wp-block-gallery-1 is-layout-flex wp-block-gallery-is-layout-flex\">\n<figure class=\"wp-block-image size-large\"><img loading=\"lazy\" decoding=\"async\" width=\"724\" height=\"1024\" data-id=\"401\" src=\"https:\/\/www.enturtravel.com\/wp-content\/uploads\/2024\/08\/5-1-724x1024.png\" alt=\"\" class=\"wp-image-401\" srcset=\"http:\/\/www.enturtravel.com\/wp-content\/uploads\/2024\/08\/5-1-724x1024.png 724w, http:\/\/www.enturtravel.com\/wp-content\/uploads\/2024\/08\/5-1-212x300.png 212w, http:\/\/www.enturtravel.com\/wp-content\/uploads\/2024\/08\/5-1-768x1086.png 768w, http:\/\/www.enturtravel.com\/wp-content\/uploads\/2024\/08\/5-1-1086x1536.png 1086w, http:\/\/www.enturtravel.com\/wp-content\/uploads\/2024\/08\/5-1-1448x2048.png 1448w, http:\/\/www.enturtravel.com\/wp-content\/uploads\/2024\/08\/5-1-1800x2546.png 1800w\" sizes=\"(max-width: 724px) 100vw, 724px\" \/><\/figure>\n<\/figure>\n\n\n\n<figure class=\"wp-block-gallery has-nested-images columns-default is-cropped wp-block-gallery-2 is-layout-flex wp-block-gallery-is-layout-flex\">\n<figure class=\"wp-block-image size-large\"><img loading=\"lazy\" decoding=\"async\" width=\"724\" height=\"1024\" data-id=\"402\" src=\"https:\/\/www.enturtravel.com\/wp-content\/uploads\/2024\/08\/6-724x1024.png\" alt=\"\" class=\"wp-image-402\" srcset=\"http:\/\/www.enturtravel.com\/wp-content\/uploads\/2024\/08\/6-724x1024.png 724w, http:\/\/www.enturtravel.com\/wp-content\/uploads\/2024\/08\/6-212x300.png 212w, http:\/\/www.enturtravel.com\/wp-content\/uploads\/2024\/08\/6-768x1086.png 768w, http:\/\/www.enturtravel.com\/wp-content\/uploads\/2024\/08\/6-1086x1536.png 1086w, http:\/\/www.enturtravel.com\/wp-content\/uploads\/2024\/08\/6-1448x2048.png 1448w, http:\/\/www.enturtravel.com\/wp-content\/uploads\/2024\/08\/6-1800x2546.png 1800w\" sizes=\"(max-width: 724px) 100vw, 724px\" \/><\/figure>\n<\/figure>\n","protected":false},"excerpt":{"rendered":"<p>Balkanlar, tarihi ve k\u00fclt\u00fcrel zenginlikleriyle tan\u0131nan, ke\u015ffedilmeyi bekleyen bir co\u011frafyad\u0131r. Balkanlar turu, Yunanistan&#8217;dan ba\u015flayarak; Makedonya, Arnavutluk, Karada\u011f, Bosna-Hersek, S\u0131rbistan, H\u0131rvatistan ve Kosova gibi \u00fclkeleri kapsayabilir. [&#8230;]<\/p>\n","protected":false},"author":1,"featured_media":0,"parent":0,"menu_order":0,"comment_status":"closed","ping_status":"closed","template":"","meta":{"footnotes":""},"class_list":["post-250","page","type-page","status-publish","hentry"],"_links":{"self":[{"href":"http:\/\/www.enturtravel.com\/index.php\/wp-json\/wp\/v2\/pages\/250"}],"collection":[{"href":"http:\/\/www.enturtravel.com\/index.php\/wp-json\/wp\/v2\/pages"}],"about":[{"href":"http:\/\/www.enturtravel.com\/index.php\/wp-json\/wp\/v2\/types\/page"}],"author":[{"embeddable":true,"href":"http:\/\/www.enturtravel.com\/index.php\/wp-json\/wp\/v2\/users\/1"}],"replies":[{"embeddable":true,"href":"http:\/\/www.enturtravel.com\/index.php\/wp-json\/wp\/v2\/comments?post=250"}],"version-history":[{"count":3,"href":"http:\/\/www.enturtravel.com\/index.php\/wp-json\/wp\/v2\/pages\/250\/revisions"}],"predecessor-version":[{"id":403,"href":"http:\/\/www.enturtravel.com\/index.php\/wp-json\/wp\/v2\/pages\/250\/revisions\/403"}],"wp:attachment":[{"href":"http:\/\/www.enturtravel.com\/index.php\/wp-json\/wp\/v2\/media?parent=250"}],"curies":[{"name":"wp","href":"https:\/\/api.w.org\/{rel}","templated":true}]}}