{"id":253,"date":"2024-08-06T21:15:21","date_gmt":"2024-08-06T21:15:21","guid":{"rendered":"https:\/\/www.enturtravel.com\/?page_id=253"},"modified":"2024-08-17T06:17:54","modified_gmt":"2024-08-17T06:17:54","slug":"japonya-turu","status":"publish","type":"page","link":"http:\/\/www.enturtravel.com\/index.php\/japonya-turu\/","title":{"rendered":"Japonya Turu"},"content":{"rendered":"\n<p>Tokyo, Osaka, Matsumoto, Kanazawa ve Kyoto gibi Japonya&#8217;n\u0131n en etkileyici \u015fehirlerine yap\u0131lan bir seyahat, unutulmaz bir deneyim sunabilir. Tokyo&#8217;da modern ya\u015fam\u0131n h\u0131zl\u0131 temposunu ve teknolojinin en ileri \u00f6rneklerini g\u00f6rebilir, Asakusa ve Meiji Tap\u0131na\u011f\u0131 gibi geleneksel mekanlar\u0131 ziyaret edebilirsiniz. Osaka, lezzetli sokak yemekleri ve hareketli gece hayat\u0131 ile \u00fcnl\u00fcd\u00fcr; ayr\u0131ca Universal Studios Japan gibi e\u011flence parklar\u0131n\u0131 da ke\u015ffedebilirsiniz. Matsumoto, g\u00fczel bir da\u011f \u015fehri olup, \u00f6zellikle Matsumoto Kalesi ile dikkat \u00e7eker. Kanazawa, geleneksel Japon bah\u00e7eleri ve samuray evleri ile tarih merakl\u0131lar\u0131 i\u00e7in bir cennet. Kyoto ise tarihi tap\u0131naklar, zen bah\u00e7eleri ve geleneksel \u00e7ay evleri ile Japon k\u00fclt\u00fcr\u00fcn\u00fcn kalbini olu\u015fturur. Bu \u015fehirler aras\u0131nda seyahat ederek Japonya&#8217;n\u0131n hem modern hem de geleneksel y\u00fczlerini ke\u015ffetme f\u0131rsat\u0131n\u0131 yakalayabilirsiniz.<\/p>\n\n\n\n<figure class=\"wp-block-gallery has-nested-images columns-default is-cropped wp-block-gallery-1 is-layout-flex wp-block-gallery-is-layout-flex\">\n<figure class=\"wp-block-image size-large\"><img loading=\"lazy\" decoding=\"async\" width=\"724\" height=\"1024\" data-id=\"448\" src=\"https:\/\/www.enturtravel.com\/wp-content\/uploads\/2024\/08\/27-724x1024.png\" alt=\"\" class=\"wp-image-448\" srcset=\"http:\/\/www.enturtravel.com\/wp-content\/uploads\/2024\/08\/27-724x1024.png 724w, http:\/\/www.enturtravel.com\/wp-content\/uploads\/2024\/08\/27-212x300.png 212w, http:\/\/www.enturtravel.com\/wp-content\/uploads\/2024\/08\/27-768x1086.png 768w, http:\/\/www.enturtravel.com\/wp-content\/uploads\/2024\/08\/27-1086x1536.png 1086w, http:\/\/www.enturtravel.com\/wp-content\/uploads\/2024\/08\/27.png 1414w\" sizes=\"(max-width: 724px) 100vw, 724px\" \/><\/figure>\n<\/figure>\n\n\n\n<figure class=\"wp-block-gallery has-nested-images columns-default is-cropped wp-block-gallery-2 is-layout-flex wp-block-gallery-is-layout-flex\">\n<figure class=\"wp-block-image size-large\"><img loading=\"lazy\" decoding=\"async\" width=\"724\" height=\"1024\" data-id=\"450\" src=\"https:\/\/www.enturtravel.com\/wp-content\/uploads\/2024\/08\/28-724x1024.png\" alt=\"\" class=\"wp-image-450\" srcset=\"http:\/\/www.enturtravel.com\/wp-content\/uploads\/2024\/08\/28-724x1024.png 724w, http:\/\/www.enturtravel.com\/wp-content\/uploads\/2024\/08\/28-212x300.png 212w, http:\/\/www.enturtravel.com\/wp-content\/uploads\/2024\/08\/28-768x1086.png 768w, http:\/\/www.enturtravel.com\/wp-content\/uploads\/2024\/08\/28-1086x1536.png 1086w, http:\/\/www.enturtravel.com\/wp-content\/uploads\/2024\/08\/28.png 1414w\" sizes=\"(max-width: 724px) 100vw, 724px\" \/><\/figure>\n<\/figure>\n","protected":false},"excerpt":{"rendered":"<p>Tokyo, Osaka, Matsumoto, Kanazawa ve Kyoto gibi Japonya&#8217;n\u0131n en etkileyici \u015fehirlerine yap\u0131lan bir seyahat, unutulmaz bir deneyim sunabilir. Tokyo&#8217;da modern ya\u015fam\u0131n h\u0131zl\u0131 temposunu ve teknolojinin [&#8230;]<\/p>\n","protected":false},"author":1,"featured_media":0,"parent":0,"menu_order":0,"comment_status":"closed","ping_status":"closed","template":"","meta":{"footnotes":""},"class_list":["post-253","page","type-page","status-publish","hentry"],"_links":{"self":[{"href":"http:\/\/www.enturtravel.com\/index.php\/wp-json\/wp\/v2\/pages\/253"}],"collection":[{"href":"http:\/\/www.enturtravel.com\/index.php\/wp-json\/wp\/v2\/pages"}],"about":[{"href":"http:\/\/www.enturtravel.com\/index.php\/wp-json\/wp\/v2\/types\/page"}],"author":[{"embeddable":true,"href":"http:\/\/www.enturtravel.com\/index.php\/wp-json\/wp\/v2\/users\/1"}],"replies":[{"embeddable":true,"href":"http:\/\/www.enturtravel.com\/index.php\/wp-json\/wp\/v2\/comments?post=253"}],"version-history":[{"count":3,"href":"http:\/\/www.enturtravel.com\/index.php\/wp-json\/wp\/v2\/pages\/253\/revisions"}],"predecessor-version":[{"id":451,"href":"http:\/\/www.enturtravel.com\/index.php\/wp-json\/wp\/v2\/pages\/253\/revisions\/451"}],"wp:attachment":[{"href":"http:\/\/www.enturtravel.com\/index.php\/wp-json\/wp\/v2\/media?parent=253"}],"curies":[{"name":"wp","href":"https:\/\/api.w.org\/{rel}","templated":true}]}}