{"id":256,"date":"2024-08-06T21:15:40","date_gmt":"2024-08-06T21:15:40","guid":{"rendered":"https:\/\/www.enturtravel.com\/?page_id=256"},"modified":"2024-08-20T16:25:06","modified_gmt":"2024-08-20T16:25:06","slug":"guney-afrika-turu","status":"publish","type":"page","link":"http:\/\/www.enturtravel.com\/index.php\/guney-afrika-turu\/","title":{"rendered":"G\u00fcney Afrika Turu"},"content":{"rendered":"\n<p><em>G\u00fcney Afrika Cumhuriyeti: E\u015fsiz Bir Macera Sizi Bekliyor!<\/em><\/p>\n\n\n\n<p>G\u00fcney Afrika Cumhuriyeti, benzersiz do\u011fal g\u00fczellikleri, zengin k\u00fclt\u00fcrel miras\u0131 ve etkileyici vah\u015fi ya\u015fam\u0131 ile her gezginin hayalini s\u00fcsleyen bir destinasyon. \u015eimdi, bu b\u00fcy\u00fcleyici \u00fclkeyi ke\u015ffetmek i\u00e7in size \u00f6zel olarak haz\u0131rlad\u0131\u011f\u0131m\u0131z unutulmaz bir tur program\u0131 ile kar\u015f\u0131n\u0131zday\u0131z!<\/p>\n\n\n\n<h3 class=\"wp-block-heading\"><em>Johannesburg: Tarihin ve K\u00fclt\u00fcr\u00fcn Kalbi<\/em><\/h3>\n\n\n\n<p>Turumuza G\u00fcney Afrika&#8217;n\u0131n en b\u00fcy\u00fck ve en canl\u0131 \u015fehirlerinden biri olan Johannesburg&#8217;da ba\u015fl\u0131yoruz. Apartheid M\u00fczesi&#8217;nde tarihin derinliklerine inecek, Nelson Mandela&#8217;n\u0131n izlerini s\u00fcrecek ve Soweto&#8217;nun renkli sokaklar\u0131nda yerel halk\u0131n enerjisini hissedeceksiniz. Johannesburg, hem tarih severler hem de k\u00fclt\u00fcr merakl\u0131lar\u0131 i\u00e7in e\u015fsiz bir deneyim sunuyor.<\/p>\n\n\n\n<h3 class=\"wp-block-heading\"><em>Sun City: E\u011flencenin ve L\u00fcks\u00fcn Ba\u015fkenti<\/em><\/h3>\n\n\n\n<p>Johannesburg&#8217;dan sadece birka\u00e7 saat uzakl\u0131kta yer alan Sun City, ihti\u015fam\u0131 ve e\u011flencesiyle sizi b\u00fcy\u00fcleyecek. D\u00fcnyaca \u00fcnl\u00fc otelleri, devasa su parklar\u0131, l\u00fcks kumarhaneleri ve birbirinden farkl\u0131 aktiviteleriyle Sun City, her ya\u015ftan gezgine hitap eden bir cennet. Burada, hem dinlenip hem de doyas\u0131ya e\u011flenme f\u0131rsat\u0131 yakalayacaks\u0131n\u0131z.<\/p>\n\n\n\n<h3 class=\"wp-block-heading\"><em>Pilanesberg Ulusal Park\u0131: Vah\u015fi Ya\u015fam\u0131n \u0130zinde<\/em><\/h3>\n\n\n\n<p>Afrika&#8217;n\u0131n b\u00fcy\u00fck be\u015flisini (aslan, leopar, fil, bufalo ve gergedan) do\u011fal ya\u015fam alanlar\u0131nda g\u00f6zlemlemek, Pilanesberg Ulusal Park\u0131&#8217;nda m\u00fcmk\u00fcn. Safari turlar\u0131m\u0131zla bu muhte\u015fem hayvanlar\u0131 yak\u0131ndan g\u00f6rme \u015fans\u0131n\u0131 elde edecek ve Afrika&#8217;n\u0131n vah\u015fi do\u011fas\u0131nda unutulmaz an\u0131lar biriktireceksiniz.<\/p>\n\n\n\n<h3 class=\"wp-block-heading\"><em>Cape Town: Do\u011fal G\u00fczelliklerin Ba\u015fkenti<\/em><\/h3>\n\n\n\n<p>Turumuzun son dura\u011f\u0131 ise, masmavi denizi, tarihi dokusu ve etkileyici manzaralar\u0131 ile Cape Town. D\u00fcnyan\u0131n yedi do\u011fal harikas\u0131ndan biri olan Masa Da\u011f\u0131&#8217;na \u00e7\u0131kacak, tarihi Robben Adas\u0131&#8217;n\u0131 ziyaret edecek ve \u00fcnl\u00fc Stellenbosch \u015farap vadilerinde lezzet dolu bir yolculu\u011fa \u00e7\u0131kacaks\u0131n\u0131z. Cape Town, her k\u00f6\u015fesiyle sizi kendine hayran b\u0131rakacak.<\/p>\n\n\n\n<hr class=\"wp-block-separator has-alpha-channel-opacity\"\/>\n\n\n\n<p>Bu e\u015fsiz G\u00fcney Afrika turuyla, hem modern \u015fehir ya\u015fam\u0131n\u0131 hem de do\u011fan\u0131n saf g\u00fczelliklerini bir arada deneyimleyeceksiniz. Siz de bu benzersiz maceraya kat\u0131l\u0131n ve hayat\u0131n\u0131z\u0131n en unutulmaz tatilini ya\u015fay\u0131n!<\/p>\n\n\n\n<figure class=\"wp-block-gallery has-nested-images columns-default is-cropped wp-block-gallery-1 is-layout-flex wp-block-gallery-is-layout-flex\">\n<figure class=\"wp-block-image size-large\"><img loading=\"lazy\" decoding=\"async\" width=\"724\" height=\"1024\" data-id=\"453\" src=\"https:\/\/www.enturtravel.com\/wp-content\/uploads\/2024\/08\/29-724x1024.png\" alt=\"\" class=\"wp-image-453\" srcset=\"http:\/\/www.enturtravel.com\/wp-content\/uploads\/2024\/08\/29-724x1024.png 724w, http:\/\/www.enturtravel.com\/wp-content\/uploads\/2024\/08\/29-212x300.png 212w, http:\/\/www.enturtravel.com\/wp-content\/uploads\/2024\/08\/29-768x1086.png 768w, http:\/\/www.enturtravel.com\/wp-content\/uploads\/2024\/08\/29-1086x1536.png 1086w, http:\/\/www.enturtravel.com\/wp-content\/uploads\/2024\/08\/29.png 1414w\" sizes=\"(max-width: 724px) 100vw, 724px\" \/><\/figure>\n<\/figure>\n\n\n\n<figure class=\"wp-block-gallery has-nested-images columns-default is-cropped wp-block-gallery-2 is-layout-flex wp-block-gallery-is-layout-flex\">\n<figure class=\"wp-block-image size-large\"><img loading=\"lazy\" decoding=\"async\" width=\"724\" height=\"1024\" data-id=\"454\" src=\"https:\/\/www.enturtravel.com\/wp-content\/uploads\/2024\/08\/30-724x1024.png\" alt=\"\" class=\"wp-image-454\" srcset=\"http:\/\/www.enturtravel.com\/wp-content\/uploads\/2024\/08\/30-724x1024.png 724w, http:\/\/www.enturtravel.com\/wp-content\/uploads\/2024\/08\/30-212x300.png 212w, http:\/\/www.enturtravel.com\/wp-content\/uploads\/2024\/08\/30-768x1086.png 768w, http:\/\/www.enturtravel.com\/wp-content\/uploads\/2024\/08\/30-1086x1536.png 1086w, http:\/\/www.enturtravel.com\/wp-content\/uploads\/2024\/08\/30.png 1414w\" sizes=\"(max-width: 724px) 100vw, 724px\" \/><\/figure>\n<\/figure>\n","protected":false},"excerpt":{"rendered":"<p>G\u00fcney Afrika Cumhuriyeti: E\u015fsiz Bir Macera Sizi Bekliyor! G\u00fcney Afrika Cumhuriyeti, benzersiz do\u011fal g\u00fczellikleri, zengin k\u00fclt\u00fcrel miras\u0131 ve etkileyici vah\u015fi ya\u015fam\u0131 ile her gezginin hayalini [&#8230;]<\/p>\n","protected":false},"author":1,"featured_media":0,"parent":0,"menu_order":0,"comment_status":"closed","ping_status":"closed","template":"","meta":{"footnotes":""},"class_list":["post-256","page","type-page","status-publish","hentry"],"_links":{"self":[{"href":"http:\/\/www.enturtravel.com\/index.php\/wp-json\/wp\/v2\/pages\/256"}],"collection":[{"href":"http:\/\/www.enturtravel.com\/index.php\/wp-json\/wp\/v2\/pages"}],"about":[{"href":"http:\/\/www.enturtravel.com\/index.php\/wp-json\/wp\/v2\/types\/page"}],"author":[{"embeddable":true,"href":"http:\/\/www.enturtravel.com\/index.php\/wp-json\/wp\/v2\/users\/1"}],"replies":[{"embeddable":true,"href":"http:\/\/www.enturtravel.com\/index.php\/wp-json\/wp\/v2\/comments?post=256"}],"version-history":[{"count":3,"href":"http:\/\/www.enturtravel.com\/index.php\/wp-json\/wp\/v2\/pages\/256\/revisions"}],"predecessor-version":[{"id":455,"href":"http:\/\/www.enturtravel.com\/index.php\/wp-json\/wp\/v2\/pages\/256\/revisions\/455"}],"wp:attachment":[{"href":"http:\/\/www.enturtravel.com\/index.php\/wp-json\/wp\/v2\/media?parent=256"}],"curies":[{"name":"wp","href":"https:\/\/api.w.org\/{rel}","templated":true}]}}