{"id":259,"date":"2024-08-06T21:16:53","date_gmt":"2024-08-06T21:16:53","guid":{"rendered":"https:\/\/www.enturtravel.com\/?page_id=259"},"modified":"2024-08-22T12:02:56","modified_gmt":"2024-08-22T12:02:56","slug":"zanzibar-kenya-tanzanya-turu","status":"publish","type":"page","link":"http:\/\/www.enturtravel.com\/index.php\/zanzibar-kenya-tanzanya-turu\/","title":{"rendered":"Kenya &#8211; Tanzanya &#8211; Zanzibar Turu"},"content":{"rendered":"\n<p><strong>Ke\u015ffedilmeyi Bekleyen Bir D\u00fcnyaya Yolculuk: Kenya, Tanzanya ve Zanzibar Turu<\/strong>*<\/p>\n\n\n\n<p>Do\u011fan\u0131n ve tarihin izlerini bir arada ke\u015ffetmeye haz\u0131r m\u0131s\u0131n\u0131z? Entur olarak, sizi Afrika&#8217;n\u0131n b\u00fcy\u00fcleyici manzaralar\u0131na, e\u015fsiz k\u00fclt\u00fcrlerine ve vah\u015fi do\u011fan\u0131n kalbine g\u00f6t\u00fcr\u00fcyoruz.<\/p>\n\n\n\n<p><strong><em>Kenya<\/em>&#8216;da<\/strong>, savanalar\u0131n sonsuzlu\u011funda \u00f6zg\u00fcrce dola\u015fan aslanlar\u0131n, filler ve z\u00fcrafalar\u0131n izini s\u00fcr\u00fcn. Masai Mara\u2019n\u0131n alt\u0131n sar\u0131s\u0131 d\u00fczl\u00fcklerinde, bir safari maceras\u0131na at\u0131larak Afrika\u2019n\u0131n nefes kesen yaban hayat\u0131yla tan\u0131\u015f\u0131n.<\/p>\n\n\n\n<p><strong><em>Tanzanya<\/em>&#8216;da<\/strong>, g\u00f6rkemli Kilimanjaro Da\u011f\u0131\u2019n\u0131n g\u00f6lgesinde, yerel kabilelerin zengin k\u00fclt\u00fcrlerine \u015fahit olun. Serengeti\u2019nin u\u00e7suz bucaks\u0131z ovalar\u0131nda, B\u00fcy\u00fck G\u00f6\u00e7\u2019\u00fcn muhte\u015fem sahnelerine tan\u0131kl\u0131k edin ve bu muazzam do\u011fa olay\u0131n\u0131n bir par\u00e7as\u0131 olun.<\/p>\n\n\n\n<p><strong><em>Zanzibar<\/em>\u2019da<\/strong>, bembeyaz kumsallarda huzurun tad\u0131n\u0131 \u00e7\u0131kar\u0131n. Hint Okyanusu\u2019nun turkuaz sular\u0131nda y\u00fczerek t\u00fcm y\u0131l\u0131n yorgunlu\u011funu at\u0131n, tarihi Stone Town\u2019\u0131n dar sokaklar\u0131nda kaybolun ve egzotik baharatlar\u0131n kokusunu i\u00e7inize \u00e7ekin.<\/p>\n\n\n\n<p>Bu unutulmaz yolculuk, sadece bir tatil de\u011fil, hayat boyu hat\u0131rlayaca\u011f\u0131n\u0131z bir deneyim olacak. <em>Kalite, g\u00fcven ve e\u011flence<\/em> dolu bu turda, her an\u0131n\u0131z\u0131 en \u00f6zel \u015fekilde ya\u015fatmay\u0131 vaat ediyoruz.<\/p>\n\n\n\n<p>Afrika&#8217;n\u0131n b\u00fcy\u00fcleyici g\u00fczelliklerini bizimle ke\u015ffetmeye haz\u0131r m\u0131s\u0131n\u0131z?<\/p>\n\n\n\n<figure class=\"wp-block-gallery has-nested-images columns-default is-cropped wp-block-gallery-1 is-layout-flex wp-block-gallery-is-layout-flex\">\n<figure class=\"wp-block-image size-large\"><img loading=\"lazy\" decoding=\"async\" width=\"724\" height=\"1024\" data-id=\"459\" src=\"https:\/\/www.enturtravel.com\/wp-content\/uploads\/2024\/08\/31-724x1024.png\" alt=\"\" class=\"wp-image-459\" srcset=\"http:\/\/www.enturtravel.com\/wp-content\/uploads\/2024\/08\/31-724x1024.png 724w, http:\/\/www.enturtravel.com\/wp-content\/uploads\/2024\/08\/31-212x300.png 212w, http:\/\/www.enturtravel.com\/wp-content\/uploads\/2024\/08\/31-768x1086.png 768w, http:\/\/www.enturtravel.com\/wp-content\/uploads\/2024\/08\/31-1086x1536.png 1086w, http:\/\/www.enturtravel.com\/wp-content\/uploads\/2024\/08\/31.png 1414w\" sizes=\"(max-width: 724px) 100vw, 724px\" \/><\/figure>\n<\/figure>\n\n\n\n<figure class=\"wp-block-gallery has-nested-images columns-default is-cropped wp-block-gallery-2 is-layout-flex wp-block-gallery-is-layout-flex\">\n<figure class=\"wp-block-image size-large\"><img loading=\"lazy\" decoding=\"async\" width=\"724\" height=\"1024\" data-id=\"461\" src=\"https:\/\/www.enturtravel.com\/wp-content\/uploads\/2024\/08\/32.png-724x1024.png\" alt=\"\" class=\"wp-image-461\" srcset=\"http:\/\/www.enturtravel.com\/wp-content\/uploads\/2024\/08\/32.png-724x1024.png 724w, http:\/\/www.enturtravel.com\/wp-content\/uploads\/2024\/08\/32.png-212x300.png 212w, http:\/\/www.enturtravel.com\/wp-content\/uploads\/2024\/08\/32.png-768x1086.png 768w, http:\/\/www.enturtravel.com\/wp-content\/uploads\/2024\/08\/32.png-1086x1536.png 1086w, http:\/\/www.enturtravel.com\/wp-content\/uploads\/2024\/08\/32.png.png 1414w\" sizes=\"(max-width: 724px) 100vw, 724px\" \/><\/figure>\n<\/figure>\n","protected":false},"excerpt":{"rendered":"<p>Ke\u015ffedilmeyi Bekleyen Bir D\u00fcnyaya Yolculuk: Kenya, Tanzanya ve Zanzibar Turu* Do\u011fan\u0131n ve tarihin izlerini bir arada ke\u015ffetmeye haz\u0131r m\u0131s\u0131n\u0131z? Entur olarak, sizi Afrika&#8217;n\u0131n b\u00fcy\u00fcleyici manzaralar\u0131na, [&#8230;]<\/p>\n","protected":false},"author":1,"featured_media":0,"parent":0,"menu_order":0,"comment_status":"closed","ping_status":"closed","template":"","meta":{"footnotes":""},"class_list":["post-259","page","type-page","status-publish","hentry"],"_links":{"self":[{"href":"http:\/\/www.enturtravel.com\/index.php\/wp-json\/wp\/v2\/pages\/259"}],"collection":[{"href":"http:\/\/www.enturtravel.com\/index.php\/wp-json\/wp\/v2\/pages"}],"about":[{"href":"http:\/\/www.enturtravel.com\/index.php\/wp-json\/wp\/v2\/types\/page"}],"author":[{"embeddable":true,"href":"http:\/\/www.enturtravel.com\/index.php\/wp-json\/wp\/v2\/users\/1"}],"replies":[{"embeddable":true,"href":"http:\/\/www.enturtravel.com\/index.php\/wp-json\/wp\/v2\/comments?post=259"}],"version-history":[{"count":6,"href":"http:\/\/www.enturtravel.com\/index.php\/wp-json\/wp\/v2\/pages\/259\/revisions"}],"predecessor-version":[{"id":463,"href":"http:\/\/www.enturtravel.com\/index.php\/wp-json\/wp\/v2\/pages\/259\/revisions\/463"}],"wp:attachment":[{"href":"http:\/\/www.enturtravel.com\/index.php\/wp-json\/wp\/v2\/media?parent=259"}],"curies":[{"name":"wp","href":"https:\/\/api.w.org\/{rel}","templated":true}]}}