{"id":265,"date":"2024-08-06T21:17:36","date_gmt":"2024-08-06T21:17:36","guid":{"rendered":"https:\/\/www.enturtravel.com\/?page_id=265"},"modified":"2024-08-23T13:28:21","modified_gmt":"2024-08-23T13:28:21","slug":"bali-turu","status":"publish","type":"page","link":"http:\/\/www.enturtravel.com\/index.php\/bali-turu\/","title":{"rendered":"Bali Turu"},"content":{"rendered":"\n<p>Entur ile Bali: Tropik Cennetin Kap\u0131lar\u0131n\u0131 Aralay\u0131n!*<\/p>\n\n\n\n<p>D\u00fcnyan\u0131n d\u00f6rt bir yan\u0131ndan gezginlerin r\u00fcyalar\u0131n\u0131 s\u00fcsleyen Bali Adas\u0131, sizi tropik cennetin b\u00fcy\u00fcleyici atmosferiyle kar\u015f\u0131lamaya haz\u0131r! Entur g\u00fcvencesiyle d\u00fczenledi\u011fimiz bu e\u015fsiz turda, Bali&#8217;nin huzur veren sahillerinden mistik tap\u0131naklar\u0131na, yemye\u015fil ormanlar\u0131ndan renkli k\u00fclt\u00fcrel miras\u0131na kadar her k\u00f6\u015fesini ke\u015ffetme f\u0131rsat\u0131 bulacaks\u0131n\u0131z. \u015eimdi, hayalinizdeki tatili ger\u00e7e\u011fe d\u00f6n\u00fc\u015ft\u00fcrme zaman\u0131!<\/p>\n\n\n\n<h3 class=\"wp-block-heading\"><em>Ubud: Do\u011fan\u0131n ve K\u00fclt\u00fcr\u00fcn Kalbi<\/em><\/h3>\n\n\n\n<p>Turumuz, Bali&#8217;nin sanat ve k\u00fclt\u00fcr merkezi Ubud&#8217;da ba\u015fl\u0131yor. Yemye\u015fil pirin\u00e7 tarlalar\u0131 ve dingin tap\u0131naklar\u0131yla \u00fcnl\u00fc bu b\u00f6lgede, Bali&#8217;nin ruhunu derinden hissedeceksiniz. Ubud&#8217;un kalbindeki Monkey Forest&#8217;\u0131 ziyaret edip do\u011fayla i\u00e7 i\u00e7e bir y\u00fcr\u00fcy\u00fc\u015f yapabilir, yerel sanat galerilerini gezerek Bali&#8217;nin zengin k\u00fclt\u00fcrel miras\u0131n\u0131 ke\u015ffedebilirsiniz.<\/p>\n\n\n\n<h3 class=\"wp-block-heading\"><em>Seminyak: L\u00fcks ve E\u011flencenin Adresi<\/em><\/h3>\n\n\n\n<p>Ubud&#8217;un huzurlu atmosferinden sonra, Seminyak&#8217;\u0131n enerjik ve l\u00fcks d\u00fcnyas\u0131na ad\u0131m at\u0131yoruz. Bali&#8217;nin en \u015f\u0131k ve trend b\u00f6lgelerinden biri olan Seminyak, l\u00fcks plaj kul\u00fcpleri, d\u00fcnya \u00e7ap\u0131nda \u00fcnl\u00fc restoranlar ve butik al\u0131\u015fveri\u015f ma\u011fazalar\u0131yla sizi bekliyor. G\u00fcnd\u00fczleri alt\u0131n kumlu plajlarda g\u00fcne\u015flenip, ak\u015famlar\u0131 ise muhte\u015fem g\u00fcn bat\u0131m\u0131n\u0131 izleyerek bu tropik cennetin keyfini \u00e7\u0131karacaks\u0131n\u0131z.<\/p>\n\n\n\n<h3 class=\"wp-block-heading\"><em>Tanah Lot: Efsanelerin Tap\u0131na\u011f\u0131<\/em><\/h3>\n\n\n\n<p>Bali&#8217;nin simgesi haline gelen Tanah Lot Tap\u0131na\u011f\u0131, denizin ortas\u0131nda yer alan mistik bir yap\u0131d\u0131r. G\u00fcn bat\u0131m\u0131nda bu e\u015fsiz tap\u0131na\u011f\u0131 ziyaret ederek, Bali&#8217;nin efsanelerle dolu mistik atmosferini iliklerinize kadar hissedeceksiniz. Tanah Lot, sadece bir tap\u0131nak de\u011fil, ayn\u0131 zamanda Bali&#8217;nin ruhunu yans\u0131tan bir simge.<\/p>\n\n\n\n<h3 class=\"wp-block-heading\"><em>Nusa Dua: Mavi Sular ve Beyaz Kumlar<\/em><\/h3>\n\n\n\n<p>Bali&#8217;nin en g\u00fczel plajlar\u0131ndan biri olan Nusa Dua, tertemiz sular\u0131 ve beyaz kumlar\u0131yla sizi b\u00fcy\u00fcleyecek. L\u00fcks otellerin ve sakin kumsallar\u0131n yer ald\u0131\u011f\u0131 bu b\u00f6lge, Bali&#8217;de huzur ve konfor arayanlar i\u00e7in m\u00fckemmel bir durak. G\u00fcne\u015fin, denizin ve do\u011fan\u0131n tad\u0131n\u0131 \u00e7\u0131kar\u0131rken, Bali&#8217;nin size sundu\u011fu t\u00fcm g\u00fczellikleri ya\u015fayacaks\u0131n\u0131z.<\/p>\n\n\n\n<h3 class=\"wp-block-heading\"><em>Uluwatu: Do\u011fan\u0131n ve K\u00fclt\u00fcr\u00fcn Zirvesi<\/em><\/h3>\n\n\n\n<p>Turumuzun finalinde, Bali&#8217;nin g\u00fcney ucunda yer alan Uluwatu&#8217;ya gidiyoruz. Okyanus k\u0131y\u0131s\u0131ndaki u\u00e7urumlara in\u015fa edilmi\u015f olan Uluwatu Tap\u0131na\u011f\u0131&#8217;nda muhte\u015fem bir g\u00fcn bat\u0131m\u0131na tan\u0131k olacak ve Kecak dans\u0131n\u0131n b\u00fcy\u00fcleyici ritimlerine kendinizi kapt\u0131racaks\u0131n\u0131z. Bali&#8217;nin do\u011fal g\u00fczellikleri ve k\u00fclt\u00fcrel zenginlikleri burada sizi bir kez daha b\u00fcy\u00fcleyecek.<\/p>\n\n\n\n<hr class=\"wp-block-separator has-alpha-channel-opacity\"\/>\n\n\n\n<p><em>Entur ile Bali turu, tropik cennet Bali&#8217;yi t\u00fcm zenginlikleriyle ke\u015ffetmek i\u00e7in sizi bekliyor. Bu e\u015fsiz yolculukta, Bali&#8217;nin b\u00fcy\u00fcleyici do\u011fas\u0131 ve mistik k\u00fclt\u00fcr\u00fcyle unutulmaz an\u0131lar biriktirecek, hayat\u0131n\u0131z\u0131n tatilini ya\u015fayacaks\u0131n\u0131z!<\/em><\/p>\n\n\n\n<figure class=\"wp-block-gallery has-nested-images columns-default is-cropped wp-block-gallery-1 is-layout-flex wp-block-gallery-is-layout-flex\">\n<figure class=\"wp-block-image size-large\"><img loading=\"lazy\" decoding=\"async\" width=\"724\" height=\"1024\" data-id=\"470\" src=\"https:\/\/www.enturtravel.com\/wp-content\/uploads\/2024\/08\/35-724x1024.png\" alt=\"\" class=\"wp-image-470\" srcset=\"http:\/\/www.enturtravel.com\/wp-content\/uploads\/2024\/08\/35-724x1024.png 724w, http:\/\/www.enturtravel.com\/wp-content\/uploads\/2024\/08\/35-212x300.png 212w, http:\/\/www.enturtravel.com\/wp-content\/uploads\/2024\/08\/35-768x1086.png 768w, http:\/\/www.enturtravel.com\/wp-content\/uploads\/2024\/08\/35-1086x1536.png 1086w, http:\/\/www.enturtravel.com\/wp-content\/uploads\/2024\/08\/35.png 1414w\" sizes=\"(max-width: 724px) 100vw, 724px\" \/><\/figure>\n<\/figure>\n\n\n\n<figure class=\"wp-block-gallery has-nested-images columns-default is-cropped wp-block-gallery-2 is-layout-flex wp-block-gallery-is-layout-flex\">\n<figure class=\"wp-block-image size-large\"><img loading=\"lazy\" decoding=\"async\" width=\"724\" height=\"1024\" data-id=\"471\" src=\"https:\/\/www.enturtravel.com\/wp-content\/uploads\/2024\/08\/36-724x1024.png\" alt=\"\" class=\"wp-image-471\" srcset=\"http:\/\/www.enturtravel.com\/wp-content\/uploads\/2024\/08\/36-724x1024.png 724w, http:\/\/www.enturtravel.com\/wp-content\/uploads\/2024\/08\/36-212x300.png 212w, http:\/\/www.enturtravel.com\/wp-content\/uploads\/2024\/08\/36-768x1086.png 768w, http:\/\/www.enturtravel.com\/wp-content\/uploads\/2024\/08\/36-1086x1536.png 1086w, http:\/\/www.enturtravel.com\/wp-content\/uploads\/2024\/08\/36.png 1414w\" sizes=\"(max-width: 724px) 100vw, 724px\" \/><\/figure>\n<\/figure>\n","protected":false},"excerpt":{"rendered":"<p>Entur ile Bali: Tropik Cennetin Kap\u0131lar\u0131n\u0131 Aralay\u0131n!* D\u00fcnyan\u0131n d\u00f6rt bir yan\u0131ndan gezginlerin r\u00fcyalar\u0131n\u0131 s\u00fcsleyen Bali Adas\u0131, sizi tropik cennetin b\u00fcy\u00fcleyici atmosferiyle kar\u015f\u0131lamaya haz\u0131r! Entur g\u00fcvencesiyle [&#8230;]<\/p>\n","protected":false},"author":1,"featured_media":0,"parent":0,"menu_order":0,"comment_status":"closed","ping_status":"closed","template":"","meta":{"footnotes":""},"class_list":["post-265","page","type-page","status-publish","hentry"],"_links":{"self":[{"href":"http:\/\/www.enturtravel.com\/index.php\/wp-json\/wp\/v2\/pages\/265"}],"collection":[{"href":"http:\/\/www.enturtravel.com\/index.php\/wp-json\/wp\/v2\/pages"}],"about":[{"href":"http:\/\/www.enturtravel.com\/index.php\/wp-json\/wp\/v2\/types\/page"}],"author":[{"embeddable":true,"href":"http:\/\/www.enturtravel.com\/index.php\/wp-json\/wp\/v2\/users\/1"}],"replies":[{"embeddable":true,"href":"http:\/\/www.enturtravel.com\/index.php\/wp-json\/wp\/v2\/comments?post=265"}],"version-history":[{"count":3,"href":"http:\/\/www.enturtravel.com\/index.php\/wp-json\/wp\/v2\/pages\/265\/revisions"}],"predecessor-version":[{"id":472,"href":"http:\/\/www.enturtravel.com\/index.php\/wp-json\/wp\/v2\/pages\/265\/revisions\/472"}],"wp:attachment":[{"href":"http:\/\/www.enturtravel.com\/index.php\/wp-json\/wp\/v2\/media?parent=265"}],"curies":[{"name":"wp","href":"https:\/\/api.w.org\/{rel}","templated":true}]}}