{"id":291,"date":"2024-08-06T21:45:05","date_gmt":"2024-08-06T21:45:05","guid":{"rendered":"https:\/\/www.enturtravel.com\/?page_id=291"},"modified":"2024-08-26T09:24:18","modified_gmt":"2024-08-26T09:24:18","slug":"vize-danismanligi","status":"publish","type":"page","link":"http:\/\/www.enturtravel.com\/index.php\/vize-danismanligi\/","title":{"rendered":"Vize Dan\u0131\u015fmanl\u0131\u011f\u0131"},"content":{"rendered":"\n<p>Entur ile Vize \u0130\u015flemleriniz Art\u0131k Daha Kolay!*<\/p>\n\n\n\n<p>Amerika, Asya ve Avrupa&#8217;n\u0131n kap\u0131lar\u0131n\u0131 aralamak i\u00e7in ihtiya\u00e7 duydu\u011funuz vize hizmetini Entur olarak size sunuyoruz. Schengen vizesi ba\u015fvurular\u0131n\u0131z\u0131 g\u00fcvenilir ve h\u0131zl\u0131 bir \u015fekilde tamamlaman\u0131z i\u00e7in buraday\u0131z. Y\u0131llar\u0131n deneyimi ve uzman ekibimizle, vize i\u015flemlerinizde kar\u015f\u0131la\u015fabilece\u011finiz t\u00fcm engelleri a\u015fman\u0131za yard\u0131mc\u0131 oluyoruz.<\/p>\n\n\n\n<p><strong>Neden Entur?<\/strong><\/p>\n\n\n\n<ul class=\"wp-block-list\">\n<li><strong><em>Uzmanl\u0131k:<\/em> <\/strong>Vize s\u00fcrecinin her a\u015famas\u0131nda yan\u0131n\u0131zday\u0131z.<\/li>\n\n\n\n<li><em><strong>H\u0131zl\u0131 ve Etkili Hizmet:<\/strong><\/em> Zaman\u0131n\u0131z\u0131 en iyi \u015fekilde de\u011ferlendirmeniz i\u00e7in ba\u015fvurular\u0131n\u0131z\u0131 en k\u0131sa s\u00fcrede sonu\u00e7land\u0131r\u0131yoruz.<\/li>\n\n\n\n<li><strong><em>G\u00fcven:<\/em> <\/strong>Vize ba\u015fvurular\u0131n\u0131zda kar\u015f\u0131la\u015fabilece\u011finiz her t\u00fcrl\u00fc zorlukta sizinleyiz.<\/li>\n\n\n\n<li><strong><em>M\u00fc\u015fteri Memnuniyeti:<\/em> <\/strong>Sizi mutlu etmek i\u00e7in \u00e7al\u0131\u015f\u0131yoruz.<\/li>\n<\/ul>\n\n\n\n<p>Siz de Entur ile seyahatlerinizde g\u00fcvenle yola \u00e7\u0131k\u0131n!<\/p>\n","protected":false},"excerpt":{"rendered":"<p>Entur ile Vize \u0130\u015flemleriniz Art\u0131k Daha Kolay!* Amerika, Asya ve Avrupa&#8217;n\u0131n kap\u0131lar\u0131n\u0131 aralamak i\u00e7in ihtiya\u00e7 duydu\u011funuz vize hizmetini Entur olarak size sunuyoruz. Schengen vizesi ba\u015fvurular\u0131n\u0131z\u0131 [&#8230;]<\/p>\n","protected":false},"author":1,"featured_media":0,"parent":0,"menu_order":0,"comment_status":"closed","ping_status":"closed","template":"","meta":{"footnotes":""},"class_list":["post-291","page","type-page","status-publish","hentry"],"_links":{"self":[{"href":"http:\/\/www.enturtravel.com\/index.php\/wp-json\/wp\/v2\/pages\/291"}],"collection":[{"href":"http:\/\/www.enturtravel.com\/index.php\/wp-json\/wp\/v2\/pages"}],"about":[{"href":"http:\/\/www.enturtravel.com\/index.php\/wp-json\/wp\/v2\/types\/page"}],"author":[{"embeddable":true,"href":"http:\/\/www.enturtravel.com\/index.php\/wp-json\/wp\/v2\/users\/1"}],"replies":[{"embeddable":true,"href":"http:\/\/www.enturtravel.com\/index.php\/wp-json\/wp\/v2\/comments?post=291"}],"version-history":[{"count":2,"href":"http:\/\/www.enturtravel.com\/index.php\/wp-json\/wp\/v2\/pages\/291\/revisions"}],"predecessor-version":[{"id":489,"href":"http:\/\/www.enturtravel.com\/index.php\/wp-json\/wp\/v2\/pages\/291\/revisions\/489"}],"wp:attachment":[{"href":"http:\/\/www.enturtravel.com\/index.php\/wp-json\/wp\/v2\/media?parent=291"}],"curies":[{"name":"wp","href":"https:\/\/api.w.org\/{rel}","templated":true}]}}