{"id":301,"date":"2024-08-06T21:52:02","date_gmt":"2024-08-06T21:52:02","guid":{"rendered":"https:\/\/www.enturtravel.com\/?page_id=301"},"modified":"2024-09-05T20:09:50","modified_gmt":"2024-09-05T20:09:50","slug":"izmir-turu","status":"publish","type":"page","link":"http:\/\/www.enturtravel.com\/index.php\/izmir-turu\/","title":{"rendered":"\u0130zmir-Pamukkale Turu"},"content":{"rendered":"\n<p>Ege\u2019nin b\u00fcy\u00fcleyici atmosferinde tarih ve do\u011fayla bulu\u015fmaya ne dersiniz? Entur\u2019un e\u015fsiz \u0130zmir turu ile unutulmaz an\u0131lar biriktirin!<\/p>\n\n\n\n<p>\u015eirince\u2019nin huzur dolu sokaklar\u0131nda y\u00f6resel tatlar\u0131n keyfini \u00e7\u0131kar\u0131n, Efes\u2019in g\u00f6rkemli antik kentinde tarihe tan\u0131kl\u0131k edin, Ku\u015fadas\u0131\u2019n\u0131n benzersiz kumsallar\u0131nda Ege\u2019nin serin sular\u0131na dal\u0131n. Ayr\u0131ca Pamukkale\u2019nin beyaz travertenlerinde do\u011fan\u0131n mucizelerine \u015fahit olurken, <em>Hierapolis<\/em>\u2019in antik \u015fehrinde ge\u00e7mi\u015fin izlerini ke\u015ffedin.<\/p>\n\n\n\n<p>Konforlu ula\u015f\u0131m, kaliteli hizmet ve profesyonel rehberlerle dolu bu turda, Entur ile unutulmaz bir Ege yolculu\u011funa \u00e7\u0131k\u0131n. Tatiliniz, hayal etti\u011finizden daha g\u00fczel olacak!<\/p>\n\n\n\n<figure class=\"wp-block-gallery has-nested-images columns-default is-cropped wp-block-gallery-1 is-layout-flex wp-block-gallery-is-layout-flex\">\n<figure class=\"wp-block-image size-large\"><img loading=\"lazy\" decoding=\"async\" width=\"724\" height=\"1024\" data-id=\"532\" src=\"https:\/\/www.enturtravel.com\/wp-content\/uploads\/2024\/09\/56-724x1024.png\" alt=\"\" class=\"wp-image-532\" srcset=\"http:\/\/www.enturtravel.com\/wp-content\/uploads\/2024\/09\/56-724x1024.png 724w, http:\/\/www.enturtravel.com\/wp-content\/uploads\/2024\/09\/56-212x300.png 212w, http:\/\/www.enturtravel.com\/wp-content\/uploads\/2024\/09\/56-768x1086.png 768w, http:\/\/www.enturtravel.com\/wp-content\/uploads\/2024\/09\/56-1086x1536.png 1086w, http:\/\/www.enturtravel.com\/wp-content\/uploads\/2024\/09\/56.png 1414w\" sizes=\"(max-width: 724px) 100vw, 724px\" \/><\/figure>\n<\/figure>\n\n\n\n<figure class=\"wp-block-gallery has-nested-images columns-default is-cropped wp-block-gallery-2 is-layout-flex wp-block-gallery-is-layout-flex\">\n<figure class=\"wp-block-image size-large\"><img loading=\"lazy\" decoding=\"async\" width=\"724\" height=\"1024\" data-id=\"533\" src=\"https:\/\/www.enturtravel.com\/wp-content\/uploads\/2024\/09\/57-724x1024.png\" alt=\"\" class=\"wp-image-533\" srcset=\"http:\/\/www.enturtravel.com\/wp-content\/uploads\/2024\/09\/57-724x1024.png 724w, http:\/\/www.enturtravel.com\/wp-content\/uploads\/2024\/09\/57-212x300.png 212w, http:\/\/www.enturtravel.com\/wp-content\/uploads\/2024\/09\/57-768x1086.png 768w, http:\/\/www.enturtravel.com\/wp-content\/uploads\/2024\/09\/57-1086x1536.png 1086w, http:\/\/www.enturtravel.com\/wp-content\/uploads\/2024\/09\/57.png 1414w\" sizes=\"(max-width: 724px) 100vw, 724px\" \/><\/figure>\n<\/figure>\n","protected":false},"excerpt":{"rendered":"<p>Ege\u2019nin b\u00fcy\u00fcleyici atmosferinde tarih ve do\u011fayla bulu\u015fmaya ne dersiniz? Entur\u2019un e\u015fsiz \u0130zmir turu ile unutulmaz an\u0131lar biriktirin! \u015eirince\u2019nin huzur dolu sokaklar\u0131nda y\u00f6resel tatlar\u0131n keyfini \u00e7\u0131kar\u0131n, [&#8230;]<\/p>\n","protected":false},"author":1,"featured_media":0,"parent":0,"menu_order":0,"comment_status":"closed","ping_status":"closed","template":"","meta":{"footnotes":""},"class_list":["post-301","page","type-page","status-publish","hentry"],"_links":{"self":[{"href":"http:\/\/www.enturtravel.com\/index.php\/wp-json\/wp\/v2\/pages\/301"}],"collection":[{"href":"http:\/\/www.enturtravel.com\/index.php\/wp-json\/wp\/v2\/pages"}],"about":[{"href":"http:\/\/www.enturtravel.com\/index.php\/wp-json\/wp\/v2\/types\/page"}],"author":[{"embeddable":true,"href":"http:\/\/www.enturtravel.com\/index.php\/wp-json\/wp\/v2\/users\/1"}],"replies":[{"embeddable":true,"href":"http:\/\/www.enturtravel.com\/index.php\/wp-json\/wp\/v2\/comments?post=301"}],"version-history":[{"count":4,"href":"http:\/\/www.enturtravel.com\/index.php\/wp-json\/wp\/v2\/pages\/301\/revisions"}],"predecessor-version":[{"id":542,"href":"http:\/\/www.enturtravel.com\/index.php\/wp-json\/wp\/v2\/pages\/301\/revisions\/542"}],"wp:attachment":[{"href":"http:\/\/www.enturtravel.com\/index.php\/wp-json\/wp\/v2\/media?parent=301"}],"curies":[{"name":"wp","href":"https:\/\/api.w.org\/{rel}","templated":true}]}}