{"id":325,"date":"2024-08-06T21:59:37","date_gmt":"2024-08-06T21:59:37","guid":{"rendered":"https:\/\/www.enturtravel.com\/?page_id=325"},"modified":"2024-09-09T16:06:15","modified_gmt":"2024-09-09T16:06:15","slug":"gunubirlik-ankara-turu","status":"publish","type":"page","link":"http:\/\/www.enturtravel.com\/index.php\/gunubirlik-ankara-turu\/","title":{"rendered":"G\u00fcn\u00fcbirlik Ankara Turu"},"content":{"rendered":"\n<p>G\u00fcn\u00fcbirlik Ankara Turu ile Ba\u015fkenti Derinlemesine Ke\u015ffedin!<\/p>\n\n\n\n<p>T\u00fcrkiye\u2019nin kalbinde unutulmaz bir yolculu\u011fa \u00e7\u0131kmaya haz\u0131r m\u0131s\u0131n\u0131z? Entur\u2019un \u00f6zenle haz\u0131rlad\u0131\u011f\u0131 g\u00fcn\u00fcbirlik Ankara turu, ba\u015fkentin tarihini ve k\u00fclt\u00fcr\u00fcn\u00fc dolu dolu ya\u015faman\u0131z i\u00e7in sizi bekliyor!<\/p>\n\n\n\n<p><em>Tur Program\u0131m\u0131zda Neler Var?<\/em><\/p>\n\n\n\n<ul class=\"wp-block-list\">\n<li><em><strong>An\u0131tkabir<\/strong>:<\/em> Ulu \u00d6nder Mustafa Kemal Atat\u00fcrk\u2019\u00fcn ebedi istirahatgah\u0131n\u0131 ziyaret edip, onun hat\u0131ras\u0131n\u0131 ya\u015fay\u0131n.<\/li>\n\n\n\n<li><em><strong>TBMM M\u00fczesi:<\/strong><\/em> Cumhuriyet tarihine \u0131\u015f\u0131k tutan bu m\u00fczede, milli iradenin simgelerine yak\u0131ndan tan\u0131kl\u0131k edin.<\/li>\n\n\n\n<li><em><strong>Etnografya M\u00fczesi:<\/strong><\/em> T\u00fcrkiye\u2019nin zengin k\u00fclt\u00fcrel miras\u0131n\u0131 g\u00f6zler \u00f6n\u00fcne seren bu m\u00fczede, Anadolu\u2019nun d\u00f6rt bir yan\u0131ndan gelen eserleri ke\u015ffedin.<\/li>\n\n\n\n<li><em><strong>\u0130lk Meclis Binas\u0131<\/strong>:<\/em> T\u00fcrkiye Cumhuriyeti\u2019nin temellerinin at\u0131ld\u0131\u011f\u0131 bu tarihi mekanda, kurtulu\u015f m\u00fccadelesinin ruhunu hissedin.<\/li>\n\n\n\n<li><strong><em>Hamam\u00f6n\u00fc:<\/em> <\/strong>Tarihi dokusu ve \u015firin sokaklar\u0131yla \u00fcnl\u00fc Hamam\u00f6n\u00fc\u2019nde ge\u00e7mi\u015fin izinde keyifli bir y\u00fcr\u00fcy\u00fc\u015f yap\u0131n.<\/li>\n\n\n\n<li><em><strong>MTA Tabiat Tarihi M\u00fczesi:<\/strong><\/em> Do\u011fal tarih merakl\u0131lar\u0131na \u00f6zel, dinozorlardan nadir ta\u015flara kadar pek \u00e7ok eseri bir arada g\u00f6r\u00fcn.<\/li>\n\n\n\n<li><em><strong>Ankara Kalesi:<\/strong><\/em> \u015eehrin en eski yap\u0131lar\u0131ndan biri olan kale, size Ankara&#8217;n\u0131n ku\u015fbak\u0131\u015f\u0131 manzaras\u0131 e\u015fli\u011finde tarih dolu bir deneyim sunuyor.<\/li>\n<\/ul>\n\n\n\n<p><em><strong>Neden Entur ile Ankara?<\/strong><\/em><\/p>\n\n\n\n<ul class=\"wp-block-list\">\n<li><em><strong>Konforlu ve G\u00fcvenli Ula\u015f\u0131m:<\/strong><\/em> Modern ve rahat ara\u00e7lar\u0131m\u0131zla \u015fehirde keyifle gezerken, g\u00fcvenli\u011finizden \u00f6d\u00fcn vermiyoruz.<\/li>\n\n\n\n<li><em><strong>Profesyonel Rehberlik:<\/strong><\/em> Deneyimli rehberlerimiz, her durakta tarihin ve k\u00fclt\u00fcr\u00fcn en ince detaylar\u0131n\u0131 sizlere aktaracak.<\/li>\n\n\n\n<li><em><strong>Zengin \u0130\u00e7erikli Tur Program\u0131:<\/strong><\/em> Ankara\u2019n\u0131n en \u00f6nemli k\u00fclt\u00fcrel ve tarihi duraklar\u0131n\u0131 bir g\u00fcnde ke\u015ffetme f\u0131rsat\u0131.<\/li>\n\n\n\n<li><em><strong>Ekstra Zaman:<\/strong><\/em> Hem tarihi \u00f6\u011frenin hem de ki\u015fisel ke\u015fifler i\u00e7in serbest zaman\u0131n tad\u0131n\u0131 \u00e7\u0131kar\u0131n.<\/li>\n<\/ul>\n\n\n\n<p>Ankara\u2019n\u0131n gizemlerini ve tarihini ke\u015ffetmek i\u00e7in bu turu ka\u00e7\u0131rmay\u0131n! Entur fark\u0131yla unutulmaz bir g\u00fcn sizi bekliyor.<br>Haydi, Tarih ve K\u00fclt\u00fcre Doyaca\u011f\u0131n\u0131z Bu \u00d6zel Ankara Turunda Yerinizi Al\u0131n!<\/p>\n\n\n\n<figure class=\"wp-block-gallery has-nested-images columns-default is-cropped wp-block-gallery-1 is-layout-flex wp-block-gallery-is-layout-flex\">\n<figure class=\"wp-block-image size-large\"><img loading=\"lazy\" decoding=\"async\" width=\"724\" height=\"1024\" data-id=\"564\" src=\"https:\/\/www.enturtravel.com\/wp-content\/uploads\/2024\/09\/42-724x1024.png\" alt=\"\" class=\"wp-image-564\" srcset=\"http:\/\/www.enturtravel.com\/wp-content\/uploads\/2024\/09\/42-724x1024.png 724w, http:\/\/www.enturtravel.com\/wp-content\/uploads\/2024\/09\/42-212x300.png 212w, http:\/\/www.enturtravel.com\/wp-content\/uploads\/2024\/09\/42-768x1086.png 768w, http:\/\/www.enturtravel.com\/wp-content\/uploads\/2024\/09\/42-1086x1536.png 1086w, http:\/\/www.enturtravel.com\/wp-content\/uploads\/2024\/09\/42.png 1414w\" sizes=\"(max-width: 724px) 100vw, 724px\" \/><\/figure>\n<\/figure>\n\n\n\n<figure class=\"wp-block-gallery has-nested-images columns-default is-cropped wp-block-gallery-2 is-layout-flex wp-block-gallery-is-layout-flex\">\n<figure class=\"wp-block-image size-large\"><img loading=\"lazy\" decoding=\"async\" width=\"724\" height=\"1024\" data-id=\"565\" src=\"https:\/\/www.enturtravel.com\/wp-content\/uploads\/2024\/09\/43-724x1024.png\" alt=\"\" class=\"wp-image-565\" srcset=\"http:\/\/www.enturtravel.com\/wp-content\/uploads\/2024\/09\/43-724x1024.png 724w, http:\/\/www.enturtravel.com\/wp-content\/uploads\/2024\/09\/43-212x300.png 212w, http:\/\/www.enturtravel.com\/wp-content\/uploads\/2024\/09\/43-768x1086.png 768w, http:\/\/www.enturtravel.com\/wp-content\/uploads\/2024\/09\/43-1086x1536.png 1086w, http:\/\/www.enturtravel.com\/wp-content\/uploads\/2024\/09\/43.png 1414w\" sizes=\"(max-width: 724px) 100vw, 724px\" \/><\/figure>\n<\/figure>\n","protected":false},"excerpt":{"rendered":"<p>G\u00fcn\u00fcbirlik Ankara Turu ile Ba\u015fkenti Derinlemesine Ke\u015ffedin! T\u00fcrkiye\u2019nin kalbinde unutulmaz bir yolculu\u011fa \u00e7\u0131kmaya haz\u0131r m\u0131s\u0131n\u0131z? Entur\u2019un \u00f6zenle haz\u0131rlad\u0131\u011f\u0131 g\u00fcn\u00fcbirlik Ankara turu, ba\u015fkentin tarihini ve k\u00fclt\u00fcr\u00fcn\u00fc [&#8230;]<\/p>\n","protected":false},"author":1,"featured_media":0,"parent":0,"menu_order":0,"comment_status":"closed","ping_status":"closed","template":"","meta":{"footnotes":""},"class_list":["post-325","page","type-page","status-publish","hentry"],"_links":{"self":[{"href":"http:\/\/www.enturtravel.com\/index.php\/wp-json\/wp\/v2\/pages\/325"}],"collection":[{"href":"http:\/\/www.enturtravel.com\/index.php\/wp-json\/wp\/v2\/pages"}],"about":[{"href":"http:\/\/www.enturtravel.com\/index.php\/wp-json\/wp\/v2\/types\/page"}],"author":[{"embeddable":true,"href":"http:\/\/www.enturtravel.com\/index.php\/wp-json\/wp\/v2\/users\/1"}],"replies":[{"embeddable":true,"href":"http:\/\/www.enturtravel.com\/index.php\/wp-json\/wp\/v2\/comments?post=325"}],"version-history":[{"count":3,"href":"http:\/\/www.enturtravel.com\/index.php\/wp-json\/wp\/v2\/pages\/325\/revisions"}],"predecessor-version":[{"id":566,"href":"http:\/\/www.enturtravel.com\/index.php\/wp-json\/wp\/v2\/pages\/325\/revisions\/566"}],"wp:attachment":[{"href":"http:\/\/www.enturtravel.com\/index.php\/wp-json\/wp\/v2\/media?parent=325"}],"curies":[{"name":"wp","href":"https:\/\/api.w.org\/{rel}","templated":true}]}}