{"id":518,"date":"2024-09-04T20:06:20","date_gmt":"2024-09-04T20:06:20","guid":{"rendered":"https:\/\/www.enturtravel.com\/?page_id=518"},"modified":"2024-09-04T20:06:20","modified_gmt":"2024-09-04T20:06:20","slug":"ingiltere-dil-okulu-2","status":"publish","type":"page","link":"http:\/\/www.enturtravel.com\/index.php\/ingiltere-dil-okulu-2\/","title":{"rendered":"\u0130ngiltere Dil Okulu"},"content":{"rendered":"\n<p>Entur olarak, \u0130ngiltere&#8217;de d\u00fczenledi\u011fimiz yaz dil okullar\u0131 ile dil e\u011fitiminizi tarihin ve k\u00fclt\u00fcr\u00fcn be\u015fi\u011finde almak ister misiniz? D\u00fcnyan\u0131n en k\u00f6kl\u00fc e\u011fitim sistemine sahip olan \u0130ngiltere\u2019de, dil \u00f6\u011frenmenin \u00f6tesinde bir deneyim ya\u015fay\u0131n. Prestijli dil okullar\u0131nda e\u011fitim al\u0131rken, Shakespeare&#8217;in dilini yerinde \u00f6\u011frenme f\u0131rsat\u0131na sahip olacaks\u0131n\u0131z.<\/p>\n\n\n\n<p>\u0130ngiltere\u2019nin tarihi \u015fehirlerinde dola\u015farak, hem dil becerilerinizi geli\u015ftirecek hem de k\u00fclt\u00fcrel zenginlikleri ke\u015ffedeceksiniz. Entur\u2019un tecr\u00fcbesiyle, g\u00fcvenli ve kaliteli bir e\u011fitim s\u00fcreci ge\u00e7irmeniz i\u00e7in her \u015feyi d\u00fc\u015f\u00fcnd\u00fck. \u0130ngiltere&#8217;de dil e\u011fitimi almak, sadece bir dil \u00f6\u011frenmek de\u011fil, ayn\u0131 zamanda d\u00fcnya \u00e7ap\u0131nda bir vizyona sahip olmak demek.<\/p>\n\n\n\n<p>Entur ile \u0130ngiltere&#8217;de dil e\u011fitimi alarak, gelece\u011finize g\u00fc\u00e7l\u00fc bir yat\u0131r\u0131m yap\u0131n!<\/p>\n\n\n\n<figure class=\"wp-block-gallery has-nested-images columns-default is-cropped wp-block-gallery-1 is-layout-flex wp-block-gallery-is-layout-flex\">\n<figure class=\"wp-block-image size-large\"><img loading=\"lazy\" decoding=\"async\" width=\"724\" height=\"1024\" data-id=\"519\" src=\"https:\/\/www.enturtravel.com\/wp-content\/uploads\/2024\/09\/Ingiltere-Dil-Okulu-724x1024.png\" alt=\"\" class=\"wp-image-519\" srcset=\"http:\/\/www.enturtravel.com\/wp-content\/uploads\/2024\/09\/Ingiltere-Dil-Okulu-724x1024.png 724w, http:\/\/www.enturtravel.com\/wp-content\/uploads\/2024\/09\/Ingiltere-Dil-Okulu-212x300.png 212w, http:\/\/www.enturtravel.com\/wp-content\/uploads\/2024\/09\/Ingiltere-Dil-Okulu-768x1086.png 768w, http:\/\/www.enturtravel.com\/wp-content\/uploads\/2024\/09\/Ingiltere-Dil-Okulu-1086x1536.png 1086w, http:\/\/www.enturtravel.com\/wp-content\/uploads\/2024\/09\/Ingiltere-Dil-Okulu.png 1414w\" sizes=\"(max-width: 724px) 100vw, 724px\" \/><\/figure>\n<\/figure>\n","protected":false},"excerpt":{"rendered":"<p>Entur olarak, \u0130ngiltere&#8217;de d\u00fczenledi\u011fimiz yaz dil okullar\u0131 ile dil e\u011fitiminizi tarihin ve k\u00fclt\u00fcr\u00fcn be\u015fi\u011finde almak ister misiniz? D\u00fcnyan\u0131n en k\u00f6kl\u00fc e\u011fitim sistemine sahip olan \u0130ngiltere\u2019de, [&#8230;]<\/p>\n","protected":false},"author":1,"featured_media":0,"parent":0,"menu_order":0,"comment_status":"closed","ping_status":"closed","template":"","meta":{"footnotes":""},"class_list":["post-518","page","type-page","status-publish","hentry"],"_links":{"self":[{"href":"http:\/\/www.enturtravel.com\/index.php\/wp-json\/wp\/v2\/pages\/518"}],"collection":[{"href":"http:\/\/www.enturtravel.com\/index.php\/wp-json\/wp\/v2\/pages"}],"about":[{"href":"http:\/\/www.enturtravel.com\/index.php\/wp-json\/wp\/v2\/types\/page"}],"author":[{"embeddable":true,"href":"http:\/\/www.enturtravel.com\/index.php\/wp-json\/wp\/v2\/users\/1"}],"replies":[{"embeddable":true,"href":"http:\/\/www.enturtravel.com\/index.php\/wp-json\/wp\/v2\/comments?post=518"}],"version-history":[{"count":1,"href":"http:\/\/www.enturtravel.com\/index.php\/wp-json\/wp\/v2\/pages\/518\/revisions"}],"predecessor-version":[{"id":520,"href":"http:\/\/www.enturtravel.com\/index.php\/wp-json\/wp\/v2\/pages\/518\/revisions\/520"}],"wp:attachment":[{"href":"http:\/\/www.enturtravel.com\/index.php\/wp-json\/wp\/v2\/media?parent=518"}],"curies":[{"name":"wp","href":"https:\/\/api.w.org\/{rel}","templated":true}]}}