{"id":92,"date":"2024-08-06T19:19:02","date_gmt":"2024-08-06T19:19:02","guid":{"rendered":"https:\/\/www.enturtravel.com\/?page_id=92"},"modified":"2024-09-04T20:01:28","modified_gmt":"2024-09-04T20:01:28","slug":"amerika-dil-okulu","status":"publish","type":"page","link":"http:\/\/www.enturtravel.com\/index.php\/amerika-dil-okulu\/","title":{"rendered":"Amerika Dil Okulu"},"content":{"rendered":"\n<p>Entur olarak, Amerika Birle\u015fik Devletleri&#8217;nde sundu\u011fumuz yaz dil okullar\u0131 ile d\u00fcnyan\u0131n en dinamik \u00fclkelerinden birinde benzersiz bir e\u011fitim deneyimi ya\u015faman\u0131z i\u00e7in buraday\u0131z. Amerika&#8217;n\u0131n k\u00fclt\u00fcrel \u00e7e\u015fitlili\u011fi ve yenilik\u00e7i e\u011fitim anlay\u0131\u015f\u0131yla dil becerilerinizi en \u00fcst seviyeye ta\u015f\u0131maya haz\u0131r olun.<\/p>\n\n\n\n<p>Sadece dil \u00f6\u011frenmekle kalmayacak, ayn\u0131 zamanda Amerika&#8217;n\u0131n e\u015fsiz atmosferini deneyimleyerek unutulmaz an\u0131lar biriktireceksiniz. Modern kamp\u00fcsler, nitelikli e\u011fitmenler ve zengin program i\u00e7erikleriyle dil e\u011fitiminizi en verimli \u015fekilde tamamlayacak, global d\u00fcnyada \u00f6ne \u00e7\u0131kacaks\u0131n\u0131z.<\/p>\n\n\n\n<p>Entur g\u00fcvencesiyle, Amerika\u2019da dil \u00f6\u011frenmek bir ayr\u0131cal\u0131k! Hedeflerinize ula\u015fmak ve d\u00fcnya vatanda\u015f\u0131 olma yolunda g\u00fc\u00e7l\u00fc bir ad\u0131m atmak i\u00e7in sizi bu yaz aram\u0131za bekliyoruz.<\/p>\n\n\n\n<figure class=\"wp-block-gallery has-nested-images columns-default is-cropped wp-block-gallery-1 is-layout-flex wp-block-gallery-is-layout-flex\">\n<figure class=\"wp-block-image size-large\"><img loading=\"lazy\" decoding=\"async\" width=\"724\" height=\"1024\" data-id=\"511\" src=\"https:\/\/www.enturtravel.com\/wp-content\/uploads\/2024\/09\/50-724x1024.png\" alt=\"\" class=\"wp-image-511\" srcset=\"http:\/\/www.enturtravel.com\/wp-content\/uploads\/2024\/09\/50-724x1024.png 724w, http:\/\/www.enturtravel.com\/wp-content\/uploads\/2024\/09\/50-212x300.png 212w, http:\/\/www.enturtravel.com\/wp-content\/uploads\/2024\/09\/50-768x1086.png 768w, http:\/\/www.enturtravel.com\/wp-content\/uploads\/2024\/09\/50-1086x1536.png 1086w, http:\/\/www.enturtravel.com\/wp-content\/uploads\/2024\/09\/50.png 1414w\" sizes=\"(max-width: 724px) 100vw, 724px\" \/><\/figure>\n<\/figure>\n","protected":false},"excerpt":{"rendered":"<p>Entur olarak, Amerika Birle\u015fik Devletleri&#8217;nde sundu\u011fumuz yaz dil okullar\u0131 ile d\u00fcnyan\u0131n en dinamik \u00fclkelerinden birinde benzersiz bir e\u011fitim deneyimi ya\u015faman\u0131z i\u00e7in buraday\u0131z. Amerika&#8217;n\u0131n k\u00fclt\u00fcrel \u00e7e\u015fitlili\u011fi [&#8230;]<\/p>\n","protected":false},"author":1,"featured_media":0,"parent":0,"menu_order":0,"comment_status":"closed","ping_status":"closed","template":"","meta":{"footnotes":""},"class_list":["post-92","page","type-page","status-publish","hentry"],"_links":{"self":[{"href":"http:\/\/www.enturtravel.com\/index.php\/wp-json\/wp\/v2\/pages\/92"}],"collection":[{"href":"http:\/\/www.enturtravel.com\/index.php\/wp-json\/wp\/v2\/pages"}],"about":[{"href":"http:\/\/www.enturtravel.com\/index.php\/wp-json\/wp\/v2\/types\/page"}],"author":[{"embeddable":true,"href":"http:\/\/www.enturtravel.com\/index.php\/wp-json\/wp\/v2\/users\/1"}],"replies":[{"embeddable":true,"href":"http:\/\/www.enturtravel.com\/index.php\/wp-json\/wp\/v2\/comments?post=92"}],"version-history":[{"count":2,"href":"http:\/\/www.enturtravel.com\/index.php\/wp-json\/wp\/v2\/pages\/92\/revisions"}],"predecessor-version":[{"id":512,"href":"http:\/\/www.enturtravel.com\/index.php\/wp-json\/wp\/v2\/pages\/92\/revisions\/512"}],"wp:attachment":[{"href":"http:\/\/www.enturtravel.com\/index.php\/wp-json\/wp\/v2\/media?parent=92"}],"curies":[{"name":"wp","href":"https:\/\/api.w.org\/{rel}","templated":true}]}}