{"id":95,"date":"2024-08-06T19:19:29","date_gmt":"2024-08-06T19:19:29","guid":{"rendered":"https:\/\/www.enturtravel.com\/?page_id=95"},"modified":"2024-09-04T19:57:28","modified_gmt":"2024-09-04T19:57:28","slug":"malta-dil-okulu","status":"publish","type":"page","link":"http:\/\/www.enturtravel.com\/index.php\/malta-dil-okulu\/","title":{"rendered":"Malta Dil Okulu"},"content":{"rendered":"\n<p>Entur olarak, Malta\u2019da d\u00fczenledi\u011fimiz yaz dil okullar\u0131 ile Akdeniz\u2019in kalbinde, g\u00fcne\u015fin ve denizin tad\u0131n\u0131 \u00e7\u0131kar\u0131rken \u0130ngilizce \u00f6\u011frenmeye ne dersiniz? \u0130ngilizce\u2019nin resmi dil oldu\u011fu bu b\u00fcy\u00fcleyici ada, dil e\u011fitimi i\u00e7in m\u00fckemmel bir ortam sunuyor.<\/p>\n\n\n\n<p>Malta\u2019n\u0131n tarihi ve do\u011fal g\u00fczellikleri aras\u0131nda, uluslararas\u0131 standartlarda bir e\u011fitim alacak, dil becerilerinizi h\u0131zla geli\u015ftireceksiniz. Hem tatil yap\u0131p hem de \u00f6\u011frenmenin keyfini ya\u015farken, farkl\u0131 k\u00fclt\u00fcrlerle i\u00e7 i\u00e7e olacaks\u0131n\u0131z. Entur\u2019un g\u00fcvenilir rehberli\u011fiyle, Malta\u2019da ge\u00e7irece\u011finiz bu s\u00fcre boyunca unutulmaz an\u0131lar biriktirecek, dil hedeflerinize emin ad\u0131mlarla ula\u015facaks\u0131n\u0131z.<\/p>\n\n\n\n<p>Entur ile Malta\u2019da \u0130ngilizce \u00f6\u011frenmenin ayr\u0131cal\u0131\u011f\u0131n\u0131 ya\u015fay\u0131n ve kendinizi Akdeniz\u2019in e\u015fsiz atmosferine b\u0131rak\u0131n!<\/p>\n\n\n\n<figure class=\"wp-block-gallery has-nested-images columns-default is-cropped wp-block-gallery-1 is-layout-flex wp-block-gallery-is-layout-flex\">\n<figure class=\"wp-block-image size-large\"><img loading=\"lazy\" decoding=\"async\" width=\"724\" height=\"1024\" data-id=\"516\" src=\"https:\/\/www.enturtravel.com\/wp-content\/uploads\/2024\/09\/52-724x1024.png\" alt=\"\" class=\"wp-image-516\" srcset=\"http:\/\/www.enturtravel.com\/wp-content\/uploads\/2024\/09\/52-724x1024.png 724w, http:\/\/www.enturtravel.com\/wp-content\/uploads\/2024\/09\/52-212x300.png 212w, http:\/\/www.enturtravel.com\/wp-content\/uploads\/2024\/09\/52-768x1086.png 768w, http:\/\/www.enturtravel.com\/wp-content\/uploads\/2024\/09\/52-1086x1536.png 1086w, http:\/\/www.enturtravel.com\/wp-content\/uploads\/2024\/09\/52.png 1414w\" sizes=\"(max-width: 724px) 100vw, 724px\" \/><\/figure>\n<\/figure>\n","protected":false},"excerpt":{"rendered":"<p>Entur olarak, Malta\u2019da d\u00fczenledi\u011fimiz yaz dil okullar\u0131 ile Akdeniz\u2019in kalbinde, g\u00fcne\u015fin ve denizin tad\u0131n\u0131 \u00e7\u0131kar\u0131rken \u0130ngilizce \u00f6\u011frenmeye ne dersiniz? \u0130ngilizce\u2019nin resmi dil oldu\u011fu bu b\u00fcy\u00fcleyici [&#8230;]<\/p>\n","protected":false},"author":1,"featured_media":0,"parent":0,"menu_order":0,"comment_status":"closed","ping_status":"closed","template":"","meta":{"footnotes":""},"class_list":["post-95","page","type-page","status-publish","hentry"],"_links":{"self":[{"href":"http:\/\/www.enturtravel.com\/index.php\/wp-json\/wp\/v2\/pages\/95"}],"collection":[{"href":"http:\/\/www.enturtravel.com\/index.php\/wp-json\/wp\/v2\/pages"}],"about":[{"href":"http:\/\/www.enturtravel.com\/index.php\/wp-json\/wp\/v2\/types\/page"}],"author":[{"embeddable":true,"href":"http:\/\/www.enturtravel.com\/index.php\/wp-json\/wp\/v2\/users\/1"}],"replies":[{"embeddable":true,"href":"http:\/\/www.enturtravel.com\/index.php\/wp-json\/wp\/v2\/comments?post=95"}],"version-history":[{"count":3,"href":"http:\/\/www.enturtravel.com\/index.php\/wp-json\/wp\/v2\/pages\/95\/revisions"}],"predecessor-version":[{"id":517,"href":"http:\/\/www.enturtravel.com\/index.php\/wp-json\/wp\/v2\/pages\/95\/revisions\/517"}],"wp:attachment":[{"href":"http:\/\/www.enturtravel.com\/index.php\/wp-json\/wp\/v2\/media?parent=95"}],"curies":[{"name":"wp","href":"https:\/\/api.w.org\/{rel}","templated":true}]}}