{"id":98,"date":"2024-08-06T19:21:23","date_gmt":"2024-08-06T19:21:23","guid":{"rendered":"https:\/\/www.enturtravel.com\/?page_id=98"},"modified":"2024-08-25T19:48:03","modified_gmt":"2024-08-25T19:48:03","slug":"ankara-turu","status":"publish","type":"page","link":"http:\/\/www.enturtravel.com\/index.php\/ankara-turu\/","title":{"rendered":"Ankara Turu"},"content":{"rendered":"\n<p>Entur ile Ankara: Tarih ve Modernizmin Ba\u015fkentine Yolculuk*<\/p>\n\n\n\n<p>T\u00fcrkiye\u2019nin kalbi Ankara, sadece ba\u015fkent olman\u0131n \u00f6tesinde, tarih ve modernizmin i\u00e7 i\u00e7e ge\u00e7ti\u011fi, zengin k\u00fclt\u00fcrel miras\u0131 ve etkileyici mimarisiyle her gezginin ke\u015ffetmek isteyece\u011fi bir \u015fehir. Entur g\u00fcvencesiyle d\u00fczenledi\u011fimiz bu \u00f6zel turda, Ankara\u2019n\u0131n en \u00f6nemli tarihi ve k\u00fclt\u00fcrel duraklar\u0131n\u0131 ke\u015ffedecek, ba\u015fkentin b\u00fcy\u00fcleyici atmosferini hissedeceksiniz.<\/p>\n\n\n\n<h3 class=\"wp-block-heading\"><em>An\u0131tkabir: Cumhuriyet\u2019in An\u0131tsal Simgesi<\/em><\/h3>\n\n\n\n<p>Turumuza, T\u00fcrkiye Cumhuriyeti&#8217;nin kurucusu Gazi Mustafa Kemal Atat\u00fcrk\u2019\u00fcn ebedi istirahatgah\u0131 An\u0131tkabir ile ba\u015fl\u0131yoruz. Bu muhte\u015fem an\u0131t mezar, hem mimarisi hem de ta\u015f\u0131d\u0131\u011f\u0131 anlamla ziyaret\u00e7ilerini derinden etkiliyor. Atat\u00fcrk\u2019\u00fcn an\u0131s\u0131n\u0131 ya\u015fatan bu kutsal mekan\u0131 ziyaret ederek, Cumhuriyet tarihine dair derin bir yolculu\u011fa \u00e7\u0131kacaks\u0131n\u0131z.<\/p>\n\n\n\n<h3 class=\"wp-block-heading\"><em>Anadolu Medeniyetleri M\u00fczesi: Tarihin \u0130zinde<\/em><\/h3>\n\n\n\n<p>Ankara\u2019n\u0131n zengin arkeolojik miras\u0131n\u0131 ke\u015ffetmek i\u00e7in Anadolu Medeniyetleri M\u00fczesi\u2019ni ziyaret edece\u011fiz. Paleolitik \u00c7a\u011f\u2019dan ba\u015flayarak Hitit, Frig, Urartu ve Roma d\u00f6nemlerine kadar Anadolu\u2019da ya\u015fam\u0131\u015f medeniyetlere ait eserleri inceleyerek, tarihin derinliklerine ineceksiniz. Bu e\u015fsiz m\u00fcze, tarih severler i\u00e7in bir cennet.<\/p>\n\n\n\n<h3 class=\"wp-block-heading\"><em>Kocatepe Camii: Ba\u015fkentin Manevi Simgesi<\/em><\/h3>\n\n\n\n<p>Ankara\u2019n\u0131n en b\u00fcy\u00fck camisi olan Kocatepe Camii, modern mimarisi ve ihti\u015faml\u0131 yap\u0131s\u0131yla ba\u015fkentin simgelerinden biridir. \u0130\u00e7 mekan\u0131ndaki zarif s\u00fcslemeler ve devasa kubbesiyle g\u00f6z kama\u015ft\u0131ran bu camiyi ziyaret ederek, Ankara\u2019n\u0131n manevi atmosferini derinlemesine hissedeceksiniz.<\/p>\n\n\n\n<h3 class=\"wp-block-heading\"><em>\u00c7\u0131kr\u0131k\u00e7\u0131lar Yoku\u015fu ve Hamam\u00f6n\u00fc: Eski Ankara\u2019n\u0131n \u0130zleri<\/em><\/h3>\n\n\n\n<p>Eski Ankara\u2019y\u0131 ke\u015ffetmek i\u00e7in \u00c7\u0131kr\u0131k\u00e7\u0131lar Yoku\u015fu\u2019na ve Hamam\u00f6n\u00fc\u2019ne gidiyoruz. Tarihi evleri, antikac\u0131lar \u00e7ar\u015f\u0131s\u0131 ve geleneksel kafeleriyle bu b\u00f6lgeler, Ankara\u2019n\u0131n ge\u00e7mi\u015fine dair derin izler ta\u015f\u0131r. Burada, \u015fehrin nostaljik atmosferinde bir y\u00fcr\u00fcy\u00fc\u015f yapabilir, Ankara\u2019n\u0131n tarihi dokusunu yak\u0131ndan hissedebilirsiniz.<\/p>\n\n\n\n<p><em>Entur ile Ankara turu, sizi T\u00fcrkiye\u2019nin kalbine, tarihle modernizmin bulu\u015ftu\u011fu bu e\u015fsiz ba\u015fkente g\u00f6t\u00fcrecek. Unutulmaz bir k\u00fclt\u00fcrel yolculu\u011fa \u00e7\u0131kmak ve Ankara\u2019y\u0131 t\u00fcm g\u00fczellikleriyle ke\u015ffetmek i\u00e7in bu \u00f6zel tura kat\u0131l\u0131n<\/em><\/p>\n\n\n\n<figure class=\"wp-block-gallery has-nested-images columns-default is-cropped wp-block-gallery-1 is-layout-flex wp-block-gallery-is-layout-flex\">\n<figure class=\"wp-block-image size-large\"><img loading=\"lazy\" decoding=\"async\" width=\"724\" height=\"1024\" data-id=\"482\" src=\"https:\/\/www.enturtravel.com\/wp-content\/uploads\/2024\/08\/40-724x1024.png\" alt=\"\" class=\"wp-image-482\" srcset=\"http:\/\/www.enturtravel.com\/wp-content\/uploads\/2024\/08\/40-724x1024.png 724w, http:\/\/www.enturtravel.com\/wp-content\/uploads\/2024\/08\/40-212x300.png 212w, http:\/\/www.enturtravel.com\/wp-content\/uploads\/2024\/08\/40-768x1086.png 768w, http:\/\/www.enturtravel.com\/wp-content\/uploads\/2024\/08\/40-1086x1536.png 1086w, http:\/\/www.enturtravel.com\/wp-content\/uploads\/2024\/08\/40.png 1414w\" sizes=\"(max-width: 724px) 100vw, 724px\" \/><\/figure>\n<\/figure>\n\n\n\n<figure class=\"wp-block-gallery has-nested-images columns-default is-cropped wp-block-gallery-2 is-layout-flex wp-block-gallery-is-layout-flex\">\n<figure class=\"wp-block-image size-large\"><img loading=\"lazy\" decoding=\"async\" width=\"724\" height=\"1024\" data-id=\"483\" src=\"https:\/\/www.enturtravel.com\/wp-content\/uploads\/2024\/08\/41-724x1024.png\" alt=\"\" class=\"wp-image-483\" srcset=\"http:\/\/www.enturtravel.com\/wp-content\/uploads\/2024\/08\/41-724x1024.png 724w, http:\/\/www.enturtravel.com\/wp-content\/uploads\/2024\/08\/41-212x300.png 212w, http:\/\/www.enturtravel.com\/wp-content\/uploads\/2024\/08\/41-768x1086.png 768w, http:\/\/www.enturtravel.com\/wp-content\/uploads\/2024\/08\/41-1086x1536.png 1086w, http:\/\/www.enturtravel.com\/wp-content\/uploads\/2024\/08\/41.png 1414w\" sizes=\"(max-width: 724px) 100vw, 724px\" \/><\/figure>\n<\/figure>\n","protected":false},"excerpt":{"rendered":"<p>Entur ile Ankara: Tarih ve Modernizmin Ba\u015fkentine Yolculuk* T\u00fcrkiye\u2019nin kalbi Ankara, sadece ba\u015fkent olman\u0131n \u00f6tesinde, tarih ve modernizmin i\u00e7 i\u00e7e ge\u00e7ti\u011fi, zengin k\u00fclt\u00fcrel miras\u0131 ve [&#8230;]<\/p>\n","protected":false},"author":1,"featured_media":0,"parent":0,"menu_order":0,"comment_status":"closed","ping_status":"closed","template":"","meta":{"footnotes":""},"class_list":["post-98","page","type-page","status-publish","hentry"],"_links":{"self":[{"href":"http:\/\/www.enturtravel.com\/index.php\/wp-json\/wp\/v2\/pages\/98"}],"collection":[{"href":"http:\/\/www.enturtravel.com\/index.php\/wp-json\/wp\/v2\/pages"}],"about":[{"href":"http:\/\/www.enturtravel.com\/index.php\/wp-json\/wp\/v2\/types\/page"}],"author":[{"embeddable":true,"href":"http:\/\/www.enturtravel.com\/index.php\/wp-json\/wp\/v2\/users\/1"}],"replies":[{"embeddable":true,"href":"http:\/\/www.enturtravel.com\/index.php\/wp-json\/wp\/v2\/comments?post=98"}],"version-history":[{"count":2,"href":"http:\/\/www.enturtravel.com\/index.php\/wp-json\/wp\/v2\/pages\/98\/revisions"}],"predecessor-version":[{"id":484,"href":"http:\/\/www.enturtravel.com\/index.php\/wp-json\/wp\/v2\/pages\/98\/revisions\/484"}],"wp:attachment":[{"href":"http:\/\/www.enturtravel.com\/index.php\/wp-json\/wp\/v2\/media?parent=98"}],"curies":[{"name":"wp","href":"https:\/\/api.w.org\/{rel}","templated":true}]}}